{"id":228156,"date":"2025-08-05T00:00:00","date_gmt":"2025-08-04T21:00:00","guid":{"rendered":"https:\/\/prosport.md\/?post_type=product&#038;p=228156"},"modified":"2025-12-09T12:06:46","modified_gmt":"2025-12-09T09:06:46","slug":"slapi-puma-leadcat-2-0-elevate-38569301","status":"publish","type":"product","link":"https:\/\/dev.prosportmagazin.md\/ro\/product\/slapi-puma-leadcat-2-0-elevate-38569301\/","title":{"rendered":"Slapi Puma Leadcat 2.0 Elevate (38569301)"},"content":{"rendered":"<p><\/p>\n<p>\u00cembun\u0103t\u0103\u021be\u0219te-\u021bi aspectul \u0219i ridic\u0103-\u021bi picioarele \u00een sandalele iconice Leadcat de la PUMA, re\u00eemprosp\u0103tate cu un branding actualizat pentru un look elegant de var\u0103 de ast\u0103zi. Brantul turnat este super u\u0219or, dar ofer\u0103 un confort sporit, \u00een timp ce cureaua c\u0103ptu\u0219it\u0103 adaug\u0103 o amortizare suplimentar\u0103 la fiecare pas. Talpa exterioar\u0103 turnat\u0103 durabil\u0103 adaug\u0103 aderen\u021b\u0103 pasului t\u0103u, astfel \u00eenc\u00e2t s\u0103 po\u021bi p\u0103\u0219i la soare cu stilul PUMA casual \u0219i f\u0103r\u0103 griji.<\/p>\n<p>Informa\u021bii despre material<br \/>\nTalp\u0103 intermediar\u0103: 100% sintetic<br \/>\nBran\u021b\u0103: 100% sintetic<br \/>\nTalp\u0103 exterioar\u0103: 100% sintetic<br \/>\nPartea superioar\u0103: 100% sintetic<br \/>\nC\u0103ptu\u0219eal\u0103: 100% textil<\/p>\n<p><\/p>","protected":false},"excerpt":{"rendered":"<p>\u00cembun\u0103t\u0103\u021be\u0219te-\u021bi aspectul \u0219i ridic\u0103-\u021bi picioarele \u00een sandalele iconice Leadcat de la PUMA, re\u00eemprosp\u0103tate cu un branding actualizat pentru un look<\/p>\n","protected":false},"featured_media":228173,"template":"","meta":[],"product_brand":[],"product_cat":[2192,2765,2193,202],"product_tag":[272],"class_list":{"0":"post-228156","1":"product","2":"type-product","3":"status-publish","4":"has-post-thumbnail","6":"product_cat-toate-incaltaminte-barbati","7":"product_cat-toata-incaltamintea-copii","8":"product_cat-toate-incaltaminte-femei","9":"product_cat-slapi","10":"product_tag-272","11":"pa_etichete-2508","12":"pa_etichete-new-collection","14":"first","15":"instock","16":"sale","17":"purchasable","18":"product-type-variable"},"wcpa_form_fields":null,"_links":{"self":[{"href":"https:\/\/dev.prosportmagazin.md\/ro\/wp-json\/wp\/v2\/product\/228156","targetHints":{"allow":["GET"]}}],"collection":[{"href":"https:\/\/dev.prosportmagazin.md\/ro\/wp-json\/wp\/v2\/product"}],"about":[{"href":"https:\/\/dev.prosportmagazin.md\/ro\/wp-json\/wp\/v2\/types\/product"}],"wp:featuredmedia":[{"embeddable":true,"href":"https:\/\/dev.prosportmagazin.md\/ro\/wp-json\/wp\/v2\/media\/228173"}],"wp:attachment":[{"href":"https:\/\/dev.prosportmagazin.md\/ro\/wp-json\/wp\/v2\/media?parent=228156"}],"wp:term":[{"taxonomy":"product_brand","embeddable":true,"href":"https:\/\/dev.prosportmagazin.md\/ro\/wp-json\/wp\/v2\/product_brand?post=228156"},{"taxonomy":"product_cat","embeddable":true,"href":"https:\/\/dev.prosportmagazin.md\/ro\/wp-json\/wp\/v2\/product_cat?post=228156"},{"taxonomy":"product_tag","embeddable":true,"href":"https:\/\/dev.prosportmagazin.md\/ro\/wp-json\/wp\/v2\/product_tag?post=228156"}],"curies":[{"name":"wp","href":"https:\/\/api.w.org\/{rel}","templated":true}]}}