{"id":230308,"date":"2026-02-18T00:00:00","date_gmt":"2026-02-17T22:00:00","guid":{"rendered":"https:\/\/prosport.md\/?post_type=product&#038;p=230308"},"modified":"2026-02-18T17:15:12","modified_gmt":"2026-02-18T15:15:12","slug":"bute-nike-air-zoom-mercurial-vapor-16-elite-fg-fq1457-800-2","status":"publish","type":"product","link":"https:\/\/dev.prosportmagazin.md\/ro\/product\/bute-nike-air-zoom-mercurial-vapor-16-elite-fg-fq1457-800-2\/","title":{"rendered":"Bute Nike Air Zoom Mercurial Vapor 16 Elite FG (FQ1457-800)"},"content":{"rendered":"<p><\/p>\n<p>Obsedat de vitez\u0103? La fel sunt \u0219i cele mai mari vedete ale jocului. De aceea am creat aceste ghete Elite cu o unitate Air Zoom \u00eembun\u0103t\u0103\u021bit\u0103, lungime 3\/4. \u00ce\u021bi ofer\u0103 \u021bie \u0219i celor mai rapizi juc\u0103tori ai acestui sport senza\u021bia de propulsie necesar\u0103 pentru a str\u0103punge linia din spate. Rezultatul este cea mai receptiv\u0103 ghet\u0103 Mercurial pe care am creat-o vreodat\u0103, pentru c\u0103 \u00ee\u021bi ceri m\u0103re\u021bie de la tine \u0219i de la \u00eenc\u0103l\u021b\u0103mintea ta.<\/p>\n<p><\/p>","protected":false},"excerpt":{"rendered":"<p>MODEL PROFESIONAL<\/p>\n","protected":false},"featured_media":282109,"template":"","meta":[],"product_brand":[],"product_cat":[2192,2765,1301],"product_tag":[],"class_list":{"0":"post-230308","1":"product","2":"type-product","3":"status-publish","4":"has-post-thumbnail","6":"product_cat-toate-incaltaminte-barbati","7":"product_cat-toata-incaltamintea-copii","8":"product_cat-bute","9":"pa_etichete-new-collection","10":"pa_suprafata-fg-firm-ground","12":"first","13":"instock","14":"sale","15":"featured","16":"taxable","17":"shipping-taxable","18":"purchasable","19":"product-type-variable"},"wcpa_form_fields":null,"_links":{"self":[{"href":"https:\/\/dev.prosportmagazin.md\/ro\/wp-json\/wp\/v2\/product\/230308","targetHints":{"allow":["GET"]}}],"collection":[{"href":"https:\/\/dev.prosportmagazin.md\/ro\/wp-json\/wp\/v2\/product"}],"about":[{"href":"https:\/\/dev.prosportmagazin.md\/ro\/wp-json\/wp\/v2\/types\/product"}],"wp:featuredmedia":[{"embeddable":true,"href":"https:\/\/dev.prosportmagazin.md\/ro\/wp-json\/wp\/v2\/media\/282109"}],"wp:attachment":[{"href":"https:\/\/dev.prosportmagazin.md\/ro\/wp-json\/wp\/v2\/media?parent=230308"}],"wp:term":[{"taxonomy":"product_brand","embeddable":true,"href":"https:\/\/dev.prosportmagazin.md\/ro\/wp-json\/wp\/v2\/product_brand?post=230308"},{"taxonomy":"product_cat","embeddable":true,"href":"https:\/\/dev.prosportmagazin.md\/ro\/wp-json\/wp\/v2\/product_cat?post=230308"},{"taxonomy":"product_tag","embeddable":true,"href":"https:\/\/dev.prosportmagazin.md\/ro\/wp-json\/wp\/v2\/product_tag?post=230308"}],"curies":[{"name":"wp","href":"https:\/\/api.w.org\/{rel}","templated":true}]}}