{"id":232240,"date":"2025-06-25T11:20:27","date_gmt":"2025-06-25T08:20:27","guid":{"rendered":"https:\/\/prosport.md\/ro\/product\/bute-adidas-predator-accuracy-4-fg-gw4604\/"},"modified":"2025-11-04T09:01:32","modified_gmt":"2025-11-04T06:01:32","slug":"bute-adidas-predator-accuracy-4-fg-gw4604","status":"publish","type":"product","link":"https:\/\/dev.prosportmagazin.md\/ro\/product\/bute-adidas-predator-accuracy-4-fg-gw4604\/","title":{"rendered":"Bute Adidas Predator Accuracy.4 FG\/MG (GW4604)"},"content":{"rendered":"<p><\/p>\n<p>Termin\u0103 fiecare lovitur\u0103 cu ghete confortabile fabricate par\u021bial din materiale reciclate.<\/p>\n<p>Control + precizie = \u00eencredere. C\u00e2nd \u021binte\u0219ti poarta, \u021binte\u0219te perfec\u021biunea cu adidas Predator Accuracy. Create pentru a oferi o potrivire confortabil\u0103, aceste ghete de fotbal au o parte superioar\u0103 sintetic\u0103 moale, cu un finisaj subtil, texturat. Se bazeaz\u0103 pe o talp\u0103 exterioar\u0103 versatil\u0103 care te va pune \u00een control pe teren ferm, dur \u0219i suprafe\u021be cu iarb\u0103 artificial\u0103. Fabricat\u0103 dintr-o serie de materiale reciclate, aceast\u0103 parte superioar\u0103 con\u021bine cel pu\u021bin 50% con\u021binut reciclat. Acest produs reprezint\u0103 doar una dintre solu\u021biile noastre pentru a ajuta la eliminarea de\u0219eurilor de plastic.<\/p>\n<p><\/p>","protected":false},"excerpt":{"rendered":"<p>Termin\u0103 fiecare lovitur\u0103 cu ghete confortabile fabricate par\u021bial din materiale reciclate. Control + precizie = \u00eencredere. C\u00e2nd \u021binte\u0219ti poarta, \u021binte\u0219te<\/p>\n","protected":false},"featured_media":232704,"template":"","meta":[],"product_brand":[],"product_cat":[2192,2765,1301],"product_tag":[],"class_list":{"0":"post-232240","1":"product","2":"type-product","3":"status-publish","4":"has-post-thumbnail","6":"product_cat-toate-incaltaminte-barbati","7":"product_cat-toata-incaltamintea-copii","8":"product_cat-bute","9":"pa_suprafata-ag-artificial-gras","10":"pa_suprafata-fg-firm-ground","11":"pa_suprafata-mg-multiground","13":"first","14":"instock","15":"taxable","16":"shipping-taxable","17":"purchasable","18":"product-type-variable"},"wcpa_form_fields":null,"_links":{"self":[{"href":"https:\/\/dev.prosportmagazin.md\/ro\/wp-json\/wp\/v2\/product\/232240","targetHints":{"allow":["GET"]}}],"collection":[{"href":"https:\/\/dev.prosportmagazin.md\/ro\/wp-json\/wp\/v2\/product"}],"about":[{"href":"https:\/\/dev.prosportmagazin.md\/ro\/wp-json\/wp\/v2\/types\/product"}],"wp:featuredmedia":[{"embeddable":true,"href":"https:\/\/dev.prosportmagazin.md\/ro\/wp-json\/wp\/v2\/media\/232704"}],"wp:attachment":[{"href":"https:\/\/dev.prosportmagazin.md\/ro\/wp-json\/wp\/v2\/media?parent=232240"}],"wp:term":[{"taxonomy":"product_brand","embeddable":true,"href":"https:\/\/dev.prosportmagazin.md\/ro\/wp-json\/wp\/v2\/product_brand?post=232240"},{"taxonomy":"product_cat","embeddable":true,"href":"https:\/\/dev.prosportmagazin.md\/ro\/wp-json\/wp\/v2\/product_cat?post=232240"},{"taxonomy":"product_tag","embeddable":true,"href":"https:\/\/dev.prosportmagazin.md\/ro\/wp-json\/wp\/v2\/product_tag?post=232240"}],"curies":[{"name":"wp","href":"https:\/\/api.w.org\/{rel}","templated":true}]}}