{"id":236764,"date":"2025-07-03T16:40:37","date_gmt":"2025-07-03T13:40:37","guid":{"rendered":"https:\/\/prosport.md\/?post_type=product&#038;p=236764"},"modified":"2025-11-03T03:09:36","modified_gmt":"2025-11-03T00:09:36","slug":"adidasi-nike-speedsweep-vii-gs-366684-001","status":"publish","type":"product","link":"https:\/\/dev.prosportmagazin.md\/ro\/product\/adidasi-nike-speedsweep-vii-gs-366684-001\/","title":{"rendered":"Incaltaminte de Lupte Nike Speedsweep VII GS (366684-001)"},"content":{"rendered":"<p><\/p>\n<p>Pantofii de wrestling Nike Speedsweep VII GS JR sunt concepu\u021bi special pentru tinerii sportivi, oferind suport, confort \u0219i trac\u021biune dinamic\u0103 pe saltea.<\/p>\n<p>AVANTAJE:<\/p>\n<p>Partea superioar\u0103 este confec\u021bionat\u0103 dintr-o combina\u021bie de piele \u00eentoars\u0103 rezistent\u0103 \u0219i plas\u0103 u\u0219oar\u0103, respirabil\u0103, cu g\u0103uri, care ajut\u0103 la men\u021binerea picioarelor r\u0103coroase chiar \u0219i \u00een timpul antrenamentelor \u0219i meciurilor intense.<br \/>\nCureaua reglabil\u0103 din partea superioar\u0103 fixeaz\u0103 piciorul \u00een siguran\u021b\u0103, prevenind alunecarea \u0219i oferind stabilitate \u00een timpul mi\u0219c\u0103rilor bru\u0219te.<br \/>\nBrantul confortabil, fabricat din spum\u0103 EVA u\u0219oar\u0103, creeaz\u0103 un efect de amortizare, reduc\u00e2nd presiunea asupra piciorului \u0219i oferind confort \u00een timpul utiliz\u0103rii pe termen lung.<br \/>\nTalpa din cauciuc natural (gum rubber) acoper\u0103 \u00eentreaga lungime a modelului, oferind o aderen\u021b\u0103 excelent\u0103 pe covor \u0219i stabilitate \u00een orice direc\u021bie: acesta este un element cheie pentru mi\u0219c\u0103ri \u00eencrez\u0103toare \u0219i sigure pe covor.<br \/>\nNike Speedsweep VII este o alegere excelent\u0103 de \u00eenc\u0103l\u021b\u0103minte pentru \u00eencep\u0103tori &#8211; sus\u021binere, amortizare, trac\u021biune \u0219i protec\u021bie, toate \u00eentr-unul &#8211; tot ce au nevoie micii lupt\u0103tori pentru a fi confortabili \u0219i productivi.<br \/>\nAlege\u021bi m\u0103rimea conform instruc\u021biunilor din tabelul de m\u0103rimi. Dac\u0103 nu e\u0219ti sigur, adaug\u0103 mai multe m\u0103rimi \u00een co\u0219 \u0219i pl\u0103te\u0219te pentru cea care \u021bi se potrive\u0219te.<\/p>\n<p><\/p>","protected":false},"excerpt":{"rendered":"<p>Pantofii de wrestling Nike Speedsweep VII GS JR sunt concepu\u021bi special pentru tinerii sportivi, oferind suport, confort \u0219i trac\u021biune dinamic\u0103<\/p>\n","protected":false},"featured_media":236779,"template":"","meta":[],"product_brand":[],"product_cat":[2192,2193,766],"product_tag":[468],"class_list":{"0":"post-236764","1":"product","2":"type-product","3":"status-publish","4":"has-post-thumbnail","6":"product_cat-toate-incaltaminte-barbati","7":"product_cat-toate-incaltaminte-femei","8":"product_cat-box","9":"product_tag-468","10":"pa_etichete-new-collection","12":"first","13":"instock","14":"purchasable","15":"product-type-variable"},"wcpa_form_fields":null,"_links":{"self":[{"href":"https:\/\/dev.prosportmagazin.md\/ro\/wp-json\/wp\/v2\/product\/236764","targetHints":{"allow":["GET"]}}],"collection":[{"href":"https:\/\/dev.prosportmagazin.md\/ro\/wp-json\/wp\/v2\/product"}],"about":[{"href":"https:\/\/dev.prosportmagazin.md\/ro\/wp-json\/wp\/v2\/types\/product"}],"wp:featuredmedia":[{"embeddable":true,"href":"https:\/\/dev.prosportmagazin.md\/ro\/wp-json\/wp\/v2\/media\/236779"}],"wp:attachment":[{"href":"https:\/\/dev.prosportmagazin.md\/ro\/wp-json\/wp\/v2\/media?parent=236764"}],"wp:term":[{"taxonomy":"product_brand","embeddable":true,"href":"https:\/\/dev.prosportmagazin.md\/ro\/wp-json\/wp\/v2\/product_brand?post=236764"},{"taxonomy":"product_cat","embeddable":true,"href":"https:\/\/dev.prosportmagazin.md\/ro\/wp-json\/wp\/v2\/product_cat?post=236764"},{"taxonomy":"product_tag","embeddable":true,"href":"https:\/\/dev.prosportmagazin.md\/ro\/wp-json\/wp\/v2\/product_tag?post=236764"}],"curies":[{"name":"wp","href":"https:\/\/api.w.org\/{rel}","templated":true}]}}