{"id":236835,"date":"2025-07-03T17:29:10","date_gmt":"2025-07-03T14:29:10","guid":{"rendered":"https:\/\/prosport.md\/?post_type=product&#038;p=236835"},"modified":"2025-11-03T03:10:43","modified_gmt":"2025-11-03T00:10:43","slug":"banda-mizuno-wristband-long-2buc-32gy1s55z09n","status":"publish","type":"product","link":"https:\/\/dev.prosportmagazin.md\/ro\/product\/banda-mizuno-wristband-long-2buc-32gy1s55z09n\/","title":{"rendered":"Banda Mizuno Wristband Long (2buc) ( 32GY1S55Z09N)"},"content":{"rendered":"<p><\/p>\n<p>Br\u0103\u021bara lung\u0103 Mizuno este accesoriul perfect pentru sportivii activi, oferind confort \u0219i eficien\u021b\u0103 \u00een timpul antrenamentului. Aceste br\u0103\u021b\u0103ri sunt excelente la eliminarea umezelii, permi\u021b\u00e2ndu-v\u0103 s\u0103 v\u0103 concentra\u021bi asupra jocului. Ajustarea str\u00e2ns\u0103, dar confortabil\u0103, \u00een jurul \u00eencheieturii m\u00e2inii asigur\u0103 o fixare sigur\u0103, f\u0103r\u0103 a crea disconfort. Fabricate dintr-un material moale, care absoarbe transpira\u021bia, acestea elimin\u0103 transpira\u021bia, men\u021bin\u00e2nd m\u00e2inile uscate.<\/p>\n<p>Material: 77% nailon, 23% cauciuc.<br \/>\nDimensiuni: 12 cm x 8 cm.<\/p>\n<p><\/p>","protected":false},"excerpt":{"rendered":"<p>Br\u0103\u021bara lung\u0103 Mizuno este accesoriul perfect pentru sportivii activi, oferind confort \u0219i eficien\u021b\u0103 \u00een timpul antrenamentului. Aceste br\u0103\u021b\u0103ri sunt excelente<\/p>\n","protected":false},"featured_media":236837,"template":"","meta":[],"product_brand":[],"product_cat":[442],"product_tag":[],"class_list":{"0":"post-236835","1":"product","2":"type-product","3":"status-publish","4":"has-post-thumbnail","6":"product_cat-bandaje-bratari","7":"pa_etichete-new-collection","9":"first","10":"instock","11":"purchasable","12":"product-type-variable"},"wcpa_form_fields":null,"_links":{"self":[{"href":"https:\/\/dev.prosportmagazin.md\/ro\/wp-json\/wp\/v2\/product\/236835","targetHints":{"allow":["GET"]}}],"collection":[{"href":"https:\/\/dev.prosportmagazin.md\/ro\/wp-json\/wp\/v2\/product"}],"about":[{"href":"https:\/\/dev.prosportmagazin.md\/ro\/wp-json\/wp\/v2\/types\/product"}],"wp:featuredmedia":[{"embeddable":true,"href":"https:\/\/dev.prosportmagazin.md\/ro\/wp-json\/wp\/v2\/media\/236837"}],"wp:attachment":[{"href":"https:\/\/dev.prosportmagazin.md\/ro\/wp-json\/wp\/v2\/media?parent=236835"}],"wp:term":[{"taxonomy":"product_brand","embeddable":true,"href":"https:\/\/dev.prosportmagazin.md\/ro\/wp-json\/wp\/v2\/product_brand?post=236835"},{"taxonomy":"product_cat","embeddable":true,"href":"https:\/\/dev.prosportmagazin.md\/ro\/wp-json\/wp\/v2\/product_cat?post=236835"},{"taxonomy":"product_tag","embeddable":true,"href":"https:\/\/dev.prosportmagazin.md\/ro\/wp-json\/wp\/v2\/product_tag?post=236835"}],"curies":[{"name":"wp","href":"https:\/\/api.w.org\/{rel}","templated":true}]}}