{"id":251822,"date":"2023-02-02T00:00:00","date_gmt":"2023-02-01T21:00:00","guid":{"rendered":"https:\/\/prosport.md\/?post_type=product&#038;p=251822"},"modified":"2026-02-09T20:12:53","modified_gmt":"2026-02-09T17:12:53","slug":"bute-nike-mercurial-vapor-16-elite-ag-fq8693-700","status":"publish","type":"product","link":"https:\/\/dev.prosportmagazin.md\/ro\/product\/bute-nike-mercurial-vapor-16-elite-ag-fq8693-700\/","title":{"rendered":"Bute Nike Mercurial Vapor 16 Elite AG (FQ8693-700)"},"content":{"rendered":"<p>\n<\/p>\n<p><em><strong>PENTRU A PRIMI OFERTA DETALIATA , CONDITII DE LIVRARE \/ PRETUL ACTUAL (APELATI-NE PE VIBER,WHATSAPP,TELEGRAM 079041166) TERMEN DE LIVRARE 5-15 ZILE (DETALII CONCRETE CE TINE DE PRET SI TERMENUL DE LIVRARE PRIMITI LA CONFIRMAREA COMENZII<br \/>\n[achitare un avans in valoare de 30%]<\/strong><\/em><\/p>\n<p>Vrei \u00een serios viteza ta? Un Pro Boot este pentru cei care doresc s\u0103 \u00eemping\u0103 ritmul pe tot parcursul meciului. De aceea am realizat aceast\u0103 cizm\u0103 cu o unitate Air Zoom \u00eembun\u0103t\u0103\u021bit\u0103. \u00ce\u021bi ofer\u0103 \u021bie \u0219i celor devota\u021bi jocului senza\u021bia de propulsie necesar\u0103 pentru a trece prin linia din spate. Du-\u021bi abilit\u0103\u021bile la nivelul urm\u0103tor cu unele dintre cele mai mari inova\u021bii Nike, cum ar fi Flyknit pe partea superioar\u0103, care face cizma \u0219i mai u\u0219oar\u0103, astfel \u00eenc\u00e2t s\u0103 po\u021bi juca rapid.<\/p>\n<p><\/p>","protected":false},"excerpt":{"rendered":"<p>PENTRU A PRIMI OFERTA DETALIATA , CONDITII DE LIVRARE \/ PRETUL ACTUAL (APELATI-NE PE VIBER,WHATSAPP,TELEGRAM 079041166) TERMEN DE LIVRARE 5-15<\/p>\n","protected":false},"featured_media":316812,"template":"","meta":[],"product_brand":[],"product_cat":[2192,2765,1301],"product_tag":[275],"class_list":{"0":"post-251822","1":"product","2":"type-product","3":"status-publish","4":"has-post-thumbnail","6":"product_cat-toate-incaltaminte-barbati","7":"product_cat-toata-incaltamintea-copii","8":"product_cat-bute","9":"product_tag-40-5","10":"pa_etichete-la-comanda","11":"pa_suprafata-ag-artificial-gras","13":"first","14":"instock","15":"featured","16":"purchasable","17":"product-type-variable"},"wcpa_form_fields":null,"_links":{"self":[{"href":"https:\/\/dev.prosportmagazin.md\/ro\/wp-json\/wp\/v2\/product\/251822","targetHints":{"allow":["GET"]}}],"collection":[{"href":"https:\/\/dev.prosportmagazin.md\/ro\/wp-json\/wp\/v2\/product"}],"about":[{"href":"https:\/\/dev.prosportmagazin.md\/ro\/wp-json\/wp\/v2\/types\/product"}],"wp:featuredmedia":[{"embeddable":true,"href":"https:\/\/dev.prosportmagazin.md\/ro\/wp-json\/wp\/v2\/media\/316812"}],"wp:attachment":[{"href":"https:\/\/dev.prosportmagazin.md\/ro\/wp-json\/wp\/v2\/media?parent=251822"}],"wp:term":[{"taxonomy":"product_brand","embeddable":true,"href":"https:\/\/dev.prosportmagazin.md\/ro\/wp-json\/wp\/v2\/product_brand?post=251822"},{"taxonomy":"product_cat","embeddable":true,"href":"https:\/\/dev.prosportmagazin.md\/ro\/wp-json\/wp\/v2\/product_cat?post=251822"},{"taxonomy":"product_tag","embeddable":true,"href":"https:\/\/dev.prosportmagazin.md\/ro\/wp-json\/wp\/v2\/product_tag?post=251822"}],"curies":[{"name":"wp","href":"https:\/\/api.w.org\/{rel}","templated":true}]}}