{"id":254873,"date":"2025-07-29T00:42:18","date_gmt":"2025-07-28T21:42:18","guid":{"rendered":"https:\/\/prosport.md\/ro\/product\/slapi-jordan-post-slides-dx5575-001\/"},"modified":"2025-10-22T09:14:34","modified_gmt":"2025-10-22T06:14:34","slug":"slapi-jordan-post-slides-dx5575-001","status":"publish","type":"product","link":"https:\/\/dev.prosportmagazin.md\/ro\/product\/slapi-jordan-post-slides-dx5575-001\/","title":{"rendered":"Slapi Jordan Post Slides (DX5575-001)"},"content":{"rendered":"<p><\/p>\n<p>Rapide, confortabile, cool. Aceste sandale sunt fabricate din spum\u0103 robust\u0103 \u0219i flexibil\u0103, care va r\u0103m\u00e2ne fixat\u0103 pe m\u0103sur\u0103 ce urci pa\u0219ii. Acoperirea larg\u0103 a piciorului \u00ee\u021bi men\u021bine picioarele la locul lor, \u00een timp ce designul asimetric \u00ee\u021bi ofer\u0103 un aspect distinct.<\/p>\n<p>Beneficii<br \/>\nPlatforma din spum\u0103 ofer\u0103 o amortizare u\u0219oar\u0103 \u0219i durabil\u0103.<br \/>\nTalpa exterioar\u0103 flexibil\u0103 \u0219i texturat\u0103 \u00ee\u021bi ofer\u0103 o trac\u021biune ampl\u0103 \u00een fiecare zi.<\/p>\n<p><\/p>","protected":false},"excerpt":{"rendered":"<p>Rapide, confortabile, cool. Aceste sandale sunt fabricate din spum\u0103 robust\u0103 \u0219i flexibil\u0103, care va r\u0103m\u00e2ne fixat\u0103 pe m\u0103sur\u0103 ce urci<\/p>\n","protected":false},"featured_media":287658,"template":"","meta":[],"product_brand":[],"product_cat":[2192,2765,2193,202],"product_tag":[],"class_list":{"0":"post-254873","1":"product","2":"type-product","3":"status-publish","4":"has-post-thumbnail","6":"product_cat-toate-incaltaminte-barbati","7":"product_cat-toata-incaltamintea-copii","8":"product_cat-toate-incaltaminte-femei","9":"product_cat-slapi","11":"first","12":"instock","13":"sale","14":"taxable","15":"shipping-taxable","16":"purchasable","17":"product-type-variable"},"wcpa_form_fields":null,"_links":{"self":[{"href":"https:\/\/dev.prosportmagazin.md\/ro\/wp-json\/wp\/v2\/product\/254873","targetHints":{"allow":["GET"]}}],"collection":[{"href":"https:\/\/dev.prosportmagazin.md\/ro\/wp-json\/wp\/v2\/product"}],"about":[{"href":"https:\/\/dev.prosportmagazin.md\/ro\/wp-json\/wp\/v2\/types\/product"}],"wp:featuredmedia":[{"embeddable":true,"href":"https:\/\/dev.prosportmagazin.md\/ro\/wp-json\/wp\/v2\/media\/287658"}],"wp:attachment":[{"href":"https:\/\/dev.prosportmagazin.md\/ro\/wp-json\/wp\/v2\/media?parent=254873"}],"wp:term":[{"taxonomy":"product_brand","embeddable":true,"href":"https:\/\/dev.prosportmagazin.md\/ro\/wp-json\/wp\/v2\/product_brand?post=254873"},{"taxonomy":"product_cat","embeddable":true,"href":"https:\/\/dev.prosportmagazin.md\/ro\/wp-json\/wp\/v2\/product_cat?post=254873"},{"taxonomy":"product_tag","embeddable":true,"href":"https:\/\/dev.prosportmagazin.md\/ro\/wp-json\/wp\/v2\/product_tag?post=254873"}],"curies":[{"name":"wp","href":"https:\/\/api.w.org\/{rel}","templated":true}]}}