{"id":260414,"date":"2025-08-04T12:48:14","date_gmt":"2025-08-04T09:48:14","guid":{"rendered":"https:\/\/prosport.md\/?post_type=product&#038;p=260414"},"modified":"2025-11-21T10:30:11","modified_gmt":"2025-11-21T07:30:11","slug":"bampuri-joma-numero-10-24-tf-n10w2401tf","status":"publish","type":"product","link":"https:\/\/dev.prosportmagazin.md\/ro\/product\/bampuri-joma-numero-10-24-tf-n10w2401tf\/","title":{"rendered":"Bampuri Joma Numero-10 24 TF (N10W2401TF)"},"content":{"rendered":"<p><\/p>\n<p>Miriapode de fotbal pentru gazon artificial (suprafa\u021b\u0103 sintetic\u0103). Conceput pentru tineri sportivi promi\u021b\u0103tori \u00een acest sport vedet\u0103, acest model este destinat fotbalului amator. Ofer\u0103 asisten\u021b\u0103 suplimentar\u0103 juc\u0103torilor cu o tehnic\u0103 bazat\u0103 pe controlul mingii.<\/p>\n<p>Parte superioar\u0103 clasic\u0103 din piele sintetic\u0103 cu tehnologie inovatoare SOCK SYSTEM, care ofer\u0103 o potrivire \u0219i un confort optime. Acest material u\u0219or ofer\u0103 o rezisten\u021b\u0103 excelent\u0103 la abraziune, precum \u0219i perfora\u021bie VTS, care regleaz\u0103 acumularea de transpira\u021bie.<\/p>\n<p>Are un suport posterior EXO COUNTER, care ofer\u0103 stabilitate \u00een zon\u0103 la schimbarea direc\u021biei.<\/p>\n<p>Talpa este fabricat\u0103 din fibr\u0103 sintetic\u0103. Cu o structur\u0103 multi-crampoane care reduce presiunea asupra benzii de rulare, oferind un suport bun.<\/p>\n<p><\/p>","protected":false},"excerpt":{"rendered":"<p>Miriapode de fotbal pentru gazon artificial (suprafa\u021b\u0103 sintetic\u0103). Conceput pentru tineri sportivi promi\u021b\u0103tori \u00een acest sport vedet\u0103, acest model este<\/p>\n","protected":false},"featured_media":260415,"template":"","meta":[],"product_brand":[],"product_cat":[2192,2765,1293],"product_tag":[339],"class_list":{"0":"post-260414","1":"product","2":"type-product","3":"status-publish","4":"has-post-thumbnail","6":"product_cat-toate-incaltaminte-barbati","7":"product_cat-toata-incaltamintea-copii","8":"product_cat-bampuri","9":"product_tag-44-5","10":"pa_etichete-new-collection","11":"pa_suprafata-tf-astro-turf","13":"first","14":"instock","15":"purchasable","16":"product-type-variable"},"wcpa_form_fields":null,"_links":{"self":[{"href":"https:\/\/dev.prosportmagazin.md\/ro\/wp-json\/wp\/v2\/product\/260414","targetHints":{"allow":["GET"]}}],"collection":[{"href":"https:\/\/dev.prosportmagazin.md\/ro\/wp-json\/wp\/v2\/product"}],"about":[{"href":"https:\/\/dev.prosportmagazin.md\/ro\/wp-json\/wp\/v2\/types\/product"}],"wp:featuredmedia":[{"embeddable":true,"href":"https:\/\/dev.prosportmagazin.md\/ro\/wp-json\/wp\/v2\/media\/260415"}],"wp:attachment":[{"href":"https:\/\/dev.prosportmagazin.md\/ro\/wp-json\/wp\/v2\/media?parent=260414"}],"wp:term":[{"taxonomy":"product_brand","embeddable":true,"href":"https:\/\/dev.prosportmagazin.md\/ro\/wp-json\/wp\/v2\/product_brand?post=260414"},{"taxonomy":"product_cat","embeddable":true,"href":"https:\/\/dev.prosportmagazin.md\/ro\/wp-json\/wp\/v2\/product_cat?post=260414"},{"taxonomy":"product_tag","embeddable":true,"href":"https:\/\/dev.prosportmagazin.md\/ro\/wp-json\/wp\/v2\/product_tag?post=260414"}],"curies":[{"name":"wp","href":"https:\/\/api.w.org\/{rel}","templated":true}]}}