{"id":260674,"date":"2025-08-05T00:39:53","date_gmt":"2025-08-04T21:39:53","guid":{"rendered":"https:\/\/prosport.md\/ro\/product\/pantaloni-termo-nevica-meribel-womens-402048\/"},"modified":"2025-11-21T15:17:55","modified_gmt":"2025-11-21T12:17:55","slug":"pantaloni-termo-nevica-meribel-womens-402048","status":"publish","type":"product","link":"https:\/\/dev.prosportmagazin.md\/ro\/product\/pantaloni-termo-nevica-meribel-womens-402048\/","title":{"rendered":"Pantaloni Termo Nevica Meribel Womens (402048)"},"content":{"rendered":"<p><br \/>\nAce\u0219ti colan\u021bi termici Nevica Banff sunt confec\u021biona\u021bi dintr-un amestec de l\u00e2n\u0103 merinos. Acest model are o band\u0103 elastic\u0103 \u00een talie pentru un aspect clasic \u0219i garnituri cu nervuri pentru confort. Prezint\u0103 cus\u0103turi plate pentru a preveni irita\u021biile \u0219i au o construc\u021bie u\u0219oar\u0103. Ace\u0219ti colan\u021bi sunt concepu\u021bi cu un logo caracteristic \u0219i sunt completa\u021bi cu brandingul Nevica.<\/p>\n<p><\/p>","protected":false},"excerpt":{"rendered":"<p>Ace\u0219ti colan\u021bi termici Nevica Banff sunt confec\u021biona\u021bi dintr-un amestec de l\u00e2n\u0103 merinos. Acest model are o band\u0103 elastic\u0103 \u00een talie<\/p>\n","protected":false},"featured_media":277880,"template":"","meta":[],"product_brand":[],"product_cat":[2195,811],"product_tag":[],"class_list":{"0":"post-260674","1":"product","2":"type-product","3":"status-publish","4":"has-post-thumbnail","6":"product_cat-toate-hainele-femei","7":"product_cat-termo-femei","8":"pa_etichete-best-price","9":"pa_etichete-termo","11":"first","12":"instock","13":"sale","14":"taxable","15":"shipping-taxable","16":"purchasable","17":"product-type-variable"},"wcpa_form_fields":null,"_links":{"self":[{"href":"https:\/\/dev.prosportmagazin.md\/ro\/wp-json\/wp\/v2\/product\/260674","targetHints":{"allow":["GET"]}}],"collection":[{"href":"https:\/\/dev.prosportmagazin.md\/ro\/wp-json\/wp\/v2\/product"}],"about":[{"href":"https:\/\/dev.prosportmagazin.md\/ro\/wp-json\/wp\/v2\/types\/product"}],"wp:featuredmedia":[{"embeddable":true,"href":"https:\/\/dev.prosportmagazin.md\/ro\/wp-json\/wp\/v2\/media\/277880"}],"wp:attachment":[{"href":"https:\/\/dev.prosportmagazin.md\/ro\/wp-json\/wp\/v2\/media?parent=260674"}],"wp:term":[{"taxonomy":"product_brand","embeddable":true,"href":"https:\/\/dev.prosportmagazin.md\/ro\/wp-json\/wp\/v2\/product_brand?post=260674"},{"taxonomy":"product_cat","embeddable":true,"href":"https:\/\/dev.prosportmagazin.md\/ro\/wp-json\/wp\/v2\/product_cat?post=260674"},{"taxonomy":"product_tag","embeddable":true,"href":"https:\/\/dev.prosportmagazin.md\/ro\/wp-json\/wp\/v2\/product_tag?post=260674"}],"curies":[{"name":"wp","href":"https:\/\/api.w.org\/{rel}","templated":true}]}}