{"id":261689,"date":"2025-11-07T00:00:00","date_gmt":"2025-11-06T21:00:00","guid":{"rendered":"https:\/\/prosport.md\/?post_type=product&#038;p=261689"},"modified":"2025-12-08T11:43:33","modified_gmt":"2025-12-08T08:43:33","slug":"aparatori-de-fotbal-pro10-cu-husa-pro10-25roz","status":"publish","type":"product","link":"https:\/\/dev.prosportmagazin.md\/ro\/product\/aparatori-de-fotbal-pro10-cu-husa-pro10-25roz\/","title":{"rendered":"Aparatori de Fotbal PRO10 TPU cu Husa *Roz* (PRO10-25ROZ)"},"content":{"rendered":"<p><br \/>\nPreg\u0103te\u0219te-te pentru urm\u0103torul t\u0103u meci cu PRO10 \u0219i noile ap\u0103r\u0103tori de tibie SuperLite Elite. Vor fi perfecte pentru a v\u0103 oferi protec\u021bia de care ave\u021bi nevoie la intrarea pe teren; \u00cen plus, sunt at\u00e2t de u\u0219oare \u00eenc\u00e2t vei uita c\u0103 le por\u021bi.<\/p>\n<p>Tehnologie Ultra-FIT<\/p>\n<p>Este \u00eencorporat \u00een m\u00e2neci: te men\u021bine r\u0103coros \u0219i uscat pentru mai mult timp datorit\u0103 microfibrei de poliester care direc\u021bioneaz\u0103 transpira\u021bia c\u0103tre suprafa\u021ba exterioar\u0103 a materialului pentru a o evapora mai repede.<\/p>\n<p>Detalii:<br \/>\n\u2022 Spum\u0103 perforat\u0103 care amortizeaz\u0103 impacturile \u0219i ofer\u0103 moliciune.<br \/>\n\u2022 M\u00e2neci elastice pentru men\u021binerea protec\u021biilor la locul lor.<br \/>\n\u2022 Certificare NOCSAE.<br \/>\n\u2022 Produs importat.<br \/>\n\u2022 Sp\u0103lare manual\u0103.<\/p>\n<p>\u2022 Compozi\u021bie m\u00e2nec\u0103: 65% poliester \/ 19% cauciuc \/ 16% spandex.<br \/>\n\u2022 Compozi\u021bia husei: 72% r\u0103\u0219in\u0103 K \/ 28% EVA.<\/p>\n<p><\/p>","protected":false},"excerpt":{"rendered":"<p>Preg\u0103te\u0219te-te pentru urm\u0103torul t\u0103u meci cu PRO10 \u0219i noile ap\u0103r\u0103tori de tibie SuperLite Elite. Vor fi perfecte pentru a v\u0103<\/p>\n","protected":false},"featured_media":261797,"template":"","meta":[],"product_brand":[],"product_cat":[1423,1431],"product_tag":[353],"class_list":{"0":"post-261689","1":"product","2":"type-product","3":"status-publish","4":"has-post-thumbnail","6":"product_cat-aparatori","7":"product_cat-fixatoare","8":"product_tag-l","9":"pa_etichete-best-seller","11":"first","12":"instock","13":"sale","14":"featured","15":"purchasable","16":"product-type-variable"},"wcpa_form_fields":null,"_links":{"self":[{"href":"https:\/\/dev.prosportmagazin.md\/ro\/wp-json\/wp\/v2\/product\/261689","targetHints":{"allow":["GET"]}}],"collection":[{"href":"https:\/\/dev.prosportmagazin.md\/ro\/wp-json\/wp\/v2\/product"}],"about":[{"href":"https:\/\/dev.prosportmagazin.md\/ro\/wp-json\/wp\/v2\/types\/product"}],"wp:featuredmedia":[{"embeddable":true,"href":"https:\/\/dev.prosportmagazin.md\/ro\/wp-json\/wp\/v2\/media\/261797"}],"wp:attachment":[{"href":"https:\/\/dev.prosportmagazin.md\/ro\/wp-json\/wp\/v2\/media?parent=261689"}],"wp:term":[{"taxonomy":"product_brand","embeddable":true,"href":"https:\/\/dev.prosportmagazin.md\/ro\/wp-json\/wp\/v2\/product_brand?post=261689"},{"taxonomy":"product_cat","embeddable":true,"href":"https:\/\/dev.prosportmagazin.md\/ro\/wp-json\/wp\/v2\/product_cat?post=261689"},{"taxonomy":"product_tag","embeddable":true,"href":"https:\/\/dev.prosportmagazin.md\/ro\/wp-json\/wp\/v2\/product_tag?post=261689"}],"curies":[{"name":"wp","href":"https:\/\/api.w.org\/{rel}","templated":true}]}}