{"id":270990,"date":"2025-08-27T00:00:00","date_gmt":"2025-08-26T21:00:00","guid":{"rendered":"https:\/\/prosport.md\/?post_type=product&#038;p=270990"},"modified":"2025-10-03T07:35:31","modified_gmt":"2025-10-03T04:35:31","slug":"ghete-vans-knu-school-vn000d6zes2s1","status":"publish","type":"product","link":"https:\/\/dev.prosportmagazin.md\/ro\/product\/ghete-vans-knu-school-vn000d6zes2s1\/","title":{"rendered":"Ghete Vans Knu School (VN000D6ZES2S1)"},"content":{"rendered":"<p><\/p>\n<p>Vans, un brand sportiv de renume mondial, cu un stil distinctiv \u0219i designuri moderne, se num\u0103r\u0103 printre cele mai preferate m\u0103rci. Linia de \u00eenc\u0103l\u021b\u0103minte casual unisex de la Vans dispune de tehnologie de ultim\u0103 genera\u021bie \u0219i materiale durabile \u0219i rezistente la uzur\u0103. Aceste modele unisex Knu Skool sunt disponibile \u00een m\u0103rimi unisex.<\/p>\n<p>Inspirate de Old Skool, un stil pufos din anii &#8217;90, inspirat de trecut \u0219i creat pentru prezent, modelele Vans Knu Skool reflect\u0103 stilul original Old Skool, combin\u00e2nd piese emblematice din trecut cu tendin\u021bele actuale. Oferind confort pe tot parcursul zilei, pantofii unisex Knu Skool ies \u00een eviden\u021b\u0103 prin ad\u0103ugarea logo-ului Vans pe limb\u0103.<\/p>\n<p>Fa\u021b\u0103 superioar\u0103 din piele \u00eentoars\u0103 respirabil\u0103 \u0219i durabil\u0103\u2026<br \/>\nCu designuri care r\u0103m\u00e2n fidele stilului Vans Knu Skool, partea superioar\u0103 din piele \u00eentoars\u0103 durabil\u0103 prezent\u0103 \u00een ace\u0219ti pantofi casual unisex adaug\u0103 o not\u0103 de stil. Pantofii unisex Vans Knu Skool ies \u00een eviden\u021b\u0103 prin detaliile lor Sidestripe\u2122 turnate 3D \u00een relief, cu o fa\u021b\u0103 din piele \u00eentoars\u0103 respirabil\u0103, cu limb\u0103 \u0219i glezn\u0103 ridicate, oferind o potrivire confortabil\u0103.<\/p>\n<p>Talp\u0103 exterioar\u0103 din cauciuc tip waffle\u2026<br \/>\nFabricate cu talpa tip waffle din cauciuc, caracteristic\u0103 Vans, modelele Knu Skool prezint\u0103 o structur\u0103 special\u0103 a t\u0103lpii. Pentru flexibilitate \u0219i sus\u021binere suplimentare, pantofii unisex Knu Skool au o talp\u0103 tip waffle din cauciuc. Talpa din cauciuc cu trac\u021biune ridicat\u0103 ofer\u0103 o aderen\u021b\u0103 complet\u0103, prevenind alunecarea \u0219i facilit\u00e2nd controlul mi\u0219c\u0103rii.<\/p>\n<p>SPECIFICA\u021aII TEHNICE<br \/>\n\u00b7 Construc\u021bie standard turnat\u0103<br \/>\n\u00b7 Parte superioar\u0103 din piele \u00eentoars\u0103 respirabil\u0103<br \/>\n\u00b7 Detaliu Sidestripe\u2122 turnat 3D \u00een relief<br \/>\n\u00b7 \u00cenchidere clasic\u0103 cu \u0219ireturi<br \/>\n\u00b7 Logo-ul m\u0103rcii Vans pe c\u0103lc\u00e2i<br \/>\n\u00b7 Talp\u0103 exterioar\u0103 din cauciuc rezistent\u0103<br \/>\n\u00b7 Bar\u0103 de tragere pe c\u0103lc\u00e2i<br \/>\n\u00b7 Design sportiv \u0219i confortabil.<\/p>\n<p><\/p>","protected":false},"excerpt":{"rendered":"<p>Vans, un brand sportiv de renume mondial, cu un stil distinctiv \u0219i designuri moderne, se num\u0103r\u0103 printre cele mai preferate<\/p>\n","protected":false},"featured_media":271000,"template":"","meta":[],"product_brand":[],"product_cat":[2194,2195,39],"product_tag":[],"class_list":{"0":"post-270990","1":"product","2":"type-product","3":"status-publish","4":"has-post-thumbnail","6":"product_cat-toate-hainele-barbati","7":"product_cat-toate-hainele-femei","8":"product_cat-ghete","10":"first","11":"instock","12":"sale","13":"taxable","14":"shipping-taxable","15":"purchasable","16":"product-type-variable"},"wcpa_form_fields":null,"_links":{"self":[{"href":"https:\/\/dev.prosportmagazin.md\/ro\/wp-json\/wp\/v2\/product\/270990","targetHints":{"allow":["GET"]}}],"collection":[{"href":"https:\/\/dev.prosportmagazin.md\/ro\/wp-json\/wp\/v2\/product"}],"about":[{"href":"https:\/\/dev.prosportmagazin.md\/ro\/wp-json\/wp\/v2\/types\/product"}],"wp:featuredmedia":[{"embeddable":true,"href":"https:\/\/dev.prosportmagazin.md\/ro\/wp-json\/wp\/v2\/media\/271000"}],"wp:attachment":[{"href":"https:\/\/dev.prosportmagazin.md\/ro\/wp-json\/wp\/v2\/media?parent=270990"}],"wp:term":[{"taxonomy":"product_brand","embeddable":true,"href":"https:\/\/dev.prosportmagazin.md\/ro\/wp-json\/wp\/v2\/product_brand?post=270990"},{"taxonomy":"product_cat","embeddable":true,"href":"https:\/\/dev.prosportmagazin.md\/ro\/wp-json\/wp\/v2\/product_cat?post=270990"},{"taxonomy":"product_tag","embeddable":true,"href":"https:\/\/dev.prosportmagazin.md\/ro\/wp-json\/wp\/v2\/product_tag?post=270990"}],"curies":[{"name":"wp","href":"https:\/\/api.w.org\/{rel}","templated":true}]}}