{"id":274948,"date":"2025-09-01T15:31:39","date_gmt":"2025-09-01T12:31:39","guid":{"rendered":"https:\/\/prosport.md\/?post_type=product&#038;p=274948"},"modified":"2026-03-01T09:39:12","modified_gmt":"2026-03-01T07:39:12","slug":"sireturi-crep-protect-pre-treated-round-laces-cp0747","status":"publish","type":"product","link":"https:\/\/dev.prosportmagazin.md\/ro\/product\/sireturi-crep-protect-pre-treated-round-laces-cp0747\/","title":{"rendered":"Sireturi Crep Protect Pre-Treated Round Laces (CP0747)"},"content":{"rendered":"<p><br \/>\nActualizeaz\u0103 aspectul perechii tale de pantofi sport preferate cu \u0219ireturile Crep Protect Round &#8211; \u0219i f\u0103-o pun\u00e2nd accent pe stil, caracter practic \u0219i durabilitate. Aceste \u0219ireturi rotunde negre nu doar ofer\u0103 pantofilor t\u0103i un aspect proasp\u0103t \u0219i bine \u00eentre\u021binut, ci ofer\u0103 \u0219i o prindere sigur\u0103 datorit\u0103 \u021bes\u0103turii lor puternice. \u00cenveli\u0219ul special hidrofug protejeaz\u0103 \u00eempotriva murd\u0103riei \u0219i umezelii, men\u021bin\u00e2ndu-i impecabil de cura\u021bi. Nu trebuie s\u0103-\u021bi faci griji pentru vremea ploioas\u0103 sau pic\u0103turile accidentale de cafea &#8211; \u0219ireturile vor rezista oric\u0103ror provoc\u0103ri de zi cu zi. Iar lungimea de 120 cm le face ideale pentru majoritatea pantofilor sport \u0219i adida\u0219ilor sport, asigur\u00e2nd o potrivire confortabil\u0103 \u0219i un aspect \u00eengrijit.<\/p>\n<p>Ofer\u0103 pantofilor t\u0103i o a doua via\u021b\u0103 \u0219i completeaz\u0103 aspectul cu un accent elegant &#8211; cump\u0103r\u0103 \u0219ireturile Crep Protect Round ast\u0103zi!<\/p>\n<p>Caracteristici:<\/p>\n<p>\u00cenveli\u0219 hidrofug: protec\u021bie maxim\u0103, 10 sp\u0103l\u0103ri<br \/>\nProtejeaz\u0103 \u00eempotriva murd\u0103riei \u0219i lichidelor<br \/>\n\u0218ireturi rotunde<br \/>\nLungime 120 cm<br \/>\nCompozi\u021bie: 100% poliester<br \/>\n\u021aara produc\u0103torului: China<br \/>\n<\/p>","protected":false},"excerpt":{"rendered":"<p>Actualizeaz\u0103 aspectul perechii tale de pantofi sport preferate cu \u0219ireturile Crep Protect Round &#8211; \u0219i f\u0103-o pun\u00e2nd accent pe stil,<\/p>\n","protected":false},"featured_media":274984,"template":"","meta":[],"product_brand":[],"product_cat":[2196,2766,2197,654,1901],"product_tag":[],"class_list":{"0":"post-274948","1":"product","2":"type-product","3":"status-publish","4":"has-post-thumbnail","6":"product_cat-toate-accesoriile-barbati","7":"product_cat-toate-accesoriile-copii","8":"product_cat-toate-accesoriile-femei","9":"product_cat-ingrijirea-incaltamintei","10":"product_cat-sireturi","11":"pa_etichete-best-seller","13":"first","14":"instock","15":"purchasable","16":"product-type-variable"},"wcpa_form_fields":null,"_links":{"self":[{"href":"https:\/\/dev.prosportmagazin.md\/ro\/wp-json\/wp\/v2\/product\/274948","targetHints":{"allow":["GET"]}}],"collection":[{"href":"https:\/\/dev.prosportmagazin.md\/ro\/wp-json\/wp\/v2\/product"}],"about":[{"href":"https:\/\/dev.prosportmagazin.md\/ro\/wp-json\/wp\/v2\/types\/product"}],"wp:featuredmedia":[{"embeddable":true,"href":"https:\/\/dev.prosportmagazin.md\/ro\/wp-json\/wp\/v2\/media\/274984"}],"wp:attachment":[{"href":"https:\/\/dev.prosportmagazin.md\/ro\/wp-json\/wp\/v2\/media?parent=274948"}],"wp:term":[{"taxonomy":"product_brand","embeddable":true,"href":"https:\/\/dev.prosportmagazin.md\/ro\/wp-json\/wp\/v2\/product_brand?post=274948"},{"taxonomy":"product_cat","embeddable":true,"href":"https:\/\/dev.prosportmagazin.md\/ro\/wp-json\/wp\/v2\/product_cat?post=274948"},{"taxonomy":"product_tag","embeddable":true,"href":"https:\/\/dev.prosportmagazin.md\/ro\/wp-json\/wp\/v2\/product_tag?post=274948"}],"curies":[{"name":"wp","href":"https:\/\/api.w.org\/{rel}","templated":true}]}}