{"id":275793,"date":"2025-09-03T18:11:28","date_gmt":"2025-09-03T15:11:28","guid":{"rendered":"https:\/\/prosport.md\/?post_type=product&#038;p=275793"},"modified":"2025-12-09T12:01:37","modified_gmt":"2025-12-09T09:01:37","slug":"benzi-nike-2-0-pentru-cap-1set-3buc-n-100-4529-083","status":"publish","type":"product","link":"https:\/\/dev.prosportmagazin.md\/ro\/product\/benzi-nike-2-0-pentru-cap-1set-3buc-n-100-4529-083\/","title":{"rendered":"Benzi Nike 2.0 pentru cap (1set.3buc) (N.100.4529.083)"},"content":{"rendered":"<p><\/p>\n<p>Concentreaz\u0103-te pe antrenament cu benti\u021bele elastice Nike 2.0. Fabricate dintr-un material sub\u021bire \u0219i elastic, acestea r\u0103m\u00e2n la locul lor indiferent c\u00e2t de mult te for\u021bezi. Pachetul include trei benti\u021be \u00een trei culori diferite.<\/p>\n<p>\u2022 Trei benti\u021be per pachet<br \/>\n\u2022 Suprafa\u021b\u0103 din silicon antiderapant<br \/>\n\u2022 60% poliester \/ 30% cauciuc \/ 10% silicon<br \/>\n<\/p>","protected":false},"excerpt":{"rendered":"<p>Concentreaz\u0103-te pe antrenament cu benti\u021bele elastice Nike 2.0. Fabricate dintr-un material sub\u021bire \u0219i elastic, acestea r\u0103m\u00e2n la locul lor indiferent<\/p>\n","protected":false},"featured_media":275797,"template":"","meta":[],"product_brand":[],"product_cat":[442],"product_tag":[],"class_list":{"0":"post-275793","1":"product","2":"type-product","3":"status-publish","4":"has-post-thumbnail","6":"product_cat-bandaje-bratari","8":"first","9":"instock","10":"taxable","11":"shipping-taxable","12":"purchasable","13":"product-type-variable"},"wcpa_form_fields":null,"_links":{"self":[{"href":"https:\/\/dev.prosportmagazin.md\/ro\/wp-json\/wp\/v2\/product\/275793","targetHints":{"allow":["GET"]}}],"collection":[{"href":"https:\/\/dev.prosportmagazin.md\/ro\/wp-json\/wp\/v2\/product"}],"about":[{"href":"https:\/\/dev.prosportmagazin.md\/ro\/wp-json\/wp\/v2\/types\/product"}],"wp:featuredmedia":[{"embeddable":true,"href":"https:\/\/dev.prosportmagazin.md\/ro\/wp-json\/wp\/v2\/media\/275797"}],"wp:attachment":[{"href":"https:\/\/dev.prosportmagazin.md\/ro\/wp-json\/wp\/v2\/media?parent=275793"}],"wp:term":[{"taxonomy":"product_brand","embeddable":true,"href":"https:\/\/dev.prosportmagazin.md\/ro\/wp-json\/wp\/v2\/product_brand?post=275793"},{"taxonomy":"product_cat","embeddable":true,"href":"https:\/\/dev.prosportmagazin.md\/ro\/wp-json\/wp\/v2\/product_cat?post=275793"},{"taxonomy":"product_tag","embeddable":true,"href":"https:\/\/dev.prosportmagazin.md\/ro\/wp-json\/wp\/v2\/product_tag?post=275793"}],"curies":[{"name":"wp","href":"https:\/\/api.w.org\/{rel}","templated":true}]}}