{"id":278797,"date":"2025-09-17T20:10:20","date_gmt":"2025-09-17T17:10:20","guid":{"rendered":"https:\/\/prosport.md\/?post_type=product&#038;p=278797"},"modified":"2026-02-04T17:57:35","modified_gmt":"2026-02-04T14:57:35","slug":"testogen-supliment-sportiv-798899","status":"publish","type":"product","link":"https:\/\/dev.prosportmagazin.md\/ro\/product\/testogen-supliment-sportiv-798899\/","title":{"rendered":"Testogen EthicSport Supliment Alimentar (120caps) (ES798899)"},"content":{"rendered":"<p><\/p>\n<p>Testogen &#8211; Stimulare, Rezisten\u021b\u0103 \u0219i Suport Hormonal<br \/>\nTestogen este un supliment alimentar care combin\u0103 policosanoli, zinc, vitaminele C \u0219i B6 cu Tribulus terrestris pentru stimulare natural\u0103 \u0219i rezisten\u021b\u0103 crescut\u0103. Compozi\u021bia sa sus\u021bine produc\u021bia normal\u0103 de testosteron, ajut\u0103 la reducerea oboselii \u0219i \u00eembun\u0103t\u0103\u021be\u0219te protec\u021bia antioxidant\u0103 a celulelor. ViNitrox ofer\u0103 antioxidan\u021bi suplimentari pentru circula\u021bie optim\u0103 \u0219i eficien\u021b\u0103 energetic\u0103.<\/p>\n<p>Propriet\u0103\u021bi:<br \/>\n\u00cembun\u0103t\u0103\u021be\u0219te rezisten\u021ba \u0219i spore\u0219te stimularea fizic\u0103 \u0219i mental\u0103<br \/>\nSus\u021bine produc\u021bia normal\u0103 de testosteron prin ac\u021biunea zincului.<br \/>\nReduce oboseala \u0219i extenuarea cu vitaminele B6 \u0219i magneziu.<br \/>\nProtejeaz\u0103 celulele de stresul oxidativ datorit\u0103 vitaminei C \u0219i polifenolilor.<br \/>\n\u00cembun\u0103t\u0103\u021be\u0219te utilizarea oxigenului \u0219i circula\u021bia prin ViNitrox.<br \/>\nCaracteristici<\/p>\n<p>Con\u021bine Tribulus terrestris (60%) pentru ac\u021biune tonic\u0103<br \/>\nBogat \u00een zinc, vitamina C, magneziu \u0219i vitamina B6<br \/>\n\u00cembog\u0103\u021bit cu ViNitrox, o surs\u0103 concentrat\u0103 de polifenoli din struguri \u0219i mere<br \/>\nPotrivit pentru persoanele cu intoleran\u021b\u0103 la gluten<br \/>\nDoz\u0103 recomandat\u0103: 4 capsule pe zi cu ap\u0103<br \/>\nSuplimentele alimentare nu sunt utilizate ca \u00eenlocuitor pentru o diet\u0103 echilibrat\u0103 \u0219i nu sunt destinate prevenirii sau trat\u0103rii bolilor. Este important s\u0103 consulta\u021bi medicul dac\u0103 sunte\u021bi gravid\u0103, al\u0103pta\u021bi, lua\u021bi medicamente sau ave\u021bi probleme de s\u0103n\u0103tate. Exist\u0103 \u00eentotdeauna posibilitatea s\u0103 apar\u0103 interac\u021biuni \u0219i efecte secundare, altele dec\u00e2t cele enumerate. Sfatul medicului dumneavoastr\u0103 are prioritate fa\u021b\u0103 de informa\u021biile furnizate pe site.<\/p>\n<p><\/p>","protected":false},"excerpt":{"rendered":"<p>Testogen &#8211; Stimulare, Rezisten\u021b\u0103 \u0219i Suport Hormonal Testogen este un supliment alimentar care combin\u0103 policosanoli, zinc, vitaminele C \u0219i B6<\/p>\n","protected":false},"featured_media":291710,"template":"","meta":[],"product_brand":[],"product_cat":[900,1821],"product_tag":[],"class_list":{"0":"post-278797","1":"product","2":"type-product","3":"status-publish","4":"has-post-thumbnail","6":"product_cat-suplimente-altele","7":"product_cat-toate-suplimente","9":"first","10":"instock","11":"purchasable","12":"product-type-variable"},"wcpa_form_fields":null,"_links":{"self":[{"href":"https:\/\/dev.prosportmagazin.md\/ro\/wp-json\/wp\/v2\/product\/278797","targetHints":{"allow":["GET"]}}],"collection":[{"href":"https:\/\/dev.prosportmagazin.md\/ro\/wp-json\/wp\/v2\/product"}],"about":[{"href":"https:\/\/dev.prosportmagazin.md\/ro\/wp-json\/wp\/v2\/types\/product"}],"wp:featuredmedia":[{"embeddable":true,"href":"https:\/\/dev.prosportmagazin.md\/ro\/wp-json\/wp\/v2\/media\/291710"}],"wp:attachment":[{"href":"https:\/\/dev.prosportmagazin.md\/ro\/wp-json\/wp\/v2\/media?parent=278797"}],"wp:term":[{"taxonomy":"product_brand","embeddable":true,"href":"https:\/\/dev.prosportmagazin.md\/ro\/wp-json\/wp\/v2\/product_brand?post=278797"},{"taxonomy":"product_cat","embeddable":true,"href":"https:\/\/dev.prosportmagazin.md\/ro\/wp-json\/wp\/v2\/product_cat?post=278797"},{"taxonomy":"product_tag","embeddable":true,"href":"https:\/\/dev.prosportmagazin.md\/ro\/wp-json\/wp\/v2\/product_tag?post=278797"}],"curies":[{"name":"wp","href":"https:\/\/api.w.org\/{rel}","templated":true}]}}