{"id":279309,"date":"2026-03-03T00:00:00","date_gmt":"2026-03-02T22:00:00","guid":{"rendered":"https:\/\/prosport.md\/?post_type=product&#038;p=279309"},"modified":"2026-03-03T13:06:33","modified_gmt":"2026-03-03T11:06:33","slug":"ghete-air-jordan-1-low-se-craft-fd8635-001","status":"publish","type":"product","link":"https:\/\/dev.prosportmagazin.md\/ro\/product\/ghete-air-jordan-1-low-se-craft-fd8635-001\/","title":{"rendered":"Ghete Air Jordan 1 Low SE Craft (FD8635-001)"},"content":{"rendered":"<p><br \/>\n\u00centunecat, furtunos \u0219i plin de stil. Acest model AJ1 combin\u0103 pielea, pielea \u00eentoars\u0103 \u0219i materialele textile \u00een partea superioar\u0103 pentru un aspect tonal cu mult\u0103 profunzime.<\/p>\n<p>Jordan 1 Low SE Craft Dark Smoke Gray Varsity Red este o edi\u021bie special\u0103 de adida\u0219i cu talp\u0103 joas\u0103 care prezint\u0103 silueta Air Jordan 1 \u00eembun\u0103t\u0103\u021bit\u0103 cu piele de c\u0103prioar\u0103 moale \u0219i piele.<\/p>\n<p>Suprapunerile din piele de c\u0103prioar\u0103 traverseaz\u0103 partea superioar\u0103 predominant din piele, \u00een timp ce limba este realizat\u0103 dintr-un material textil care adaug\u0103 un luciu moale. \u00centreaga parte superioar\u0103 este finisat\u0103 \u00eentr-o culoare gri fumuriu \u00eenchis. Cu toate acestea, dou\u0103 perechi de linii cusute traverseaz\u0103 degetul rotund \u0219i sunt realizate \u00eentr-o culoare ro\u0219ie. \u00cen plus, c\u0103lc\u00e2iul prezint\u0103 logo-ul Air Jordan sub forma unor aripi din piele \u00eentoars\u0103 conturate de dou\u0103 perechi de linii cusute \u00een Varsity Red. Alte detalii de branding includ un logo Swoosh din piele de c\u0103prioar\u0103 pe panourile laterale \u0219i un logo Jumpman brodat pe limb\u0103 \u00een culoarea Dark Smoke Gray. 1 Jordan Low SE Craft Dark Smoke Gray Varsity Red este o edi\u021bie special\u0103 low-top trainer care prezint\u0103 silueta Air Jordan 1 \u00eembun\u0103t\u0103\u021bit\u0103 cu piele de c\u0103prioar\u0103 moale \u0219i piele.<\/p>\n<p>Suprapunerile din piele de c\u0103prioar\u0103 traverseaz\u0103 partea superioar\u0103 predominant din piele, \u00een timp ce limba este realizat\u0103 dintr-un material textil care adaug\u0103 un luciu moale. \u00centreaga parte superioar\u0103 este finisat\u0103 \u00eentr-o culoare gri fumuriu \u00eenchis. Cu toate acestea, dou\u0103 perechi de linii cusute traverseaz\u0103 degetul rotund \u0219i sunt realizate \u00eentr-o culoare ro\u0219ie. \u00cen plus, c\u0103lc\u00e2iul prezint\u0103 logo-ul Air Jordan sub forma unor aripi din piele \u00eentoars\u0103 conturate de dou\u0103 perechi de linii cusute \u00een Varsity Red. Alte detalii de branding includ un logo Swoosh din piele \u00eentoars\u0103 pe panourile laterale \u0219i un logo Jumpman brodat pe limb\u0103 \u00een culoarea Dark Smoke Gray.<br \/>\n<\/p>","protected":false},"excerpt":{"rendered":"<p>\u00centunecat, furtunos \u0219i plin de stil. Acest model AJ1 combin\u0103 pielea, pielea \u00eentoars\u0103 \u0219i materialele textile \u00een partea superioar\u0103 pentru<\/p>\n","protected":false},"featured_media":281946,"template":"","meta":[],"product_brand":[],"product_cat":[2192,2765,2193,39],"product_tag":[270],"class_list":{"0":"post-279309","1":"product","2":"type-product","3":"status-publish","4":"has-post-thumbnail","6":"product_cat-toate-incaltaminte-barbati","7":"product_cat-toata-incaltamintea-copii","8":"product_cat-toate-incaltaminte-femei","9":"product_cat-ghete","10":"product_tag-270","11":"pa_etichete-new-collection","13":"first","14":"instock","15":"featured","16":"purchasable","17":"product-type-variable"},"wcpa_form_fields":null,"_links":{"self":[{"href":"https:\/\/dev.prosportmagazin.md\/ro\/wp-json\/wp\/v2\/product\/279309","targetHints":{"allow":["GET"]}}],"collection":[{"href":"https:\/\/dev.prosportmagazin.md\/ro\/wp-json\/wp\/v2\/product"}],"about":[{"href":"https:\/\/dev.prosportmagazin.md\/ro\/wp-json\/wp\/v2\/types\/product"}],"wp:featuredmedia":[{"embeddable":true,"href":"https:\/\/dev.prosportmagazin.md\/ro\/wp-json\/wp\/v2\/media\/281946"}],"wp:attachment":[{"href":"https:\/\/dev.prosportmagazin.md\/ro\/wp-json\/wp\/v2\/media?parent=279309"}],"wp:term":[{"taxonomy":"product_brand","embeddable":true,"href":"https:\/\/dev.prosportmagazin.md\/ro\/wp-json\/wp\/v2\/product_brand?post=279309"},{"taxonomy":"product_cat","embeddable":true,"href":"https:\/\/dev.prosportmagazin.md\/ro\/wp-json\/wp\/v2\/product_cat?post=279309"},{"taxonomy":"product_tag","embeddable":true,"href":"https:\/\/dev.prosportmagazin.md\/ro\/wp-json\/wp\/v2\/product_tag?post=279309"}],"curies":[{"name":"wp","href":"https:\/\/api.w.org\/{rel}","templated":true}]}}