{"id":279397,"date":"2026-02-22T00:00:00","date_gmt":"2026-02-21T22:00:00","guid":{"rendered":"https:\/\/prosport.md\/?post_type=product&#038;p=279397"},"modified":"2026-02-22T15:19:27","modified_gmt":"2026-02-22T13:19:27","slug":"adidasi-nike-air-max-plus-dm0032-021","status":"publish","type":"product","link":"https:\/\/dev.prosportmagazin.md\/ro\/product\/adidasi-nike-air-max-plus-dm0032-021\/","title":{"rendered":"Adidasi Nike Air Max Plus (DM0032-021)"},"content":{"rendered":"<p><br \/>\nNike Air Max Plus sunt adida\u0219i care vor ad\u0103uga personalitate oric\u0103rei \u021binute. Forma lor iconic\u0103 de flac\u0103r\u0103 cu un finisaj lucios confer\u0103 designului un aspect dinamic, \u00een timp ce partea superioar\u0103 u\u0219oar\u0103 din plas\u0103 gradient permite piciorului t\u0103u s\u0103 respire pe tot parcursul zilei.<br \/>\nSistemul avansat de amortizare Tuned Air distribuie cu precizie greutatea \u0219i ofer\u0103 o amortizare incredibil\u0103, ideal\u0103 pentru zilele active. Elementele Air Max vizibile creeaz\u0103 o senza\u021bie de elasticitate la fiecare pas, \u00een timp ce talpa intermediar\u0103 din spum\u0103 amortizat\u0103 atenueaz\u0103 impactul \u0219i ofer\u0103 o c\u0103l\u0103torie lin\u0103 pe tot parcursul zilei.<br \/>\nO talp\u0103 durabil\u0103 din cauciuc cu profil ad\u00e2nc asigur\u0103 trac\u021biune pe orice suprafa\u021b\u0103, \u00een timp ce c\u0103ptu\u0219eala din plas\u0103 asigur\u0103 o ventila\u021bie constant\u0103 pentru un confort optim. \u00cent\u0103ririle sintetice din zona v\u00e2rfului \u0219i a c\u0103lc\u00e2iului adaug\u0103 durabilitate, preg\u0103tind modelul pentru uzura zilnic\u0103, \u00een timp ce elementele reflectorizante asigur\u0103 siguran\u021ba \u0219i vizibilitatea pe timp de noapte.<br \/>\nAceast\u0103 pereche este conceput\u0103 pentru cei care nu se tem s\u0103 ias\u0103 \u00een eviden\u021b\u0103 \u0219i apreciaz\u0103 mo\u0219tenirea legendar\u0103 Nike. Adaug\u0103 Air Max Plus \u00een garderoba ta \u0219i experimenteaz\u0103 cum este s\u0103 fii mereu cu un pas \u00eenainte \u00een stil \u0219i confort!<\/p>\n<p><\/p>","protected":false},"excerpt":{"rendered":"<p>Nike Air Max Plus sunt adida\u0219i care vor ad\u0103uga personalitate oric\u0103rei \u021binute. Forma lor iconic\u0103 de flac\u0103r\u0103 cu un finisaj<\/p>\n","protected":false},"featured_media":282083,"template":"","meta":[],"product_brand":[],"product_cat":[2192,2765,2193,38,528],"product_tag":[],"class_list":{"0":"post-279397","1":"product","2":"type-product","3":"status-publish","4":"has-post-thumbnail","6":"product_cat-toate-incaltaminte-barbati","7":"product_cat-toata-incaltamintea-copii","8":"product_cat-toate-incaltaminte-femei","9":"product_cat-adidasi","10":"product_cat-precomanda","11":"pa_etichete-la-comanda","13":"first","14":"instock","15":"sale","16":"taxable","17":"shipping-taxable","18":"purchasable","19":"product-type-variable"},"wcpa_form_fields":null,"_links":{"self":[{"href":"https:\/\/dev.prosportmagazin.md\/ro\/wp-json\/wp\/v2\/product\/279397","targetHints":{"allow":["GET"]}}],"collection":[{"href":"https:\/\/dev.prosportmagazin.md\/ro\/wp-json\/wp\/v2\/product"}],"about":[{"href":"https:\/\/dev.prosportmagazin.md\/ro\/wp-json\/wp\/v2\/types\/product"}],"wp:featuredmedia":[{"embeddable":true,"href":"https:\/\/dev.prosportmagazin.md\/ro\/wp-json\/wp\/v2\/media\/282083"}],"wp:attachment":[{"href":"https:\/\/dev.prosportmagazin.md\/ro\/wp-json\/wp\/v2\/media?parent=279397"}],"wp:term":[{"taxonomy":"product_brand","embeddable":true,"href":"https:\/\/dev.prosportmagazin.md\/ro\/wp-json\/wp\/v2\/product_brand?post=279397"},{"taxonomy":"product_cat","embeddable":true,"href":"https:\/\/dev.prosportmagazin.md\/ro\/wp-json\/wp\/v2\/product_cat?post=279397"},{"taxonomy":"product_tag","embeddable":true,"href":"https:\/\/dev.prosportmagazin.md\/ro\/wp-json\/wp\/v2\/product_tag?post=279397"}],"curies":[{"name":"wp","href":"https:\/\/api.w.org\/{rel}","templated":true}]}}