{"id":282434,"date":"2025-10-01T11:18:34","date_gmt":"2025-10-01T08:18:34","guid":{"rendered":"https:\/\/prosport.md\/?post_type=product&#038;p=282434"},"modified":"2025-10-07T04:06:11","modified_gmt":"2025-10-07T01:06:11","slug":"adidasi-air-jordan-luka-77-back-to-school-hf0806-100","status":"publish","type":"product","link":"https:\/\/dev.prosportmagazin.md\/ro\/product\/adidasi-air-jordan-luka-77-back-to-school-hf0806-100\/","title":{"rendered":"Adidasi Air Jordan Luka 77 *Back to School* (HF0806-100)"},"content":{"rendered":"<p><\/p>\n<p>Concepu\u021bi s\u0103 fie la fel de rezisten\u021bi ca jocul lui Luka, pantofii Luka .77 sunt construi\u021bi pentru a te ajuta s\u0103 domini pe terenurile accidentate din exterior. Plasa rezistent\u0103 la abraziune \u0219i talpa exterioar\u0103 din cauciuc durabil rezist\u0103 la beton \u0219i asfalt. Amortizarea Snappy Air Zoom \u0219i spuma cu densitate dubl\u0103 receptiv\u0103 te ajut\u0103 s\u0103 te men\u021bii confortabil, astfel \u00eenc\u00e2t s\u0103 fii preg\u0103tit oriunde te duce jocul.<\/p>\n<p>Orice teren. Oric\u00e2nd.<\/p>\n<p>Baschetul nu se joac\u0103 doar pe terenuri de lemn masiv impecabil. Plasa rezistent\u0103 la abraziune din partea superioar\u0103 func\u021bioneaz\u0103 \u00eempreun\u0103 cu o talp\u0103 exterioar\u0103 din cauciuc pe toat\u0103 lungimea pentru a-\u021bi oferi durabilitatea de care ai nevoie pentru a juca pe suprafe\u021be accidentate din exterior.<\/p>\n<p>Confort pe care \u00eel po\u021bi lua oriunde<\/p>\n<p>Spuma cu densitate dubl\u0103 din talpa intermediar\u0103 plaseaz\u0103 un strat de spum\u0103 moale \u0219i receptiv\u0103 peste un strat exterior mai ferm de spum\u0103. Func\u021bioneaz\u0103 cu decupaje strategice \u00een c\u0103lc\u00e2i pentru a-\u021bi oferi o amortizare elastic\u0103 \u0219i de sus\u021binere pentru o alergare confortabil\u0103 \u0219i ateriz\u0103ri moi.<\/p>\n<p>Prospe\u021bime pentru toate cele patru sferturi<\/p>\n<p>Plasa rezistent\u0103 la abraziune nu se rezum\u0103 doar la durabilitate. De asemenea, ofer\u0103 ventila\u021bie, ajut\u00e2nd la men\u021binerea picioarelor proaspete at\u00e2t timp c\u00e2t te afli pe teren.<\/p>\n<p><\/p>","protected":false},"excerpt":{"rendered":"<p>Concepu\u021bi s\u0103 fie la fel de rezisten\u021bi ca jocul lui Luka, pantofii Luka .77 sunt construi\u021bi pentru a te ajuta<\/p>\n","protected":false},"featured_media":282436,"template":"","meta":[],"product_brand":[],"product_cat":[2192,2765,2193,38],"product_tag":[],"class_list":{"0":"post-282434","1":"product","2":"type-product","3":"status-publish","4":"has-post-thumbnail","6":"product_cat-toate-incaltaminte-barbati","7":"product_cat-toata-incaltamintea-copii","8":"product_cat-toate-incaltaminte-femei","9":"product_cat-adidasi","11":"first","12":"instock","13":"sale","14":"taxable","15":"shipping-taxable","16":"purchasable","17":"product-type-variable"},"wcpa_form_fields":null,"_links":{"self":[{"href":"https:\/\/dev.prosportmagazin.md\/ro\/wp-json\/wp\/v2\/product\/282434","targetHints":{"allow":["GET"]}}],"collection":[{"href":"https:\/\/dev.prosportmagazin.md\/ro\/wp-json\/wp\/v2\/product"}],"about":[{"href":"https:\/\/dev.prosportmagazin.md\/ro\/wp-json\/wp\/v2\/types\/product"}],"wp:featuredmedia":[{"embeddable":true,"href":"https:\/\/dev.prosportmagazin.md\/ro\/wp-json\/wp\/v2\/media\/282436"}],"wp:attachment":[{"href":"https:\/\/dev.prosportmagazin.md\/ro\/wp-json\/wp\/v2\/media?parent=282434"}],"wp:term":[{"taxonomy":"product_brand","embeddable":true,"href":"https:\/\/dev.prosportmagazin.md\/ro\/wp-json\/wp\/v2\/product_brand?post=282434"},{"taxonomy":"product_cat","embeddable":true,"href":"https:\/\/dev.prosportmagazin.md\/ro\/wp-json\/wp\/v2\/product_cat?post=282434"},{"taxonomy":"product_tag","embeddable":true,"href":"https:\/\/dev.prosportmagazin.md\/ro\/wp-json\/wp\/v2\/product_tag?post=282434"}],"curies":[{"name":"wp","href":"https:\/\/api.w.org\/{rel}","templated":true}]}}