{"id":282821,"date":"2025-10-02T13:10:08","date_gmt":"2025-10-02T10:10:08","guid":{"rendered":"https:\/\/prosport.md\/?post_type=product&#038;p=282821"},"modified":"2025-11-03T06:43:23","modified_gmt":"2025-11-03T03:43:23","slug":"jambieri-joma-fara-talpa-slv-401533-331","status":"publish","type":"product","link":"https:\/\/dev.prosportmagazin.md\/ro\/product\/jambieri-joma-fara-talpa-slv-401533-331\/","title":{"rendered":"Jambieri Joma Fara Talpa SLV (401533.331)"},"content":{"rendered":"<p><br \/>\n\u0218osete p\u00e2n\u0103 la genunchi caracterizate prin designul lor f\u0103r\u0103 picior, includ o band\u0103 elastic\u0103 pentru o aderen\u021b\u0103 mai bun\u0103. Fixare optim\u0103.<\/p>\n<p>Detalii:<\/p>\n<p>Compozi\u021bie:<br \/>\nMaterial: 90% Poliamid\u0103; 10% Elastan<\/p>\n<p>Logo:<br \/>\nJoma Jacquard<\/p>\n<p>Caracteristici:<br \/>\nBand\u0103 elastic\u0103 pentru o aderen\u021b\u0103 mai bun\u0103<\/p>\n<p><\/p>","protected":false},"excerpt":{"rendered":"<p>\u0218osete p\u00e2n\u0103 la genunchi caracterizate prin designul lor f\u0103r\u0103 picior, includ o band\u0103 elastic\u0103 pentru o aderen\u021b\u0103 mai bun\u0103. Fixare<\/p>\n","protected":false},"featured_media":282824,"template":"","meta":[],"product_brand":[],"product_cat":[371],"product_tag":[353],"class_list":{"0":"post-282821","1":"product","2":"type-product","3":"status-publish","4":"has-post-thumbnail","6":"product_cat-jambieri","7":"product_tag-l","9":"first","10":"instock","11":"purchasable","12":"product-type-variable"},"wcpa_form_fields":null,"_links":{"self":[{"href":"https:\/\/dev.prosportmagazin.md\/ro\/wp-json\/wp\/v2\/product\/282821","targetHints":{"allow":["GET"]}}],"collection":[{"href":"https:\/\/dev.prosportmagazin.md\/ro\/wp-json\/wp\/v2\/product"}],"about":[{"href":"https:\/\/dev.prosportmagazin.md\/ro\/wp-json\/wp\/v2\/types\/product"}],"wp:featuredmedia":[{"embeddable":true,"href":"https:\/\/dev.prosportmagazin.md\/ro\/wp-json\/wp\/v2\/media\/282824"}],"wp:attachment":[{"href":"https:\/\/dev.prosportmagazin.md\/ro\/wp-json\/wp\/v2\/media?parent=282821"}],"wp:term":[{"taxonomy":"product_brand","embeddable":true,"href":"https:\/\/dev.prosportmagazin.md\/ro\/wp-json\/wp\/v2\/product_brand?post=282821"},{"taxonomy":"product_cat","embeddable":true,"href":"https:\/\/dev.prosportmagazin.md\/ro\/wp-json\/wp\/v2\/product_cat?post=282821"},{"taxonomy":"product_tag","embeddable":true,"href":"https:\/\/dev.prosportmagazin.md\/ro\/wp-json\/wp\/v2\/product_tag?post=282821"}],"curies":[{"name":"wp","href":"https:\/\/api.w.org\/{rel}","templated":true}]}}