{"id":283042,"date":"2026-02-14T00:00:00","date_gmt":"2026-02-13T22:00:00","guid":{"rendered":"https:\/\/prosport.md\/?post_type=product&#038;p=283042"},"modified":"2026-02-14T11:48:58","modified_gmt":"2026-02-14T09:48:58","slug":"bute-puma-future-8-ultimate-fg-10813801","status":"publish","type":"product","link":"https:\/\/dev.prosportmagazin.md\/ro\/product\/bute-puma-future-8-ultimate-fg-10813801\/","title":{"rendered":"Bute Puma Future 8 Ultimate FG (10813801)"},"content":{"rendered":"<p><br \/>\nCreatori de joc, dezl\u0103n\u021bui\u021bi-v\u0103 creativitatea pe teren de fotbal ferm cu FUTURE 8 ULTIMATE. Aceste ghete revolu\u021bionare sunt prev\u0103zute cu o plas\u0103 de \u00eenalt\u0103 densitate pentru controlul mingii, talp\u0103 exterioar\u0103 FLEXGILITY pentru mi\u0219c\u0103ri agile \u0219i op\u021biunea de a juca cu sau f\u0103r\u0103 \u0219ireturi, astfel \u00eenc\u00e2t s\u0103 v\u0103 pute\u021bi mi\u0219ca printre linii \u0219i s\u0103 crea\u021bi dincolo de limite. Potrivirea \u0219i performan\u021ba supreme de la PUMA v\u0103 a\u0219teapt\u0103.<\/p>\n<p>CARACTERISTICI \u0218I BENEFICII<\/p>\n<p>Fabricate cu cel pu\u021bin 20% materiale reciclate \u00een partea superioar\u0103<br \/>\nPWRTAPE: \u00cent\u0103rire special\u0103 a p\u0103r\u021bii superioare pentru suport \u0219i durabilitate<br \/>\nFUZIONFIT: \u00eenf\u0103\u0219oar\u0103 piciorul ca o a doua piele, oferind o potrivire confortabil\u0103 \u0219i amortizat\u0103, f\u0103r\u0103 a limita mi\u0219carea<\/p>\n<p>DETALII<br \/>\nPlas\u0103 texturat\u0103 de \u00eenalt\u0103 densitate cu finisaj GripControl Pro<br \/>\nPWRTAPE pe partea median\u0103 a piciorului ofer\u0103 o fixare \u0219i o stabilitate optime pentru un control \u00eembun\u0103t\u0103\u021bit<\/p>\n<p>Potrivire standard spre larg\u0103<\/p>\n<p>Talpa exterioar\u0103 FLEXGILITY este conceput\u0103 pentru pivot\u0103ri rapide \u0219i mi\u0219c\u0103ri agile de 360 \u200b\u200bde grade necesare pentru a dep\u0103\u0219i adversarul<br \/>\nFG: Potrivite pentru utilizare pe suprafe\u021be naturale ferme<br \/>\n<\/p>","protected":false},"excerpt":{"rendered":"<p>MODEL PROFESIONAL<\/p>\n","protected":false},"featured_media":283045,"template":"","meta":[],"product_brand":[],"product_cat":[3086,2192,2765,1301],"product_tag":[292],"class_list":{"0":"post-283042","1":"product","2":"type-product","3":"status-publish","4":"has-post-thumbnail","6":"product_cat-big-sale-40","7":"product_cat-toate-incaltaminte-barbati","8":"product_cat-toata-incaltamintea-copii","9":"product_cat-bute","10":"product_tag-292","11":"pa_etichete-2508","12":"pa_suprafata-ag-artificial-gras","13":"pa_suprafata-fg-firm-ground","14":"pa_suprafata-mg-multiground","16":"first","17":"instock","18":"sale","19":"purchasable","20":"product-type-variable"},"wcpa_form_fields":null,"_links":{"self":[{"href":"https:\/\/dev.prosportmagazin.md\/ro\/wp-json\/wp\/v2\/product\/283042","targetHints":{"allow":["GET"]}}],"collection":[{"href":"https:\/\/dev.prosportmagazin.md\/ro\/wp-json\/wp\/v2\/product"}],"about":[{"href":"https:\/\/dev.prosportmagazin.md\/ro\/wp-json\/wp\/v2\/types\/product"}],"wp:featuredmedia":[{"embeddable":true,"href":"https:\/\/dev.prosportmagazin.md\/ro\/wp-json\/wp\/v2\/media\/283045"}],"wp:attachment":[{"href":"https:\/\/dev.prosportmagazin.md\/ro\/wp-json\/wp\/v2\/media?parent=283042"}],"wp:term":[{"taxonomy":"product_brand","embeddable":true,"href":"https:\/\/dev.prosportmagazin.md\/ro\/wp-json\/wp\/v2\/product_brand?post=283042"},{"taxonomy":"product_cat","embeddable":true,"href":"https:\/\/dev.prosportmagazin.md\/ro\/wp-json\/wp\/v2\/product_cat?post=283042"},{"taxonomy":"product_tag","embeddable":true,"href":"https:\/\/dev.prosportmagazin.md\/ro\/wp-json\/wp\/v2\/product_tag?post=283042"}],"curies":[{"name":"wp","href":"https:\/\/api.w.org\/{rel}","templated":true}]}}