{"id":287028,"date":"2025-10-20T12:28:37","date_gmt":"2025-10-20T09:28:37","guid":{"rendered":"https:\/\/prosport.md\/?post_type=product&#038;p=287028"},"modified":"2025-11-21T15:35:14","modified_gmt":"2025-11-21T12:35:14","slug":"costum-nike-dri-fit-academy-dx5480-061","status":"publish","type":"product","link":"https:\/\/dev.prosportmagazin.md\/ro\/product\/costum-nike-dri-fit-academy-dx5480-061\/","title":{"rendered":"Costum Nike Dri-FIT Academy (DX5480-061)"},"content":{"rendered":"<p><\/p>\n<p>R\u0103m\u00e2i \u00een ofensiv\u0103 \u0219i preg\u0103tit de joc cu acest trening confortabil. Un MVP testat \u0219i verificat, indiferent dac\u0103 \u00eent\u00e2rzii la \u0219coal\u0103 sau alergi la antrenamentele de fotbal, acest trening din 2 piese, cu o croial\u0103 clasic\u0103, este cea mai u\u0219oar\u0103 \u021binut\u0103 pe care o vei alege.<\/p>\n<p><\/p>","protected":false},"excerpt":{"rendered":"<p>R\u0103m\u00e2i \u00een ofensiv\u0103 \u0219i preg\u0103tit de joc cu acest trening confortabil. Un MVP testat \u0219i verificat, indiferent dac\u0103 \u00eent\u00e2rzii la<\/p>\n","protected":false},"featured_media":287034,"template":"","meta":[],"product_brand":[],"product_cat":[2767,484,1824],"product_tag":[327],"class_list":{"0":"post-287028","1":"product","2":"type-product","3":"status-publish","4":"has-post-thumbnail","6":"product_cat-toate-hainele-copii","7":"product_cat-costume-copii","8":"product_cat-costume-copii-fete","9":"product_tag-m","11":"first","12":"instock","13":"sale","14":"purchasable","15":"product-type-variable"},"wcpa_form_fields":null,"_links":{"self":[{"href":"https:\/\/dev.prosportmagazin.md\/ro\/wp-json\/wp\/v2\/product\/287028","targetHints":{"allow":["GET"]}}],"collection":[{"href":"https:\/\/dev.prosportmagazin.md\/ro\/wp-json\/wp\/v2\/product"}],"about":[{"href":"https:\/\/dev.prosportmagazin.md\/ro\/wp-json\/wp\/v2\/types\/product"}],"wp:featuredmedia":[{"embeddable":true,"href":"https:\/\/dev.prosportmagazin.md\/ro\/wp-json\/wp\/v2\/media\/287034"}],"wp:attachment":[{"href":"https:\/\/dev.prosportmagazin.md\/ro\/wp-json\/wp\/v2\/media?parent=287028"}],"wp:term":[{"taxonomy":"product_brand","embeddable":true,"href":"https:\/\/dev.prosportmagazin.md\/ro\/wp-json\/wp\/v2\/product_brand?post=287028"},{"taxonomy":"product_cat","embeddable":true,"href":"https:\/\/dev.prosportmagazin.md\/ro\/wp-json\/wp\/v2\/product_cat?post=287028"},{"taxonomy":"product_tag","embeddable":true,"href":"https:\/\/dev.prosportmagazin.md\/ro\/wp-json\/wp\/v2\/product_tag?post=287028"}],"curies":[{"name":"wp","href":"https:\/\/api.w.org\/{rel}","templated":true}]}}