{"id":289478,"date":"2025-11-12T00:00:00","date_gmt":"2025-11-11T21:00:00","guid":{"rendered":"https:\/\/prosport.md\/?post_type=product&#038;p=289478"},"modified":"2026-03-03T09:20:11","modified_gmt":"2026-03-03T07:20:11","slug":"ciorapi-nike-sportswear-dri-fit-everyday-essential-3-perechi-dx5025-010","status":"publish","type":"product","link":"https:\/\/dev.prosportmagazin.md\/ro\/product\/ciorapi-nike-sportswear-dri-fit-everyday-essential-3-perechi-dx5025-010\/","title":{"rendered":"Ciorapi Nike Sportswear Dri-FIT Everyday Essential (3 Perechi) (DX5025-010)"},"content":{"rendered":"<p><\/p>\n<p>\u0218OSETE MOI CU CROIAL\u0102 ROTUNC\u0102.<\/p>\n<p>\u0218osetele Nike Sportswear Everyday Essential sunt confec\u021bionate dintr-un material moale \u0219i elastic care se muleaz\u0103 pe picior pentru confort pe tot parcursul zilei.<\/p>\n<p>Beneficii<br \/>\nTehnologia Dri-FIT ajut\u0103 la men\u021binerea picioarelor uscate \u0219i confortabile.<br \/>\nC\u0103lc\u00e2iul \u0219i v\u00e2rful \u00eent\u0103rite ofer\u0103 durabilitate.<br \/>\nPlasa plasat\u0103 strategic adaug\u0103 respirabilitate.<br \/>\nDetalii produs<br \/>\n97% poliester\/3% poliuretan<br \/>\nSp\u0103lare la ma\u0219in\u0103<br \/>\nImportat<\/p>\n<p><\/p>","protected":false},"excerpt":{"rendered":"<p>\u0218OSETE MOI CU CROIAL\u0102 ROTUNC\u0102. \u0218osetele Nike Sportswear Everyday Essential sunt confec\u021bionate dintr-un material moale \u0219i elastic care se muleaz\u0103<\/p>\n","protected":false},"featured_media":289481,"template":"","meta":[],"product_brand":[],"product_cat":[2196,2766,2197,2194,2767,2195,404,1836],"product_tag":[353],"class_list":{"0":"post-289478","1":"product","2":"type-product","3":"status-publish","4":"has-post-thumbnail","6":"product_cat-toate-accesoriile-barbati","7":"product_cat-toate-accesoriile-copii","8":"product_cat-toate-accesoriile-femei","9":"product_cat-toate-hainele-barbati","10":"product_cat-toate-hainele-copii","11":"product_cat-toate-hainele-femei","12":"product_cat-ciorapi","13":"product_cat-ciorapi-copii-fete","14":"product_tag-l","15":"pa_etichete-new-collection","17":"first","18":"instock","19":"featured","20":"purchasable","21":"product-type-variable"},"wcpa_form_fields":null,"_links":{"self":[{"href":"https:\/\/dev.prosportmagazin.md\/ro\/wp-json\/wp\/v2\/product\/289478","targetHints":{"allow":["GET"]}}],"collection":[{"href":"https:\/\/dev.prosportmagazin.md\/ro\/wp-json\/wp\/v2\/product"}],"about":[{"href":"https:\/\/dev.prosportmagazin.md\/ro\/wp-json\/wp\/v2\/types\/product"}],"wp:featuredmedia":[{"embeddable":true,"href":"https:\/\/dev.prosportmagazin.md\/ro\/wp-json\/wp\/v2\/media\/289481"}],"wp:attachment":[{"href":"https:\/\/dev.prosportmagazin.md\/ro\/wp-json\/wp\/v2\/media?parent=289478"}],"wp:term":[{"taxonomy":"product_brand","embeddable":true,"href":"https:\/\/dev.prosportmagazin.md\/ro\/wp-json\/wp\/v2\/product_brand?post=289478"},{"taxonomy":"product_cat","embeddable":true,"href":"https:\/\/dev.prosportmagazin.md\/ro\/wp-json\/wp\/v2\/product_cat?post=289478"},{"taxonomy":"product_tag","embeddable":true,"href":"https:\/\/dev.prosportmagazin.md\/ro\/wp-json\/wp\/v2\/product_tag?post=289478"}],"curies":[{"name":"wp","href":"https:\/\/api.w.org\/{rel}","templated":true}]}}