{"id":289671,"date":"2025-11-12T00:00:00","date_gmt":"2025-11-11T21:00:00","guid":{"rendered":"https:\/\/prosport.md\/?post_type=product&#038;p=289671"},"modified":"2025-11-21T15:20:40","modified_gmt":"2025-11-21T12:20:40","slug":"costum-nike-dri-fit-sportswear-hq9316-010","status":"publish","type":"product","link":"https:\/\/dev.prosportmagazin.md\/ro\/product\/costum-nike-dri-fit-sportswear-hq9316-010\/","title":{"rendered":"Costum Nike Dri-FIT Sportswear (HQ9316-010)"},"content":{"rendered":"<p><\/p>\n<p>Prezint\u0103-\u021bi pantofii sport prefera\u021bi \u00een aceast\u0103 pereche perfect\u0103. Fabricat dintr-un material tricotat fin \u0219i \u00eembog\u0103\u021bit cu tehnologia noastr\u0103 Dri-FIT care evacueaz\u0103 transpira\u021bia, acest trening clasic te ajut\u0103 s\u0103 te men\u021bii confortabil \u00een timp ce te joci toat\u0103 ziua.<\/p>\n<p>Beneficii:<br \/>\nTehnologia Nike Dri-FIT \u00eendep\u0103rteaz\u0103 transpira\u021bia de pe piele pentru o evaporare mai rapid\u0103, ajut\u00e2ndu-te s\u0103 r\u0103m\u00e2i uscat \u0219i confortabil.<br \/>\nPantalonii au o band\u0103 elastic\u0103 \u00een talie cu \u0219nur de fixare pentru a te ajuta s\u0103-\u021bi ajustezi croiala perfect\u0103.<\/p>\n<p>Detalii produs:<br \/>\n100% poliester<br \/>\nMan\u0219ete \u0219i tiv elastice pe jachet\u0103<br \/>\nBuzunare laterale<br \/>\nSp\u0103lare la ma\u0219in\u0103<br \/>\nImportat<\/p>\n<p><\/p>","protected":false},"excerpt":{"rendered":"<p>Prezint\u0103-\u021bi pantofii sport prefera\u021bi \u00een aceast\u0103 pereche perfect\u0103. Fabricat dintr-un material tricotat fin \u0219i \u00eembog\u0103\u021bit cu tehnologia noastr\u0103 Dri-FIT care<\/p>\n","protected":false},"featured_media":289682,"template":"","meta":[],"product_brand":[],"product_cat":[2767,484,1824],"product_tag":[327],"class_list":{"0":"post-289671","1":"product","2":"type-product","3":"status-publish","4":"has-post-thumbnail","6":"product_cat-toate-hainele-copii","7":"product_cat-costume-copii","8":"product_cat-costume-copii-fete","9":"product_tag-m","10":"pa_etichete-new-collection","12":"first","13":"instock","14":"featured","15":"purchasable","16":"product-type-variable"},"wcpa_form_fields":null,"_links":{"self":[{"href":"https:\/\/dev.prosportmagazin.md\/ro\/wp-json\/wp\/v2\/product\/289671","targetHints":{"allow":["GET"]}}],"collection":[{"href":"https:\/\/dev.prosportmagazin.md\/ro\/wp-json\/wp\/v2\/product"}],"about":[{"href":"https:\/\/dev.prosportmagazin.md\/ro\/wp-json\/wp\/v2\/types\/product"}],"wp:featuredmedia":[{"embeddable":true,"href":"https:\/\/dev.prosportmagazin.md\/ro\/wp-json\/wp\/v2\/media\/289682"}],"wp:attachment":[{"href":"https:\/\/dev.prosportmagazin.md\/ro\/wp-json\/wp\/v2\/media?parent=289671"}],"wp:term":[{"taxonomy":"product_brand","embeddable":true,"href":"https:\/\/dev.prosportmagazin.md\/ro\/wp-json\/wp\/v2\/product_brand?post=289671"},{"taxonomy":"product_cat","embeddable":true,"href":"https:\/\/dev.prosportmagazin.md\/ro\/wp-json\/wp\/v2\/product_cat?post=289671"},{"taxonomy":"product_tag","embeddable":true,"href":"https:\/\/dev.prosportmagazin.md\/ro\/wp-json\/wp\/v2\/product_tag?post=289671"}],"curies":[{"name":"wp","href":"https:\/\/api.w.org\/{rel}","templated":true}]}}