{"id":290003,"date":"2025-10-28T19:38:07","date_gmt":"2025-10-28T16:38:07","guid":{"rendered":"https:\/\/prosport.md\/?post_type=product&#038;p=290003"},"modified":"2025-11-03T06:54:15","modified_gmt":"2025-11-03T03:54:15","slug":"garmin-monitor-de-ritm-cardiac-hrm-200-010-13388-00-010-13388-01","status":"publish","type":"product","link":"https:\/\/dev.prosportmagazin.md\/ro\/product\/garmin-monitor-de-ritm-cardiac-hrm-200-010-13388-00-010-13388-01\/","title":{"rendered":"Garmin Monitor de Ritm Cardiac HRM 200 (010-13388-00)"},"content":{"rendered":"<p><\/p>\n<p>Monitorul de ritm cardiac HRM 200 (m\u0103rimi de la M la XL) este partenerul ideal pentru un antrenament versatil, oferind date precise despre ritmul cardiac \u0219i HRV pentru toate activit\u0103\u021bile tale, de la alergare \u0219i ciclism la antrenament de for\u021b\u0103 \u0219i multe altele. Se conecteaz\u0103 perfect cu ceasurile inteligente Garmin, computerele de ciclism Edge, echipamentele de fitness compatibile \u0219i aplica\u021bii precum Tacx Training, oferind informa\u021bii \u00een timp real pentru a-\u021bi \u00eembun\u0103t\u0103\u021bi antrenamentele. Conceput pentru confort, modulul u\u0219or se potrive\u0219te perfect \u00eentr-o curea moale disponibil\u0103 \u00een dou\u0103 dimensiuni reglabile, asigur\u00e2nd o potrivire perfect\u0103. Cu o construc\u021bie durabil\u0103, un indicator de stare LED, o rezisten\u021b\u0103 la ap\u0103 de 3 ATM \u0219i o baterie \u00eenlocuibil\u0103 de c\u0103tre utilizator care ofer\u0103 o durat\u0103 de via\u021b\u0103 de p\u00e2n\u0103 la un an, HRM 200 este construit pentru performan\u021b\u0103. \u00cen plus, cureaua sa lavabil\u0103 la ma\u0219in\u0103 \u00eel face u\u0219or de cur\u0103\u021bat \u0219i preg\u0103tit pentru urm\u0103toarea sesiune.<\/p>\n<p>INTERVAL DE DIMENSIUNI ALE CUREA<\/p>\n<p>Monitorul de ritm cardiac HRM 200, \u00een m\u0103rimi de la M la XL, are o lungime a curelei de 28\u201342\u201d (72\u2013106 cm), conceput\u0103 pentru a se potrivi dimensiunilor pieptului de 31,5\u201347\u201d (80\u2013119 cm).<\/p>\n<p>VERSATILITATE \u00ceN ANTRENAMENT<\/p>\n<p>Mi\u0219c\u0103-te cum dore\u0219ti. Acest monitor ofer\u0103 date precise despre ritmul cardiac pentru toate activit\u0103\u021bile tale, inclusiv alergare, ciclism \u00een interior \u0219i \u00een aer liber, antrenament de for\u021b\u0103 \u0219i multe altele.<\/p>\n<p>CONECTIVITATE<\/p>\n<p>Monitorul de ritm cardiac HRM 200 trimite date precise \u00een timp real despre ritmul cardiac \u0219i HRV c\u0103tre ceasurile inteligente Garmin compatibile \u0219i computerele de ciclism Edge, echipamentele de fitness compatibile, aplica\u021bia Tacx Training\u2122 \u0219i alte aplica\u021bii.<\/p>\n<p>\u00ceNCHIDERE CONFORTABIL\u0102<\/p>\n<p>Modulul de ritm cardiac mic \u0219i u\u0219or se \u00eencadreaz\u0103 \u00een l\u0103\u021bimea curelei moi \u0219i confortabile. Este disponibil \u00een 2 m\u0103rimi (XS\u2013S \u0219i M\u2013XL), astfel \u00eenc\u00e2t s\u0103 po\u021bi alege potrivirea ideal\u0103 pentru corpul t\u0103u.<\/p>\n<p>FUNC\u021aIONAL \u0218I DURABIL<\/p>\n<p>Indicatorul LED v\u0103 anun\u021b\u0103 c\u00e2nd HRM 200 este activ \u0219i gata de utilizare \u2014 sau c\u00e2nd bateria este desc\u0103rcat\u0103. Cu ajutorul butonului, activa\u021bi \u0219i asocia\u021bi cu u\u0219urin\u021b\u0103 monitorul de ritm cardiac. \u00cen plus, HRM 200 este durabil, av\u00e2nd o rezisten\u021b\u0103 la ap\u0103 de 3 ATM.<\/p>\n<p>DURATA DE VIA\u021a\u0102 A BATERIEI<\/p>\n<p>Nu v\u0103 face\u021bi griji c\u0103 r\u0103m\u00e2ne\u021bi f\u0103r\u0103 energie. Monitorul HRM 200 este dotat cu o baterie \u00eenlocuibil\u0103 de c\u0103tre utilizator \u0219i are o durat\u0103 de via\u021b\u0103 a bateriei de p\u00e2n\u0103 la 1 an.<\/p>\n<p>SP\u0102LABIL LA MA\u0218IN\u0102<\/p>\n<p>Cur\u0103\u021barea este simpl\u0103. Trebuie doar s\u0103 scoate\u021bi modulul \u0219i s\u0103 arunca\u021bi cureaua \u00een ma\u0219ina de sp\u0103lat.<\/p>\n<p>Caracteristici<br \/>\nCARACTERISTICI DE TOP<\/p>\n<p>Trimite date despre ritmul cardiac \u0219i ritmul cardiac (HRV) \u00een timp real c\u0103tre dispozitive \u0219i aplica\u021bii compatibile<br \/>\nDurata de via\u021b\u0103 a bateriei de p\u00e2n\u0103 la 1 an<br \/>\nConfortabil \u0219i disponibil \u00een 2 dimensiuni pentru o potrivire ideal\u0103<br \/>\nDurabil \u0219i construit pentru a rezista, cu o rezisten\u021b\u0103 la ap\u0103 de 3 ATM<br \/>\nCurea lavabil\u0103 la ma\u0219in\u0103 pentru cur\u0103\u021bare u\u0219oar\u0103<br \/>\nGENERALE<\/p>\n<p>LED DE STARE: da (bicolor)<br \/>\nDIMENSIUNI MODUL (L x A): 68,0 x 31,6 x 11,0 mm<br \/>\nINTERVAL DE M\u0102RIMI XS-S: Lungimea curelei: 56\u201372 cm; Se potrive\u0219te dimensiunii pieptului de 60\u201385 cm<br \/>\nINTERVAL DE M\u0102RIMI M-XL: Lungimea curelei: 72\u2013106 cm; Se potrive\u0219te cu dimensiunea pieptului 80\u2013119 cm<br \/>\nGREUTATE: Cu curea M-XL: 63 g; Doar modul: 20 g<br \/>\nBUTON: Da<br \/>\nREZISTENT LA AP\u0102: 3 ATM<br \/>\nTIP BATERIE: CR 2032<br \/>\nDURAT\u0102 DE VIA\u021a\u0102 A BATERIEI: P\u00e2n\u0103 la 12 luni (folosind 1 or\u0103 pe zi)<br \/>\nTIP U\u0218\u0102 BATERIEI: Sfert de tur\u0103 (instrument \u00eencorporat \u00een glisorul curelei)<br \/>\nMODUL DETA\u0218ABIL: Da<br \/>\nCONECTIVITATE HRM<\/p>\n<p>SE ASOCIEAZ\u0102 CU APLICA\u021aIA GARMIN CONNECT\u2122: Da<br \/>\nTRANSMITERE DATE PRIN ANT: Da<br \/>\nTRANSMITERE DATE PRIN BLE: Da<br \/>\nACCEPTA CONEXIUNI BLE SIGURE (CU DISPOZITIV GARMIN COMPATIBIL): Da<br \/>\nNUM\u0102R DE CONEXIUNI SIMULTANELE ACCEPTATE: ANT &#8211; F\u0103r\u0103 limit\u0103; BLUETOOTH Consum redus de energie &#8211; 3<br \/>\nFUNC\u021aII DE FITNESS<\/p>\n<p>INIM\u0102 RITM \u0218I VRC (VARIABILITATEA RITMULUI CARDIAC): Da<\/p>\n<p><\/p>","protected":false},"excerpt":{"rendered":"<p>HRM-Pro\u2122 Plus<\/p>\n","protected":false},"featured_media":290006,"template":"","meta":[],"product_brand":[],"product_cat":[1848],"product_tag":[],"class_list":{"0":"post-290003","1":"product","2":"type-product","3":"status-publish","4":"has-post-thumbnail","6":"product_cat-ceasuri-garmin","7":"pa_etichete-in-stock","9":"first","10":"instock","11":"purchasable","12":"product-type-variable"},"wcpa_form_fields":null,"_links":{"self":[{"href":"https:\/\/dev.prosportmagazin.md\/ro\/wp-json\/wp\/v2\/product\/290003","targetHints":{"allow":["GET"]}}],"collection":[{"href":"https:\/\/dev.prosportmagazin.md\/ro\/wp-json\/wp\/v2\/product"}],"about":[{"href":"https:\/\/dev.prosportmagazin.md\/ro\/wp-json\/wp\/v2\/types\/product"}],"wp:featuredmedia":[{"embeddable":true,"href":"https:\/\/dev.prosportmagazin.md\/ro\/wp-json\/wp\/v2\/media\/290006"}],"wp:attachment":[{"href":"https:\/\/dev.prosportmagazin.md\/ro\/wp-json\/wp\/v2\/media?parent=290003"}],"wp:term":[{"taxonomy":"product_brand","embeddable":true,"href":"https:\/\/dev.prosportmagazin.md\/ro\/wp-json\/wp\/v2\/product_brand?post=290003"},{"taxonomy":"product_cat","embeddable":true,"href":"https:\/\/dev.prosportmagazin.md\/ro\/wp-json\/wp\/v2\/product_cat?post=290003"},{"taxonomy":"product_tag","embeddable":true,"href":"https:\/\/dev.prosportmagazin.md\/ro\/wp-json\/wp\/v2\/product_tag?post=290003"}],"curies":[{"name":"wp","href":"https:\/\/api.w.org\/{rel}","templated":true}]}}