{"id":293170,"date":"2025-11-20T15:01:18","date_gmt":"2025-11-20T12:01:18","guid":{"rendered":"https:\/\/prosport.md\/?post_type=product&#038;p=293170"},"modified":"2025-11-20T19:32:43","modified_gmt":"2025-11-20T16:32:43","slug":"adidasi-nike-air-max-command-629993-040","status":"publish","type":"product","link":"https:\/\/dev.prosportmagazin.md\/ro\/product\/adidasi-nike-air-max-command-629993-040\/","title":{"rendered":"Adidasi Nike Air Max Command (629993-040)"},"content":{"rendered":"<p><br \/>\nCONFORT \u0218I STABILITATE LA MAXIMUM.<\/p>\n<p>Nike Air Max Command ofer\u0103 stabilitate cu o amortizare generoas\u0103. Un amestec de piele, textile \u0219i materiale sintetice la nivelul p\u0103r\u021bii superioare ofer\u0103 confort, \u00een timp ce talpa exterioar\u0103 tip waffle ofer\u0103 trac\u021biune durabil\u0103 pe mai multe suprafe\u021be.<\/p>\n<p>Beneficii<br \/>\nPartea superioar\u0103 din piele, textile \u0219i materiale sintetice ofer\u0103 suport confortabil.<br \/>\nTalpa intermediar\u0103 din spum\u0103 ofer\u0103 amortizare durabil\u0103.<br \/>\nTalpa exterioar\u0103 tip waffle ofer\u0103 trac\u021biune pe mai multe suprafe\u021be.<\/p>\n<p>Originile Nike Air Max<br \/>\nUnitatea revolu\u021bionar\u0103 Air-Sole de la Nike a intrat \u00een gama de \u00eenc\u0103l\u021b\u0103minte Nike \u00een 1978. \u00cen 1987, Nike Air Max 1 a debutat cu aer vizibil \u00een c\u0103lc\u00e2i, permi\u021b\u00e2nd fanilor mai mult dec\u00e2t simpla senza\u021bie de confort Air-Sole &#8211; dintr-o dat\u0103 \u00eel puteau vedea. De atunci, pantofii Nike Air Max de genera\u021bie urm\u0103toare au devenit un succes \u00een r\u00e2ndul sportivilor \u0219i colec\u021bionarilor, oferind combina\u021bii de culori uimitoare \u0219i o amortizare fiabil\u0103 \u0219i u\u0219oar\u0103.<\/p>\n<p><\/p>","protected":false},"excerpt":{"rendered":"<p>CONFORT \u0218I STABILITATE LA MAXIMUM. Nike Air Max Command ofer\u0103 stabilitate cu o amortizare generoas\u0103. Un amestec de piele, textile<\/p>\n","protected":false},"featured_media":293172,"template":"","meta":[],"product_brand":[],"product_cat":[2192,2765,2193,38],"product_tag":[270],"class_list":{"0":"post-293170","1":"product","2":"type-product","3":"status-publish","4":"has-post-thumbnail","6":"product_cat-toate-incaltaminte-barbati","7":"product_cat-toata-incaltamintea-copii","8":"product_cat-toate-incaltaminte-femei","9":"product_cat-adidasi","10":"product_tag-270","11":"pa_etichete-new-collection","13":"first","14":"instock","15":"sale","16":"purchasable","17":"product-type-variable"},"wcpa_form_fields":null,"_links":{"self":[{"href":"https:\/\/dev.prosportmagazin.md\/ro\/wp-json\/wp\/v2\/product\/293170","targetHints":{"allow":["GET"]}}],"collection":[{"href":"https:\/\/dev.prosportmagazin.md\/ro\/wp-json\/wp\/v2\/product"}],"about":[{"href":"https:\/\/dev.prosportmagazin.md\/ro\/wp-json\/wp\/v2\/types\/product"}],"wp:featuredmedia":[{"embeddable":true,"href":"https:\/\/dev.prosportmagazin.md\/ro\/wp-json\/wp\/v2\/media\/293172"}],"wp:attachment":[{"href":"https:\/\/dev.prosportmagazin.md\/ro\/wp-json\/wp\/v2\/media?parent=293170"}],"wp:term":[{"taxonomy":"product_brand","embeddable":true,"href":"https:\/\/dev.prosportmagazin.md\/ro\/wp-json\/wp\/v2\/product_brand?post=293170"},{"taxonomy":"product_cat","embeddable":true,"href":"https:\/\/dev.prosportmagazin.md\/ro\/wp-json\/wp\/v2\/product_cat?post=293170"},{"taxonomy":"product_tag","embeddable":true,"href":"https:\/\/dev.prosportmagazin.md\/ro\/wp-json\/wp\/v2\/product_tag?post=293170"}],"curies":[{"name":"wp","href":"https:\/\/api.w.org\/{rel}","templated":true}]}}