{"id":294406,"date":"2025-12-20T00:00:00","date_gmt":"2025-12-19T21:00:00","guid":{"rendered":"https:\/\/prosport.md\/?post_type=product&#038;p=294406"},"modified":"2025-12-20T16:25:35","modified_gmt":"2025-12-20T13:25:35","slug":"slapi-ugg-disquette-1122550-blk","status":"publish","type":"product","link":"https:\/\/dev.prosportmagazin.md\/ro\/product\/slapi-ugg-disquette-1122550-blk\/","title":{"rendered":"Slapi UGG Disquette (1122550-BLK)"},"content":{"rendered":"<p><\/p>\n<p>Cum te-ai descrie? Total unic\/\u0103? \u00ce\u021bi place s\u0103 ie\u0219i \u00een eviden\u021b\u0103? Vrei s\u0103 le \u00eencerci pe am\u00e2ndou\u0103 pentru prima dat\u0103? Atunci cu siguran\u021b\u0103 e\u0219ti pe pagina potrivit\u0103. Modelul nostru Disquette adaug\u0103 o talp\u0103 cu platform\u0103 \u00een stil retro de 2,5 cm unei siluete familiare, potrivite pentru exterior, o amortizare pe tot parcursul zilei \u0219i un aspect maximalist. Fabricat din pielea noastr\u0103 de oaie \u0219i piele \u00eentoars\u0103, semn\u0103tura noastr\u0103, acest stil natural adaug\u0103 o not\u0103 juc\u0103u\u0219\u0103 vie\u021bii tale.<\/p>\n<p>Talpa exterioar\u0103 a acestui produs este fie o talp\u0103 exterioar\u0103 din EVA din trestie de zah\u0103r, un compus responsabil care folose\u0219te spum\u0103 din trestie de zah\u0103r \u0219i care ne permite s\u0103 reducem dependen\u021ba de combustibilii fosili prin \u00eenlocuirea etilenei pe baz\u0103 de petrol, fie o talp\u0103 exterioar\u0103 Treadlite by UGG\u2122.<\/p>\n<p>Acest produs a fost fabricat \u00eentr-o fabric\u0103 care sprijin\u0103 femeile din lan\u021bul nostru de aprovizionare cu ajutorul Reimagining Industry to Support Equality (RISE). Aceast\u0103 ini\u021biativ\u0103 de colaborare creeaz\u0103 parteneriate cu branduri precum al nostru pentru a \u00eemputernici \u0219i educa femeile la locul de munc\u0103.<br \/>\nCod articol: 1122550<br \/>\nFa\u021b\u0103 superioar\u0103 din piele \u00eentoars\u0103<br \/>\nGuler din piele de oaie<br \/>\nC\u0103ptu\u0219eal\u0103 din piele de oaie de 17 mm<br \/>\nBran\u021b interior din piele de oaie de 17 mm<br \/>\nTalp\u0103 intermediar\u0103 din EVA<br \/>\nTalp\u0103 exterioar\u0103 din EVA din trestie de zah\u0103r sau talp\u0103 exterioar\u0103 din EVA Treadlite by UGG\u2122<br \/>\nBran\u021b textil din poliester 100% reciclat fibre<br \/>\n\u00cen\u0103l\u021bime platform\u0103 2,5 cm<br \/>\nEtichet\u0103 \u021besut\u0103 cu sigla UGG\u00ae pe bran\u021b, sigla UGG\u00ae, imprimat\u0103 la cald<\/p>\n<p>Acest produs con\u021bine blan\u0103 natural\u0103 de oaie sau miel. Blana poate proveni din Australia, Irlanda, Regatul Unit sau Statele Unite. A fost vopsit\u0103 \u0219i tratat\u0103 artificial.<\/p>\n<p>\u00cengrijire \u0219i cur\u0103\u021bare<br \/>\nLa UGG, proiect\u0103m produse care s\u0103 reziste. Pentru a v\u0103 men\u021bine stilul, iat\u0103 tot ce trebuie s\u0103 \u0219ti\u021bi despre \u00eengrijirea \u0219i cur\u0103\u021barea \u00eenc\u0103l\u021b\u0103mintei. Explora\u021bi informa\u021biile de mai jos.<br \/>\n<\/p>","protected":false},"excerpt":{"rendered":"<p>Cum te-ai descrie? Total unic\/\u0103? \u00ce\u021bi place s\u0103 ie\u0219i \u00een eviden\u021b\u0103? Vrei s\u0103 le \u00eencerci pe am\u00e2ndou\u0103 pentru prima dat\u0103?<\/p>\n","protected":false},"featured_media":294414,"template":"","meta":[],"product_brand":[],"product_cat":[2192,2765,2193,41,202],"product_tag":[],"class_list":{"0":"post-294406","1":"product","2":"type-product","3":"status-publish","4":"has-post-thumbnail","6":"product_cat-toate-incaltaminte-barbati","7":"product_cat-toata-incaltamintea-copii","8":"product_cat-toate-incaltaminte-femei","9":"product_cat-bocanci","10":"product_cat-slapi","11":"pa_etichete-best-seller","13":"first","14":"instock","15":"sale","16":"taxable","17":"shipping-taxable","18":"purchasable","19":"product-type-variable"},"wcpa_form_fields":null,"_links":{"self":[{"href":"https:\/\/dev.prosportmagazin.md\/ro\/wp-json\/wp\/v2\/product\/294406","targetHints":{"allow":["GET"]}}],"collection":[{"href":"https:\/\/dev.prosportmagazin.md\/ro\/wp-json\/wp\/v2\/product"}],"about":[{"href":"https:\/\/dev.prosportmagazin.md\/ro\/wp-json\/wp\/v2\/types\/product"}],"wp:featuredmedia":[{"embeddable":true,"href":"https:\/\/dev.prosportmagazin.md\/ro\/wp-json\/wp\/v2\/media\/294414"}],"wp:attachment":[{"href":"https:\/\/dev.prosportmagazin.md\/ro\/wp-json\/wp\/v2\/media?parent=294406"}],"wp:term":[{"taxonomy":"product_brand","embeddable":true,"href":"https:\/\/dev.prosportmagazin.md\/ro\/wp-json\/wp\/v2\/product_brand?post=294406"},{"taxonomy":"product_cat","embeddable":true,"href":"https:\/\/dev.prosportmagazin.md\/ro\/wp-json\/wp\/v2\/product_cat?post=294406"},{"taxonomy":"product_tag","embeddable":true,"href":"https:\/\/dev.prosportmagazin.md\/ro\/wp-json\/wp\/v2\/product_tag?post=294406"}],"curies":[{"name":"wp","href":"https:\/\/api.w.org\/{rel}","templated":true}]}}