{"id":295088,"date":"2025-11-27T15:40:44","date_gmt":"2025-11-27T12:40:44","guid":{"rendered":"https:\/\/prosport.md\/?post_type=product&#038;p=295088"},"modified":"2025-11-27T16:27:11","modified_gmt":"2025-11-27T13:27:11","slug":"scurta-quiksilver-cold-days-eqbjk03299","status":"publish","type":"product","link":"https:\/\/dev.prosportmagazin.md\/ro\/product\/scurta-quiksilver-cold-days-eqbjk03299\/","title":{"rendered":"Scurta Quiksilver Cold Days (EQBJK03299)"},"content":{"rendered":"<p><\/p>\n<p>GEAC\u0102 QUIKSILVER COLD DAYS PENTRU TINERI Negru<br \/>\nSenza\u021bie de c\u0103ldur\u0103 \u00een fiecare aventur\u0103, cu geaca pentru copii Quiksilver Cold Days! Geaca pentru copii, pentru b\u0103ie\u021bi mai mari, dispune de izola\u021bie Warmflight pentru c\u0103ldur\u0103 la temperaturi sc\u0103zute \u0219i tehnologie Quiksilver DryFlight\u00ae pentru protec\u021bie \u00eempotriva v\u00e2ntului \u0219i ploii. Detaliile Quiksilver izbitoare completeaz\u0103 aspectul de iarn\u0103.<\/p>\n<p>Caracteristici:<\/p>\n<p>Glug\u0103<br \/>\n\u00cenchidere cu fermoar<br \/>\nTehnologia Quiksilver DryFlight\u00ae protejeaz\u0103 \u00eempotriva v\u00e2ntului \u0219i ploii<br \/>\nIzola\u021bie Warmflight pentru c\u0103ldur\u0103 la temperaturi sc\u0103zute<br \/>\nTratament hidrofug durabil, f\u0103r\u0103 PFC-uri<br \/>\nBuzunare laterale<br \/>\nMan\u0219ete \u0219i tiv cu nervuri<br \/>\nCroial\u0103 standard<br \/>\nCompozi\u021bie: 100% poliester reciclat<\/p>\n<p><\/p>","protected":false},"excerpt":{"rendered":"<p>GEAC\u0102 QUIKSILVER COLD DAYS PENTRU TINERI Negru Senza\u021bie de c\u0103ldur\u0103 \u00een fiecare aventur\u0103, cu geaca pentru copii Quiksilver Cold Days!<\/p>\n","protected":false},"featured_media":295090,"template":"","meta":[],"product_brand":[],"product_cat":[3086,1982,393,1823],"product_tag":[],"class_list":{"0":"post-295088","1":"product","2":"type-product","3":"status-publish","4":"has-post-thumbnail","6":"product_cat-big-sale-40","7":"product_cat-jachete-vint-ploaie-copii","8":"product_cat-scurte-copii","9":"product_cat-scurte-copii-fete","11":"first","12":"instock","13":"sale","14":"taxable","15":"shipping-taxable","16":"purchasable","17":"product-type-variable"},"wcpa_form_fields":null,"_links":{"self":[{"href":"https:\/\/dev.prosportmagazin.md\/ro\/wp-json\/wp\/v2\/product\/295088","targetHints":{"allow":["GET"]}}],"collection":[{"href":"https:\/\/dev.prosportmagazin.md\/ro\/wp-json\/wp\/v2\/product"}],"about":[{"href":"https:\/\/dev.prosportmagazin.md\/ro\/wp-json\/wp\/v2\/types\/product"}],"wp:featuredmedia":[{"embeddable":true,"href":"https:\/\/dev.prosportmagazin.md\/ro\/wp-json\/wp\/v2\/media\/295090"}],"wp:attachment":[{"href":"https:\/\/dev.prosportmagazin.md\/ro\/wp-json\/wp\/v2\/media?parent=295088"}],"wp:term":[{"taxonomy":"product_brand","embeddable":true,"href":"https:\/\/dev.prosportmagazin.md\/ro\/wp-json\/wp\/v2\/product_brand?post=295088"},{"taxonomy":"product_cat","embeddable":true,"href":"https:\/\/dev.prosportmagazin.md\/ro\/wp-json\/wp\/v2\/product_cat?post=295088"},{"taxonomy":"product_tag","embeddable":true,"href":"https:\/\/dev.prosportmagazin.md\/ro\/wp-json\/wp\/v2\/product_tag?post=295088"}],"curies":[{"name":"wp","href":"https:\/\/api.w.org\/{rel}","templated":true}]}}