{"id":295366,"date":"2025-11-29T12:53:56","date_gmt":"2025-11-29T09:53:56","guid":{"rendered":"https:\/\/prosport.md\/?post_type=product&#038;p=295366"},"modified":"2025-12-12T10:56:58","modified_gmt":"2025-12-12T07:56:58","slug":"lenjerie-calvin-klein-low-rise-trunks-cotton-stretch-3-pack-lv00nb4389-100","status":"publish","type":"product","link":"https:\/\/dev.prosportmagazin.md\/ro\/product\/lenjerie-calvin-klein-low-rise-trunks-cotton-stretch-3-pack-lv00nb4389-100\/","title":{"rendered":"Lenjerie Calvin Klein Low Rise Trunks &#8211; Cotton Stretch 3 Pack (LV00NB4389-100)"},"content":{"rendered":"<p><\/p>\n<p>O icoan\u0103 Calvin Klein. Fabricat\u0103 din bumbac super moale amestecat cu elastic pentru o croial\u0103 \u0219i o senza\u021bie flexibile. Conceput\u0103 cu noua noastr\u0103 band\u0103 de talie Infinity Bond f\u0103r\u0103 cus\u0103turi \u0219i un finisaj care absoarbe umezeala pentru confort maxim.<\/p>\n<p>Caracteristici<br \/>\n\u2022 amestec de bumbac super moale \u0219i elastic pentru un stil respirabil \u0219i elegant<br \/>\n\u2022 finisaj pe baz\u0103 de plante care absoarbe umezeala<br \/>\n\u2022 band\u0103 de talie Infinity Bond f\u0103r\u0103 cus\u0103turi pentru confort superior<br \/>\n\u2022 tiv cu \u00eendoial\u0103 pentru un finisaj curat<br \/>\n\u2022 se livreaz\u0103 \u00eentr-un pachet de 3<\/p>\n<p>Form\u0103 \u0219i croial\u0103<br \/>\n\u2022 hus\u0103 conturat\u0103 pentru sus\u021binere<\/p>\n<p>Compozi\u021bie \u0219i \u00eengrijire<br \/>\n95% bumbac 5% elastan<br \/>\nsp\u0103lare la ma\u0219in\u0103<\/p>\n<p>\u021bara de origine: Kenya<\/p>\n<p>Slipurile de baie pot fi returnate numai dac\u0103 sunt nedeschise, \u00een ambalajul original, nepurtate \u0219i \u00een aceea\u0219i stare \u00een care au fost livrate, cu toate etichetele ata\u0219ate.<\/p>\n<p><\/p>","protected":false},"excerpt":{"rendered":"<p>O icoan\u0103 Calvin Klein. Fabricat\u0103 din bumbac super moale amestecat cu elastic pentru o croial\u0103 \u0219i o senza\u021bie flexibile. Conceput\u0103<\/p>\n","protected":false},"featured_media":295376,"template":"","meta":[],"product_brand":[],"product_cat":[2194,429],"product_tag":[],"class_list":{"0":"post-295366","1":"product","2":"type-product","3":"status-publish","4":"has-post-thumbnail","6":"product_cat-toate-hainele-barbati","7":"product_cat-lenjerie-barbati","8":"pa_etichete-new-collection","10":"first","11":"instock","12":"taxable","13":"shipping-taxable","14":"purchasable","15":"product-type-variable"},"wcpa_form_fields":null,"_links":{"self":[{"href":"https:\/\/dev.prosportmagazin.md\/ro\/wp-json\/wp\/v2\/product\/295366","targetHints":{"allow":["GET"]}}],"collection":[{"href":"https:\/\/dev.prosportmagazin.md\/ro\/wp-json\/wp\/v2\/product"}],"about":[{"href":"https:\/\/dev.prosportmagazin.md\/ro\/wp-json\/wp\/v2\/types\/product"}],"wp:featuredmedia":[{"embeddable":true,"href":"https:\/\/dev.prosportmagazin.md\/ro\/wp-json\/wp\/v2\/media\/295376"}],"wp:attachment":[{"href":"https:\/\/dev.prosportmagazin.md\/ro\/wp-json\/wp\/v2\/media?parent=295366"}],"wp:term":[{"taxonomy":"product_brand","embeddable":true,"href":"https:\/\/dev.prosportmagazin.md\/ro\/wp-json\/wp\/v2\/product_brand?post=295366"},{"taxonomy":"product_cat","embeddable":true,"href":"https:\/\/dev.prosportmagazin.md\/ro\/wp-json\/wp\/v2\/product_cat?post=295366"},{"taxonomy":"product_tag","embeddable":true,"href":"https:\/\/dev.prosportmagazin.md\/ro\/wp-json\/wp\/v2\/product_tag?post=295366"}],"curies":[{"name":"wp","href":"https:\/\/api.w.org\/{rel}","templated":true}]}}