{"id":295442,"date":"2025-11-29T13:17:34","date_gmt":"2025-11-29T10:17:34","guid":{"rendered":"https:\/\/prosport.md\/?post_type=product&#038;p=295442"},"modified":"2025-11-29T15:29:24","modified_gmt":"2025-11-29T12:29:24","slug":"lenjerie-calvin-klein-hip-briefs-microfibre-stretch-stretch-3-pack-lv00nb4408-ub1","status":"publish","type":"product","link":"https:\/\/dev.prosportmagazin.md\/ro\/product\/lenjerie-calvin-klein-hip-briefs-microfibre-stretch-stretch-3-pack-lv00nb4408-ub1\/","title":{"rendered":"Lenjerie Calvin Klein Hip Briefs &#8211; Microfibre Stretch Stretch 3 Pack (LV00NB4408-UB1)"},"content":{"rendered":"<p><\/p>\n<p>Confort maxim cu microfibr\u0103 elastic\u0103 fin\u0103. Aceast\u0103 siluet\u0103 Calvin Klein este conceput\u0103 cu noua noastr\u0103 band\u0103 de talie Infinity Bond f\u0103r\u0103 cus\u0103turi \u0219i un finisaj pe baz\u0103 de plante care absoarbe umezeala pentru confort maxim.<\/p>\n<p>Caracteristici<br \/>\n\u2022 microfibr\u0103 moale \u0219i m\u0103t\u0103soas\u0103 pentru o mi\u0219care \u00eembun\u0103t\u0103\u021bit\u0103<br \/>\n\u2022 finisaj pe baz\u0103 de plante care absoarbe umezeala<br \/>\n\u2022 band\u0103 de talie Infinity Bond f\u0103r\u0103 cus\u0103turi pentru confort superior<br \/>\n\u2022 pachet de 3<\/p>\n<p>Form\u0103 \u0219i croial\u0103<br \/>\n\u2022 hus\u0103 conturat\u0103 pentru sus\u021binere<\/p>\n<p>Compozi\u021bie \u0219i \u00eengrijire<br \/>\n88% poliester 12% elastan<br \/>\nsp\u0103lare la ma\u0219in\u0103<\/p>\n<p>\u021bara de origine: India<\/p>\n<p>Chilo\u021bii pot fi returna\u021bi numai dac\u0103 sunt nedeschi\u0219i, \u00een ambalajul original, nepurta\u021bi \u0219i \u00een aceea\u0219i stare \u00een care au fost livra\u021bi, cu toate etichetele ata\u0219ate.<br \/>\n<\/p>","protected":false},"excerpt":{"rendered":"<p>Confort maxim cu microfibr\u0103 elastic\u0103 fin\u0103. Aceast\u0103 siluet\u0103 Calvin Klein este conceput\u0103 cu noua noastr\u0103 band\u0103 de talie Infinity Bond<\/p>\n","protected":false},"featured_media":295451,"template":"","meta":[],"product_brand":[],"product_cat":[2194,429],"product_tag":[],"class_list":{"0":"post-295442","1":"product","2":"type-product","3":"status-publish","4":"has-post-thumbnail","6":"product_cat-toate-hainele-barbati","7":"product_cat-lenjerie-barbati","8":"pa_etichete-new-collection","10":"first","11":"instock","12":"taxable","13":"shipping-taxable","14":"purchasable","15":"product-type-variable"},"wcpa_form_fields":null,"_links":{"self":[{"href":"https:\/\/dev.prosportmagazin.md\/ro\/wp-json\/wp\/v2\/product\/295442","targetHints":{"allow":["GET"]}}],"collection":[{"href":"https:\/\/dev.prosportmagazin.md\/ro\/wp-json\/wp\/v2\/product"}],"about":[{"href":"https:\/\/dev.prosportmagazin.md\/ro\/wp-json\/wp\/v2\/types\/product"}],"wp:featuredmedia":[{"embeddable":true,"href":"https:\/\/dev.prosportmagazin.md\/ro\/wp-json\/wp\/v2\/media\/295451"}],"wp:attachment":[{"href":"https:\/\/dev.prosportmagazin.md\/ro\/wp-json\/wp\/v2\/media?parent=295442"}],"wp:term":[{"taxonomy":"product_brand","embeddable":true,"href":"https:\/\/dev.prosportmagazin.md\/ro\/wp-json\/wp\/v2\/product_brand?post=295442"},{"taxonomy":"product_cat","embeddable":true,"href":"https:\/\/dev.prosportmagazin.md\/ro\/wp-json\/wp\/v2\/product_cat?post=295442"},{"taxonomy":"product_tag","embeddable":true,"href":"https:\/\/dev.prosportmagazin.md\/ro\/wp-json\/wp\/v2\/product_tag?post=295442"}],"curies":[{"name":"wp","href":"https:\/\/api.w.org\/{rel}","templated":true}]}}