{"id":296643,"date":"2025-12-04T13:50:31","date_gmt":"2025-12-04T10:50:31","guid":{"rendered":"https:\/\/prosport.md\/?post_type=product&#038;p=296643"},"modified":"2025-12-26T17:23:29","modified_gmt":"2025-12-26T14:23:29","slug":"adidasi-nike-court-borough-mid-2-cd7784-125","status":"publish","type":"product","link":"https:\/\/dev.prosportmagazin.md\/ro\/product\/adidasi-nike-court-borough-mid-2-cd7784-125\/","title":{"rendered":"Ghete Nike Court Borough Mid 2 (PS) (CD7784-125)"},"content":{"rendered":"<p><\/p>\n<p>CONFORT ALL-STAR.<\/p>\n<p>Ofer\u0103-le celor mici un look All-Star cu Nike Court Borough Mid 2. Designul clasic mid-top este fabricat din piele durabil\u0103 pentru un aspect \u0219i o senza\u021bie excep\u021bionale. \u00cenchiderea convenabil\u0103 cu velcro faciliteaz\u0103 \u00eenc\u0103l\u021barea \u0219i desc\u0103l\u021barea.<\/p>\n<p>Beneficii<br \/>\nPiele durabil\u0103 \u0219i u\u0219or de cur\u0103\u021bat.<br \/>\n\u0218ireturile elastice \u0219i cureaua cu velcro faciliteaz\u0103 \u00eenc\u0103l\u021barea \u0219i desc\u0103l\u021barea.<br \/>\nC\u0103ptu\u0219eal\u0103 pe limb\u0103 \u0219i glezn\u0103 pentru confort suplimentar.<br \/>\n\u0218an\u021burile de pe talp\u0103 exterioar\u0103 ofer\u0103 flexibilitate.<br \/>\nDetalii produs<br \/>\nTalpa tip cup\u0103 ofer\u0103 un stil clasic.<\/p>\n<p><\/p>","protected":false},"excerpt":{"rendered":"<p>CONFORT ALL-STAR. Ofer\u0103-le celor mici un look All-Star cu Nike Court Borough Mid 2. Designul clasic mid-top este fabricat din<\/p>\n","protected":false},"featured_media":298599,"template":"","meta":[],"product_brand":[],"product_cat":[2192,2765,2193,41,39],"product_tag":[],"class_list":{"0":"post-296643","1":"product","2":"type-product","3":"status-publish","4":"has-post-thumbnail","6":"product_cat-toate-incaltaminte-barbati","7":"product_cat-toata-incaltamintea-copii","8":"product_cat-toate-incaltaminte-femei","9":"product_cat-bocanci","10":"product_cat-ghete","11":"pa_etichete-new-collection","13":"first","14":"instock","15":"taxable","16":"shipping-taxable","17":"purchasable","18":"product-type-variable"},"wcpa_form_fields":null,"_links":{"self":[{"href":"https:\/\/dev.prosportmagazin.md\/ro\/wp-json\/wp\/v2\/product\/296643","targetHints":{"allow":["GET"]}}],"collection":[{"href":"https:\/\/dev.prosportmagazin.md\/ro\/wp-json\/wp\/v2\/product"}],"about":[{"href":"https:\/\/dev.prosportmagazin.md\/ro\/wp-json\/wp\/v2\/types\/product"}],"wp:featuredmedia":[{"embeddable":true,"href":"https:\/\/dev.prosportmagazin.md\/ro\/wp-json\/wp\/v2\/media\/298599"}],"wp:attachment":[{"href":"https:\/\/dev.prosportmagazin.md\/ro\/wp-json\/wp\/v2\/media?parent=296643"}],"wp:term":[{"taxonomy":"product_brand","embeddable":true,"href":"https:\/\/dev.prosportmagazin.md\/ro\/wp-json\/wp\/v2\/product_brand?post=296643"},{"taxonomy":"product_cat","embeddable":true,"href":"https:\/\/dev.prosportmagazin.md\/ro\/wp-json\/wp\/v2\/product_cat?post=296643"},{"taxonomy":"product_tag","embeddable":true,"href":"https:\/\/dev.prosportmagazin.md\/ro\/wp-json\/wp\/v2\/product_tag?post=296643"}],"curies":[{"name":"wp","href":"https:\/\/api.w.org\/{rel}","templated":true}]}}