{"id":297208,"date":"2025-12-06T12:00:03","date_gmt":"2025-12-06T09:00:03","guid":{"rendered":"https:\/\/prosport.md\/?post_type=product&#038;p=297208"},"modified":"2025-12-06T14:42:22","modified_gmt":"2025-12-06T11:42:22","slug":"hanorac-nike-impossibly-light-windrunner-running-jacket-hv6521-451","status":"publish","type":"product","link":"https:\/\/dev.prosportmagazin.md\/ro\/product\/hanorac-nike-impossibly-light-windrunner-running-jacket-hv6521-451\/","title":{"rendered":"Hanorac Nike Impossibly Light Windrunner Running Jacket Woven (HV6521-451)"},"content":{"rendered":"<p><\/p>\n<p>Jacheta Nike Impossibly Light Windrunner pentru b\u0103rba\u021bi este alegerea ideal\u0103 pentru toate condi\u021biile meteorologice, datorit\u0103 construc\u021biei sale excep\u021bional de u\u0219oare \u0219i propriet\u0103\u021bilor hidrofuge. Materialul s\u0103u cu protec\u021bie UV ofer\u0103 protec\u021bie suplimentar\u0103 \u00eempotriva soarelui. Orificiile de ventila\u021bie din spate v\u0103 ajut\u0103 s\u0103 v\u0103 men\u021bine\u021bi r\u0103coros, \u00een timp ce un buzunar interior ascuns ofer\u0103 depozitare sigur\u0103. Un fermoar complet \u0219i un \u0219nur de fixare pe glug\u0103 ofer\u0103 protec\u021bie personal\u0103. Aceast\u0103 jachet\u0103 pentru b\u0103rba\u021bi combin\u0103 stilul \u0219i func\u021bionalitatea cu un design inspirat de modelul Windrunner din 1978.<br \/>\n<\/p>","protected":false},"excerpt":{"rendered":"<p>Jacheta Nike Impossibly Light Windrunner pentru b\u0103rba\u021bi este alegerea ideal\u0103 pentru toate condi\u021biile meteorologice, datorit\u0103 construc\u021biei sale excep\u021bional de u\u0219oare<\/p>\n","protected":false},"featured_media":297215,"template":"","meta":[],"product_brand":[],"product_cat":[2194,422,1980],"product_tag":[],"class_list":{"0":"post-297208","1":"product","2":"type-product","3":"status-publish","4":"has-post-thumbnail","6":"product_cat-toate-hainele-barbati","7":"product_cat-hanorace-barbati","8":"product_cat-jachete-vint-ploaie-barbati","9":"pa_etichete-best-price","11":"first","12":"instock","13":"sale","14":"taxable","15":"shipping-taxable","16":"purchasable","17":"product-type-variable"},"wcpa_form_fields":null,"_links":{"self":[{"href":"https:\/\/dev.prosportmagazin.md\/ro\/wp-json\/wp\/v2\/product\/297208","targetHints":{"allow":["GET"]}}],"collection":[{"href":"https:\/\/dev.prosportmagazin.md\/ro\/wp-json\/wp\/v2\/product"}],"about":[{"href":"https:\/\/dev.prosportmagazin.md\/ro\/wp-json\/wp\/v2\/types\/product"}],"wp:featuredmedia":[{"embeddable":true,"href":"https:\/\/dev.prosportmagazin.md\/ro\/wp-json\/wp\/v2\/media\/297215"}],"wp:attachment":[{"href":"https:\/\/dev.prosportmagazin.md\/ro\/wp-json\/wp\/v2\/media?parent=297208"}],"wp:term":[{"taxonomy":"product_brand","embeddable":true,"href":"https:\/\/dev.prosportmagazin.md\/ro\/wp-json\/wp\/v2\/product_brand?post=297208"},{"taxonomy":"product_cat","embeddable":true,"href":"https:\/\/dev.prosportmagazin.md\/ro\/wp-json\/wp\/v2\/product_cat?post=297208"},{"taxonomy":"product_tag","embeddable":true,"href":"https:\/\/dev.prosportmagazin.md\/ro\/wp-json\/wp\/v2\/product_tag?post=297208"}],"curies":[{"name":"wp","href":"https:\/\/api.w.org\/{rel}","templated":true}]}}