{"id":297321,"date":"2025-12-06T15:02:39","date_gmt":"2025-12-06T12:02:39","guid":{"rendered":"https:\/\/prosport.md\/?post_type=product&#038;p=297321"},"modified":"2025-12-07T10:25:34","modified_gmt":"2025-12-07T07:25:34","slug":"pantaloni-scurti-nike-form-womens-boyshorts-hq7009-011","status":"publish","type":"product","link":"https:\/\/dev.prosportmagazin.md\/ro\/product\/pantaloni-scurti-nike-form-womens-boyshorts-hq7009-011\/","title":{"rendered":"Pantaloni Scurti Nike Form Women&#8217;s Boyshorts (HQ7009-011)"},"content":{"rendered":"<p><\/p>\n<p>\u0218ortul Nike Form Boyshorts cu tehnologie Stealth Evaporation elimin\u0103 umezeala pentru a v\u0103 men\u021bine un aspect proasp\u0103t. Materialul ultra-moale, de greutate medie, ofer\u0103 o acoperire fin\u0103.<\/p>\n<p>&#8211; Tehnologia Nike Stealth Evaporation reduce petele de transpira\u021bie prin dispersarea umezelii<br \/>\n&#8211; Cus\u0103turile etan\u0219ate ofer\u0103 o durabilitate mai mare \u0219i un finisaj curat<br \/>\n&#8211; Partea frontal\u0103 f\u0103r\u0103 cus\u0103turi asigur\u0103 o potrivire perfect\u0103<br \/>\n&#8211; Logo Swoosh din silicon pe tivul din st\u00e2nga jos<br \/>\n<\/p>","protected":false},"excerpt":{"rendered":"<p>\u0218ortul Nike Form Boyshorts cu tehnologie Stealth Evaporation elimin\u0103 umezeala pentru a v\u0103 men\u021bine un aspect proasp\u0103t. Materialul ultra-moale, de<\/p>\n","protected":false},"featured_media":297325,"template":"","meta":[],"product_brand":[],"product_cat":[2195,320,417],"product_tag":[307],"class_list":{"0":"post-297321","1":"product","2":"type-product","3":"status-publish","4":"has-post-thumbnail","6":"product_cat-toate-hainele-femei","7":"product_cat-leggings-femei","8":"product_cat-sorti-femei","9":"product_tag-s","10":"pa_etichete-best-seller","12":"first","13":"instock","14":"sale","15":"featured","16":"purchasable","17":"product-type-variable"},"wcpa_form_fields":null,"_links":{"self":[{"href":"https:\/\/dev.prosportmagazin.md\/ro\/wp-json\/wp\/v2\/product\/297321","targetHints":{"allow":["GET"]}}],"collection":[{"href":"https:\/\/dev.prosportmagazin.md\/ro\/wp-json\/wp\/v2\/product"}],"about":[{"href":"https:\/\/dev.prosportmagazin.md\/ro\/wp-json\/wp\/v2\/types\/product"}],"wp:featuredmedia":[{"embeddable":true,"href":"https:\/\/dev.prosportmagazin.md\/ro\/wp-json\/wp\/v2\/media\/297325"}],"wp:attachment":[{"href":"https:\/\/dev.prosportmagazin.md\/ro\/wp-json\/wp\/v2\/media?parent=297321"}],"wp:term":[{"taxonomy":"product_brand","embeddable":true,"href":"https:\/\/dev.prosportmagazin.md\/ro\/wp-json\/wp\/v2\/product_brand?post=297321"},{"taxonomy":"product_cat","embeddable":true,"href":"https:\/\/dev.prosportmagazin.md\/ro\/wp-json\/wp\/v2\/product_cat?post=297321"},{"taxonomy":"product_tag","embeddable":true,"href":"https:\/\/dev.prosportmagazin.md\/ro\/wp-json\/wp\/v2\/product_tag?post=297321"}],"curies":[{"name":"wp","href":"https:\/\/api.w.org\/{rel}","templated":true}]}}