{"id":297329,"date":"2025-12-06T15:07:43","date_gmt":"2025-12-06T12:07:43","guid":{"rendered":"https:\/\/prosport.md\/?post_type=product&#038;p=297329"},"modified":"2025-12-07T10:26:06","modified_gmt":"2025-12-07T07:26:06","slug":"salopeta-nike-yoga-dri-fit-luxe-5-inch-jumpsuit-dx1725-010","status":"publish","type":"product","link":"https:\/\/dev.prosportmagazin.md\/ro\/product\/salopeta-nike-yoga-dri-fit-luxe-5-inch-jumpsuit-dx1725-010\/","title":{"rendered":"Salopeta Nike Yoga Dri Fit Luxe 5 Inch Jumpsuit (DX1725-010)"},"content":{"rendered":"<p><\/p>\n<p>Cufund\u0103-te \u00een energia pozitiv\u0103 a naturii cu un look revigorat \u00een aceast\u0103 salopet\u0103 tricotat\u0103. Spatele deschis \u0219i lungimea scurt\u0103 permit o circula\u021bie excelent\u0103 a aerului, \u00een timp ce croiala str\u00e2ns\u0103 \u0219i panourile alternante din materialul Infinalon cu nervuri \u0219i netede creeaz\u0103 un aspect elegant. Mi\u0219c\u0103-te fluid \u00een pozi\u021biile tale datorit\u0103 tehnologiei de eliminare a transpira\u021biei, care \u00ee\u021bi permite s\u0103 te concentrezi pe g\u0103sirea echilibrului t\u0103u interior.<\/p>\n<p>Tehnologia Nike Dri-FIT \u00eendep\u0103rteaz\u0103 transpira\u021bia de pe piele pentru o evaporare mai rapid\u0103, ajut\u00e2ndu-te s\u0103 r\u0103m\u00e2i uscat \u0219i confortabil.<\/p>\n<p>Materialul Infinalon este irezistibil de moale \u0219i neted, oferind \u00een acela\u0219i timp o senza\u021bie u\u0219oar\u0103 de compresie care \u00eembr\u0103\u021bi\u0219eaz\u0103 corpul, astfel \u00eenc\u00e2t s\u0103 te po\u021bi \u00eentinde \u0219i mi\u0219ca liber.<br \/>\n<\/p>","protected":false},"excerpt":{"rendered":"<p>Cufund\u0103-te \u00een energia pozitiv\u0103 a naturii cu un look revigorat \u00een aceast\u0103 salopet\u0103 tricotat\u0103. Spatele deschis \u0219i lungimea scurt\u0103 permit<\/p>\n","protected":false},"featured_media":297332,"template":"","meta":[],"product_brand":[],"product_cat":[3086,2403,2195,320,417],"product_tag":[307],"class_list":{"0":"post-297329","1":"product","2":"type-product","3":"status-publish","4":"has-post-thumbnail","6":"product_cat-big-sale-40","7":"product_cat-salopete","8":"product_cat-toate-hainele-femei","9":"product_cat-leggings-femei","10":"product_cat-sorti-femei","11":"product_tag-s","12":"pa_etichete-best-seller","14":"first","15":"instock","16":"sale","17":"featured","18":"purchasable","19":"product-type-variable"},"wcpa_form_fields":null,"_links":{"self":[{"href":"https:\/\/dev.prosportmagazin.md\/ro\/wp-json\/wp\/v2\/product\/297329","targetHints":{"allow":["GET"]}}],"collection":[{"href":"https:\/\/dev.prosportmagazin.md\/ro\/wp-json\/wp\/v2\/product"}],"about":[{"href":"https:\/\/dev.prosportmagazin.md\/ro\/wp-json\/wp\/v2\/types\/product"}],"wp:featuredmedia":[{"embeddable":true,"href":"https:\/\/dev.prosportmagazin.md\/ro\/wp-json\/wp\/v2\/media\/297332"}],"wp:attachment":[{"href":"https:\/\/dev.prosportmagazin.md\/ro\/wp-json\/wp\/v2\/media?parent=297329"}],"wp:term":[{"taxonomy":"product_brand","embeddable":true,"href":"https:\/\/dev.prosportmagazin.md\/ro\/wp-json\/wp\/v2\/product_brand?post=297329"},{"taxonomy":"product_cat","embeddable":true,"href":"https:\/\/dev.prosportmagazin.md\/ro\/wp-json\/wp\/v2\/product_cat?post=297329"},{"taxonomy":"product_tag","embeddable":true,"href":"https:\/\/dev.prosportmagazin.md\/ro\/wp-json\/wp\/v2\/product_tag?post=297329"}],"curies":[{"name":"wp","href":"https:\/\/api.w.org\/{rel}","templated":true}]}}