{"id":297372,"date":"2025-12-08T15:33:27","date_gmt":"2025-12-08T12:33:27","guid":{"rendered":"https:\/\/prosport.md\/?post_type=product&#038;p=297372"},"modified":"2025-12-26T17:23:27","modified_gmt":"2025-12-26T14:23:27","slug":"tricou-nike-dri-fit-basketball-if4945-100","status":"publish","type":"product","link":"https:\/\/dev.prosportmagazin.md\/ro\/product\/tricou-nike-dri-fit-basketball-if4945-100\/","title":{"rendered":"Tricou Nike  Dri-Fit Basketball (IF4945-100)"},"content":{"rendered":"<p><br \/>\n\u00cembun\u0103t\u0103\u021be\u0219te-\u021bi garderoba casual \u0219i atletic\u0103 cu tricoul de baschet Nike Dri-Fit, conceput pentru femeile care apreciaz\u0103 at\u00e2t stilul, c\u00e2t \u0219i performan\u021ba. Creat de renumitul brand Nike, acest tricou \u00eembin\u0103 cea mai recent\u0103 tehnologie sport cu o estetic\u0103 modern\u0103.<\/p>\n<p>Caracteristici principale:<\/p>\n<p>Tehnologie inovatoare Dri-FIT: R\u0103m\u00e2i r\u0103coros \u0219i uscat datorit\u0103 materialului avansat de eliminare a umezelii de la Nike, asigur\u00e2nd confort maxim \u00een timpul meciurilor intense de baschet sau al ie\u0219irilor casual.<\/p>\n<p>Design sustenabil: Adopt\u0103 moda ecologic\u0103 cu acest tricou fabricat sustenabil, confec\u021bionat din 57% bumbac \u0219i 43% poliester, reflect\u00e2nd angajamentul Nike fa\u021b\u0103 de o planet\u0103 mai verde.<\/p>\n<p>Stil versatil: Culoarea alb\u0103 \u0219i grafica izbitoare cu tematic\u0103 de baschet \u00eel fac perfect at\u00e2t pentru sport, c\u00e2t \u0219i pentru purtarea de zi cu zi, \u00eentruchip\u00e2nd un spirit de elegan\u021b\u0103 atletic\u0103.<\/p>\n<p>Croial\u0103 \u0219i func\u021bionalitate optime: Cu o croial\u0103 standard, acest tricou ofer\u0103 respirabilitate \u0219i mi\u0219care nerestric\u021bionat\u0103, fiind ideal pentru o varietate de activit\u0103\u021bi, de la \u00eent\u00e2lniri casual la performan\u021be pe teren.<\/p>\n<p>Aspect sezonier: Conceput pentru a fi purtat pe tot parcursul anului, acest tricou este un element de baz\u0103 pentru garderoba oric\u0103rei femei active.<\/p>\n<p>Indiferent dac\u0103 te joci pe teren sau te bucuri de o zi relaxat\u0103, tricoul de baschet Nike Dri-Fit este alegerea ta preferat\u0103 pentru confort, stil \u0219i sustenabilitate. Treci la nivelul urm\u0103tor \u0219i f\u0103-\u021bi sim\u021bit\u0103 prezen\u021ba cu aceast\u0103 pies\u0103 vestimentar\u0103 obligatorie.<\/p>\n<p>Acest stil este conceput pentru noua genera\u021bie. \u00cendr\u0103zne\u021b. \u00cendr\u0103zne\u021b \u0219i \u00eencrez\u0103tor.<br \/>\nCu o croial\u0103 lejer\u0103 \u0219i o lungime complet\u0103, acest tricou este conceput s\u0103 se mi\u0219te odat\u0103 cu tine.<br \/>\nTehnologia Nike Dri-FIT elimin\u0103 transpira\u021bia de pe piele pentru o evaporare mai rapid\u0103, ajut\u00e2ndu-te s\u0103 r\u0103m\u00e2i uscat \u0219i protejat.<br \/>\nGulerul cu nervuri se \u00eentinde atunci c\u00e2nd \u00eel \u00eembraci \u0219i \u00eel dai jos.<br \/>\nAmestecul de materiale folosite \u00een acest tricou este incredibil de moale \u0219i pl\u0103cut la atingere.<br \/>\nUn imprimeu colorat mare pe partea din fa\u021b\u0103 a pieptului adaug\u0103 un aspect Nike Heritage.<br \/>\nCompozi\u021bie: 64% bumbac; 36% poliester.<br \/>\n<\/p>","protected":false},"excerpt":{"rendered":"<p>\u00cembun\u0103t\u0103\u021be\u0219te-\u021bi garderoba casual \u0219i atletic\u0103 cu tricoul de baschet Nike Dri-Fit, conceput pentru femeile care apreciaz\u0103 at\u00e2t stilul, c\u00e2t \u0219i<\/p>\n","protected":false},"featured_media":297377,"template":"","meta":[],"product_brand":[],"product_cat":[2195,1828,444],"product_tag":[322],"class_list":{"0":"post-297372","1":"product","2":"type-product","3":"status-publish","4":"has-post-thumbnail","6":"product_cat-toate-hainele-femei","7":"product_cat-tricouri-copii-fete","8":"product_cat-tricouri-femei","9":"product_tag-xl","10":"pa_etichete-new-collection","12":"first","13":"instock","14":"featured","15":"purchasable","16":"product-type-variable"},"wcpa_form_fields":null,"_links":{"self":[{"href":"https:\/\/dev.prosportmagazin.md\/ro\/wp-json\/wp\/v2\/product\/297372","targetHints":{"allow":["GET"]}}],"collection":[{"href":"https:\/\/dev.prosportmagazin.md\/ro\/wp-json\/wp\/v2\/product"}],"about":[{"href":"https:\/\/dev.prosportmagazin.md\/ro\/wp-json\/wp\/v2\/types\/product"}],"wp:featuredmedia":[{"embeddable":true,"href":"https:\/\/dev.prosportmagazin.md\/ro\/wp-json\/wp\/v2\/media\/297377"}],"wp:attachment":[{"href":"https:\/\/dev.prosportmagazin.md\/ro\/wp-json\/wp\/v2\/media?parent=297372"}],"wp:term":[{"taxonomy":"product_brand","embeddable":true,"href":"https:\/\/dev.prosportmagazin.md\/ro\/wp-json\/wp\/v2\/product_brand?post=297372"},{"taxonomy":"product_cat","embeddable":true,"href":"https:\/\/dev.prosportmagazin.md\/ro\/wp-json\/wp\/v2\/product_cat?post=297372"},{"taxonomy":"product_tag","embeddable":true,"href":"https:\/\/dev.prosportmagazin.md\/ro\/wp-json\/wp\/v2\/product_tag?post=297372"}],"curies":[{"name":"wp","href":"https:\/\/api.w.org\/{rel}","templated":true}]}}