{"id":298208,"date":"2025-12-23T00:00:00","date_gmt":"2025-12-22T21:00:00","guid":{"rendered":"https:\/\/prosport.md\/?post_type=product&#038;p=298208"},"modified":"2026-01-30T21:20:52","modified_gmt":"2026-01-30T18:20:52","slug":"scurta-nike-sportswear-all-day-play-86n074-023","status":"publish","type":"product","link":"https:\/\/dev.prosportmagazin.md\/ro\/product\/scurta-nike-sportswear-all-day-play-86n074-023\/","title":{"rendered":"Scurta Nike Sportswear All Day Play (86N074-023)"},"content":{"rendered":"<p><br \/>\nAceast\u0103 jachet\u0103 este confec\u021bionat\u0103 din poliester \u021besut \u0219i matlasat\u0103 pe toat\u0103 suprafa\u021ba, umplut\u0103 cu puf artificial moale pentru o c\u0103ldur\u0103 confortabil\u0103. O croial\u0103 lejer\u0103 \u0219i fermoarul pe toat\u0103 lungimea o fac u\u0219or de combinat \u0219i asortat, \u00een timp ce buzunarele laterale ofer\u0103 spa\u021biu de depozitare pentru obiecte mici, iar gluga \u0219i finisajul hidrofug \u00eel vor proteja pe micu\u021b de ploaia u\u0219oar\u0103. Man\u0219etele \u0219i tivul elastic v\u0103 \u021bin de cald.<\/p>\n<p>Jachet\u0103 neagr\u0103 matlasat\u0103, groas\u0103, cu m\u00e2neci lungi, glug\u0103, \u00eenchidere frontal\u0103 cu fermoar, buzunare laterale \u0219i man\u0219ete \u0219i tiv elastic. Este decorat\u0103 cu un logo brodat pe piept.<\/p>\n<p>Compozi\u021bie: 100% poliester<\/p>\n<p><\/p>","protected":false},"excerpt":{"rendered":"<p>Aceast\u0103 jachet\u0103 este confec\u021bionat\u0103 din poliester \u021besut \u0219i matlasat\u0103 pe toat\u0103 suprafa\u021ba, umplut\u0103 cu puf artificial moale pentru o c\u0103ldur\u0103<\/p>\n","protected":false},"featured_media":298216,"template":"","meta":[],"product_brand":[],"product_cat":[2767,393,1823],"product_tag":[367],"class_list":{"0":"post-298208","1":"product","2":"type-product","3":"status-publish","4":"has-post-thumbnail","6":"product_cat-toate-hainele-copii","7":"product_cat-scurte-copii","8":"product_cat-scurte-copii-fete","9":"product_tag-l-g","10":"pa_etichete-new-collection","12":"first","13":"instock","14":"purchasable","15":"product-type-variable"},"wcpa_form_fields":null,"_links":{"self":[{"href":"https:\/\/dev.prosportmagazin.md\/ro\/wp-json\/wp\/v2\/product\/298208","targetHints":{"allow":["GET"]}}],"collection":[{"href":"https:\/\/dev.prosportmagazin.md\/ro\/wp-json\/wp\/v2\/product"}],"about":[{"href":"https:\/\/dev.prosportmagazin.md\/ro\/wp-json\/wp\/v2\/types\/product"}],"wp:featuredmedia":[{"embeddable":true,"href":"https:\/\/dev.prosportmagazin.md\/ro\/wp-json\/wp\/v2\/media\/298216"}],"wp:attachment":[{"href":"https:\/\/dev.prosportmagazin.md\/ro\/wp-json\/wp\/v2\/media?parent=298208"}],"wp:term":[{"taxonomy":"product_brand","embeddable":true,"href":"https:\/\/dev.prosportmagazin.md\/ro\/wp-json\/wp\/v2\/product_brand?post=298208"},{"taxonomy":"product_cat","embeddable":true,"href":"https:\/\/dev.prosportmagazin.md\/ro\/wp-json\/wp\/v2\/product_cat?post=298208"},{"taxonomy":"product_tag","embeddable":true,"href":"https:\/\/dev.prosportmagazin.md\/ro\/wp-json\/wp\/v2\/product_tag?post=298208"}],"curies":[{"name":"wp","href":"https:\/\/api.w.org\/{rel}","templated":true}]}}