{"id":298331,"date":"2026-02-20T00:00:00","date_gmt":"2026-02-19T22:00:00","guid":{"rendered":"https:\/\/prosport.md\/?post_type=product&#038;p=298331"},"modified":"2026-02-20T16:54:42","modified_gmt":"2026-02-20T14:54:42","slug":"leggings-termo-under-armour-golf-coldgear-1366075-100","status":"publish","type":"product","link":"https:\/\/dev.prosportmagazin.md\/ro\/product\/leggings-termo-under-armour-golf-coldgear-1366075-100\/","title":{"rendered":"Leggings Termo Under Armour Golf ColdGear (1366075-100)"},"content":{"rendered":"<p><br \/>\nColan\u021bi compresivi Under Armour Golf Armour ColdGear pentru b\u0103rba\u021bi. Un colan\u021bi cu croial\u0103 compresiv\u0103, cu tehnologie ColdGear, care v\u0103 \u021bin de cald, datorit\u0103 interiorului periat care re\u021bine c\u0103ldura.<\/p>\n<p>\u2013 Material dublu cu interior periat ultra-c\u0103lduros \u0219i exterior neted, cu uscare rapid\u0103<br \/>\n\u2013 Cenu\u0219\u0103tura elastic\u0103 din plas\u0103 \u0219i panourile de la cus\u0103tur\u0103 ofer\u0103 ventila\u021bie strategic\u0103<br \/>\n\u2013 Construc\u021bia elastic\u0103 \u00een 4 direc\u021bii, se mi\u0219c\u0103 mai bine \u00een toate direc\u021biile<br \/>\n\u2013 Materialul elimin\u0103 transpira\u021bia \u0219i se usuc\u0103 foarte repede<br \/>\n\u2013 Designul ergonomic \u00eempiedic\u0103 cus\u0103turile s\u0103 ajung\u0103 \u00een zonele cu abraziune ridicat\u0103<br \/>\n\u2013 Designul actualizat al cenu\u0219\u0103turii ofer\u0103 suport \u0219i confort optim<br \/>\n\u2013 Pocket Drop-in Strength Pocket\u2122 pe partea dreapt\u0103 pentru depozitare u\u0219oar\u0103<br \/>\n\u2013 87% poliester, 13% elastan<br \/>\n\u2013 Croial\u0103 compresiv\u0103<br \/>\n\ud83c\udf1f Diferen\u021ba: M\u0103rime Semnifica\u021bie: Cine ar trebui s\u0103 o aleag\u0103 L (Regular) Persoanele care poart\u0103 \u00een mod normal m\u0103rimea L \u0219i au o \u00een\u0103l\u021bime standard (medie). L-T (Large-Tall) Persoanele care poart\u0103 m\u0103rimea L, dar sunt \u00eenalte (de obicei, peste 1.78 &#8211; 1.80 m sau simt c\u0103 lungimea regular este prea scurt\u0103). Conform ghidului de m\u0103rimi Under Armour, diferen\u021ba este standardizat\u0103: M\u0103rimile TALL (T) (L-T, M-T, etc.) sunt cu 2 inch \/ 5 cm mai lungi dec\u00e2t m\u0103rimile REGULAR (L, M, etc.). Important: M\u0103sur\u0103torile pentru talie \u0219i \u0219old r\u0103m\u00e2n acelea\u0219i pentru ambele variante. <\/p>","protected":false},"excerpt":{"rendered":"<p>Colan\u021bi compresivi Under Armour Golf Armour ColdGear pentru b\u0103rba\u021bi. Un colan\u021bi cu croial\u0103 compresiv\u0103, cu tehnologie ColdGear, care v\u0103 \u021bin<\/p>\n","protected":false},"featured_media":298348,"template":"","meta":[],"product_brand":[],"product_cat":[2194,343,342],"product_tag":[],"class_list":{"0":"post-298331","1":"product","2":"type-product","3":"status-publish","4":"has-post-thumbnail","6":"product_cat-toate-hainele-barbati","7":"product_cat-leggings-barbati","8":"product_cat-termo","9":"pa_etichete-new-collection","10":"pa_etichete-termo","12":"first","13":"instock","14":"taxable","15":"shipping-taxable","16":"purchasable","17":"product-type-variable"},"wcpa_form_fields":null,"_links":{"self":[{"href":"https:\/\/dev.prosportmagazin.md\/ro\/wp-json\/wp\/v2\/product\/298331","targetHints":{"allow":["GET"]}}],"collection":[{"href":"https:\/\/dev.prosportmagazin.md\/ro\/wp-json\/wp\/v2\/product"}],"about":[{"href":"https:\/\/dev.prosportmagazin.md\/ro\/wp-json\/wp\/v2\/types\/product"}],"wp:featuredmedia":[{"embeddable":true,"href":"https:\/\/dev.prosportmagazin.md\/ro\/wp-json\/wp\/v2\/media\/298348"}],"wp:attachment":[{"href":"https:\/\/dev.prosportmagazin.md\/ro\/wp-json\/wp\/v2\/media?parent=298331"}],"wp:term":[{"taxonomy":"product_brand","embeddable":true,"href":"https:\/\/dev.prosportmagazin.md\/ro\/wp-json\/wp\/v2\/product_brand?post=298331"},{"taxonomy":"product_cat","embeddable":true,"href":"https:\/\/dev.prosportmagazin.md\/ro\/wp-json\/wp\/v2\/product_cat?post=298331"},{"taxonomy":"product_tag","embeddable":true,"href":"https:\/\/dev.prosportmagazin.md\/ro\/wp-json\/wp\/v2\/product_tag?post=298331"}],"curies":[{"name":"wp","href":"https:\/\/api.w.org\/{rel}","templated":true}]}}