{"id":301517,"date":"2023-01-14T18:20:06","date_gmt":"2023-01-14T15:20:06","guid":{"rendered":"https:\/\/prosport.md\/?post_type=product&#038;p=301517"},"modified":"2025-12-22T12:47:02","modified_gmt":"2025-12-22T09:47:02","slug":"rucsac-hugo-logo-patch-50492028","status":"publish","type":"product","link":"https:\/\/dev.prosportmagazin.md\/ro\/product\/rucsac-hugo-logo-patch-50492028\/","title":{"rendered":"Rucsac Hugo Logo-patch (50492028)"},"content":{"rendered":"<p><br \/>\nUn rucsac modern de la HUGO, confec\u021bionat din piele ecologic\u0103 granulat\u0103, cu un etichet\u0103 cu logo \u00een aceea\u0219i tonalitate pe buzunarul frontal. \u00cen\u0103l\u021bime: 42 cm Lungime: 29 cm L\u0103\u021bime: 14 cm<br \/>\nLungime: 30,0 cm (11,8 inci)<br \/>\nL\u0103\u021bime: 16,0 cm (6,3 inci)<br \/>\n\u00cen\u0103l\u021bime: 42,0 cm (16,5 inci)<br \/>\n\u00cenchidere superioar\u0103: \u00cenchidere cu fermoar bidirec\u021bional<br \/>\n1 buzunar interior cu fermoar<br \/>\nFinisaj accesorii: Feronerie argintie lustruit\u0103<br \/>\nM\u00e2ner superior<br \/>\nAmbalaj: Hus\u0103 de praf<br \/>\n<\/p>","protected":false},"excerpt":{"rendered":"<p>Un rucsac modern de la HUGO, confec\u021bionat din piele ecologic\u0103 granulat\u0103, cu un etichet\u0103 cu logo \u00een aceea\u0219i tonalitate pe<\/p>\n","protected":false},"featured_media":301519,"template":"","meta":[],"product_brand":[],"product_cat":[2196,2766,2197,528,44],"product_tag":[],"class_list":{"0":"post-301517","1":"product","2":"type-product","3":"status-publish","4":"has-post-thumbnail","6":"product_cat-toate-accesoriile-barbati","7":"product_cat-toate-accesoriile-copii","8":"product_cat-toate-accesoriile-femei","9":"product_cat-precomanda","10":"product_cat-rucsacuri","11":"pa_etichete-la-comanda","13":"first","14":"instock","15":"purchasable","16":"product-type-variable"},"wcpa_form_fields":null,"_links":{"self":[{"href":"https:\/\/dev.prosportmagazin.md\/ro\/wp-json\/wp\/v2\/product\/301517","targetHints":{"allow":["GET"]}}],"collection":[{"href":"https:\/\/dev.prosportmagazin.md\/ro\/wp-json\/wp\/v2\/product"}],"about":[{"href":"https:\/\/dev.prosportmagazin.md\/ro\/wp-json\/wp\/v2\/types\/product"}],"wp:featuredmedia":[{"embeddable":true,"href":"https:\/\/dev.prosportmagazin.md\/ro\/wp-json\/wp\/v2\/media\/301519"}],"wp:attachment":[{"href":"https:\/\/dev.prosportmagazin.md\/ro\/wp-json\/wp\/v2\/media?parent=301517"}],"wp:term":[{"taxonomy":"product_brand","embeddable":true,"href":"https:\/\/dev.prosportmagazin.md\/ro\/wp-json\/wp\/v2\/product_brand?post=301517"},{"taxonomy":"product_cat","embeddable":true,"href":"https:\/\/dev.prosportmagazin.md\/ro\/wp-json\/wp\/v2\/product_cat?post=301517"},{"taxonomy":"product_tag","embeddable":true,"href":"https:\/\/dev.prosportmagazin.md\/ro\/wp-json\/wp\/v2\/product_tag?post=301517"}],"curies":[{"name":"wp","href":"https:\/\/api.w.org\/{rel}","templated":true}]}}