{"id":302475,"date":"2025-12-25T20:55:52","date_gmt":"2025-12-25T17:55:52","guid":{"rendered":"https:\/\/prosport.md\/?post_type=product&#038;p=302475"},"modified":"2025-12-26T14:59:45","modified_gmt":"2025-12-26T11:59:45","slug":"sandale-adidas-yeezy-foam-runner-kids-mx-cinder-id4127","status":"publish","type":"product","link":"https:\/\/dev.prosportmagazin.md\/ro\/product\/sandale-adidas-yeezy-foam-runner-kids-mx-cinder-id4127\/","title":{"rendered":"Sandale Adidas Yeezy Foam Runner Kids &#8220;MX Cinder&#8221; (ID4127)"},"content":{"rendered":"<p><\/p>\n<p>Adidas Yeezy Foam Runner \u201eMX Cinder\u201d redefine\u0219te un clasic cu o not\u0103 \u00eendr\u0103znea\u021b\u0103, f\u0103c\u00e2ndu-l un must-have pentru iubitorii de sneaker\u0219i. Av\u00e2nd o culoare vibrant\u0103 MX Cinder, aceast\u0103 edi\u021bie Yeezy Foam Runner eviden\u021biaz\u0103 un amestec de spum\u0103 EVA sculptat\u0103 \u0219i materiale pe baz\u0103 de alge pentru un aspect premium, al\u0103turi de designul emblematic turnat dintr-o singur\u0103 pies\u0103. Orificiile sale strategice de ventila\u021bie adaug\u0103 o not\u0103 contemporan\u0103 siluetei atemporale, oferind at\u00e2t stil, c\u00e2t \u0219i respirabilitate pentru purtarea de zi cu zi. Perfec\u021bi pentru a ad\u0103uga o not\u0103 futurist\u0103 oric\u0103rei \u021binute, ace\u0219ti sneaker\u0219i \u00eentruchipeaz\u0103 spiritul inovator adidas \u0219i Yeezy cu o actualizare proasp\u0103t\u0103. Descoper\u0103-i la Mad Kicks \u0219i d\u0103-\u021bi un plus de stil.<\/p>\n<p><\/p>","protected":false},"excerpt":{"rendered":"<p>Adidas Yeezy Foam Runner \u201eMX Cinder\u201d redefine\u0219te un clasic cu o not\u0103 \u00eendr\u0103znea\u021b\u0103, f\u0103c\u00e2ndu-l un must-have pentru iubitorii de sneaker\u0219i.<\/p>\n","protected":false},"featured_media":302477,"template":"","meta":[],"product_brand":[],"product_cat":[2192,2765,2193,206,202],"product_tag":[311],"class_list":{"0":"post-302475","1":"product","2":"type-product","3":"status-publish","4":"has-post-thumbnail","6":"product_cat-toate-incaltaminte-barbati","7":"product_cat-toata-incaltamintea-copii","8":"product_cat-toate-incaltaminte-femei","9":"product_cat-sandale","10":"product_cat-slapi","11":"product_tag-311","12":"pa_etichete-new-collection","14":"first","15":"instock","16":"sale","17":"purchasable","18":"product-type-variable"},"wcpa_form_fields":null,"_links":{"self":[{"href":"https:\/\/dev.prosportmagazin.md\/ro\/wp-json\/wp\/v2\/product\/302475","targetHints":{"allow":["GET"]}}],"collection":[{"href":"https:\/\/dev.prosportmagazin.md\/ro\/wp-json\/wp\/v2\/product"}],"about":[{"href":"https:\/\/dev.prosportmagazin.md\/ro\/wp-json\/wp\/v2\/types\/product"}],"wp:featuredmedia":[{"embeddable":true,"href":"https:\/\/dev.prosportmagazin.md\/ro\/wp-json\/wp\/v2\/media\/302477"}],"wp:attachment":[{"href":"https:\/\/dev.prosportmagazin.md\/ro\/wp-json\/wp\/v2\/media?parent=302475"}],"wp:term":[{"taxonomy":"product_brand","embeddable":true,"href":"https:\/\/dev.prosportmagazin.md\/ro\/wp-json\/wp\/v2\/product_brand?post=302475"},{"taxonomy":"product_cat","embeddable":true,"href":"https:\/\/dev.prosportmagazin.md\/ro\/wp-json\/wp\/v2\/product_cat?post=302475"},{"taxonomy":"product_tag","embeddable":true,"href":"https:\/\/dev.prosportmagazin.md\/ro\/wp-json\/wp\/v2\/product_tag?post=302475"}],"curies":[{"name":"wp","href":"https:\/\/api.w.org\/{rel}","templated":true}]}}