{"id":303502,"date":"2026-01-12T00:00:00","date_gmt":"2026-01-11T21:00:00","guid":{"rendered":"https:\/\/prosport.md\/?post_type=product&#038;p=303502"},"modified":"2026-01-12T15:19:43","modified_gmt":"2026-01-12T12:19:43","slug":"adidasi-nike-shox-tl-if7119-001","status":"publish","type":"product","link":"https:\/\/dev.prosportmagazin.md\/ro\/product\/adidasi-nike-shox-tl-if7119-001\/","title":{"rendered":"Adidasi Nike Shox TL (IF7119-001)"},"content":{"rendered":"<p><\/p>\n<p>Nike Shox TL s-ar putea s\u0103 nu mai fie v\u00e2rful tehnologiei performante a brandului, dar continu\u0103 s\u0103 ofere nostalgie \u00een variante revigorante. Recent, designul vechi de 22 de ani a ap\u0103rut \u00eentr-o schem\u0103 de culori \u201eNegru\/Varsity Maize\u201d.<\/p>\n<p>De\u0219i aminte\u0219te de culorile clasice ale lui Batman, perechea nou ap\u0103rut\u0103 nu are nicio leg\u0103tur\u0103 oficial\u0103 cu universul DC Comics. (Nici un viitor Big Bubble Air Max 95 nu are, dar paleta sa de culori este mai apropiat\u0103 de aspectul iconic al Caped Crusader.) Varianta \u201eTotal\u201d a francizei Nike Shox se deda \u00een principal unei transform\u0103ri \u00eentunecate pe partea superioar\u0103 din materiale mixte, preg\u0103tind scena pentru ca cel mai mic contrast s\u0103 se bucure de lumina reflectoarelor.<\/p>\n<p>Supporturile lucioase TPU de-a lungul profilului ofer\u0103 o not\u0103 atr\u0103g\u0103toare, dar palide \u00een compara\u021bie cu \u201eArgintiu Metallic\u201d care preia logo-urile swoosh \u0219i panourile reflectorizante de pe coloana vertebral\u0103. Rama de stabilitate pe care este construit\u0103 jum\u0103tatea superioar\u0103 prezint\u0103 un bogat \u201eVarsity Maize\u201d, care anim\u0103 \u0219i buclele de dantel\u0103 de-a lungul limbii. Brandingul specific Shox adopt\u0103 o actualizare \u201ePlayful Pink\u201d care se abate de la \u00eemprejurimi, dar men\u021bine lucrurile interesante.<br \/>\n<\/p>","protected":false},"excerpt":{"rendered":"<p>Nike Shox TL s-ar putea s\u0103 nu mai fie v\u00e2rful tehnologiei performante a brandului, dar continu\u0103 s\u0103 ofere nostalgie \u00een<\/p>\n","protected":false},"featured_media":304346,"template":"","meta":[],"product_brand":[],"product_cat":[2192,2765,2193,38],"product_tag":[308],"class_list":{"0":"post-303502","1":"product","2":"type-product","3":"status-publish","4":"has-post-thumbnail","6":"product_cat-toate-incaltaminte-barbati","7":"product_cat-toata-incaltamintea-copii","8":"product_cat-toate-incaltaminte-femei","9":"product_cat-adidasi","10":"product_tag-xs","12":"first","13":"instock","14":"sale","15":"purchasable","16":"product-type-variable"},"wcpa_form_fields":null,"_links":{"self":[{"href":"https:\/\/dev.prosportmagazin.md\/ro\/wp-json\/wp\/v2\/product\/303502","targetHints":{"allow":["GET"]}}],"collection":[{"href":"https:\/\/dev.prosportmagazin.md\/ro\/wp-json\/wp\/v2\/product"}],"about":[{"href":"https:\/\/dev.prosportmagazin.md\/ro\/wp-json\/wp\/v2\/types\/product"}],"wp:featuredmedia":[{"embeddable":true,"href":"https:\/\/dev.prosportmagazin.md\/ro\/wp-json\/wp\/v2\/media\/304346"}],"wp:attachment":[{"href":"https:\/\/dev.prosportmagazin.md\/ro\/wp-json\/wp\/v2\/media?parent=303502"}],"wp:term":[{"taxonomy":"product_brand","embeddable":true,"href":"https:\/\/dev.prosportmagazin.md\/ro\/wp-json\/wp\/v2\/product_brand?post=303502"},{"taxonomy":"product_cat","embeddable":true,"href":"https:\/\/dev.prosportmagazin.md\/ro\/wp-json\/wp\/v2\/product_cat?post=303502"},{"taxonomy":"product_tag","embeddable":true,"href":"https:\/\/dev.prosportmagazin.md\/ro\/wp-json\/wp\/v2\/product_tag?post=303502"}],"curies":[{"name":"wp","href":"https:\/\/api.w.org\/{rel}","templated":true}]}}