{"id":304977,"date":"2026-01-17T00:00:00","date_gmt":"2026-01-16T21:00:00","guid":{"rendered":"https:\/\/prosport.md\/?post_type=product&#038;p=304977"},"modified":"2026-01-17T19:38:23","modified_gmt":"2026-01-17T16:38:23","slug":"pantaloni-nike-sportswear-tech-fleece-hv5869-235","status":"publish","type":"product","link":"https:\/\/dev.prosportmagazin.md\/ro\/product\/pantaloni-nike-sportswear-tech-fleece-hv5869-235\/","title":{"rendered":"Pantaloni Nike Tech Fleece Sportswear (HV5869-235)"},"content":{"rendered":"<p><br \/>\nSpune\u021bi bun venit fleece-ului nostru premium u\u0219or. Fine at\u00e2t la interior, c\u00e2t \u0219i la exterior, pantalonii no\u0219tri de trening Tech Fleece v\u0103 ofer\u0103 mult\u0103 c\u0103ldur\u0103 f\u0103r\u0103 a ad\u0103uga volum, ajut\u00e2ndu-v\u0103 s\u0103 r\u0103m\u00e2ne\u021bi confortabil \u00een frig.<br \/>\n<\/p>","protected":false},"excerpt":{"rendered":"<p>Spune\u021bi bun venit fleece-ului nostru premium u\u0219or. Fine at\u00e2t la interior, c\u00e2t \u0219i la exterior, pantalonii no\u0219tri de trening Tech<\/p>\n","protected":false},"featured_media":304985,"template":"","meta":[],"product_brand":[],"product_cat":[2767,361,1827],"product_tag":[322],"class_list":{"0":"post-304977","1":"product","2":"type-product","3":"status-publish","4":"has-post-thumbnail","6":"product_cat-toate-hainele-copii","7":"product_cat-pantaloni-copii","8":"product_cat-pantaloni-copii-fete","9":"product_tag-xl","10":"pa_etichete-best-seller","12":"first","13":"instock","14":"sale","15":"featured","16":"purchasable","17":"product-type-variable"},"wcpa_form_fields":null,"_links":{"self":[{"href":"https:\/\/dev.prosportmagazin.md\/ro\/wp-json\/wp\/v2\/product\/304977","targetHints":{"allow":["GET"]}}],"collection":[{"href":"https:\/\/dev.prosportmagazin.md\/ro\/wp-json\/wp\/v2\/product"}],"about":[{"href":"https:\/\/dev.prosportmagazin.md\/ro\/wp-json\/wp\/v2\/types\/product"}],"wp:featuredmedia":[{"embeddable":true,"href":"https:\/\/dev.prosportmagazin.md\/ro\/wp-json\/wp\/v2\/media\/304985"}],"wp:attachment":[{"href":"https:\/\/dev.prosportmagazin.md\/ro\/wp-json\/wp\/v2\/media?parent=304977"}],"wp:term":[{"taxonomy":"product_brand","embeddable":true,"href":"https:\/\/dev.prosportmagazin.md\/ro\/wp-json\/wp\/v2\/product_brand?post=304977"},{"taxonomy":"product_cat","embeddable":true,"href":"https:\/\/dev.prosportmagazin.md\/ro\/wp-json\/wp\/v2\/product_cat?post=304977"},{"taxonomy":"product_tag","embeddable":true,"href":"https:\/\/dev.prosportmagazin.md\/ro\/wp-json\/wp\/v2\/product_tag?post=304977"}],"curies":[{"name":"wp","href":"https:\/\/api.w.org\/{rel}","templated":true}]}}