{"id":307397,"date":"2026-01-24T20:59:07","date_gmt":"2026-01-24T17:59:07","guid":{"rendered":"https:\/\/prosport.md\/?post_type=product&#038;p=307397"},"modified":"2026-02-11T11:11:55","modified_gmt":"2026-02-11T08:11:55","slug":"cizme-ugg-tasman-weather-hybrid-slipper-1174251-cvn","status":"publish","type":"product","link":"https:\/\/dev.prosportmagazin.md\/ro\/product\/cizme-ugg-tasman-weather-hybrid-slipper-1174251-cvn\/","title":{"rendered":"Cizme UGG Tasman Weather Hybrid Slipper (1174251-CVN)"},"content":{"rendered":"<p><\/p>\n<p>Papucul potrivit pentru c\u0103l\u0103torii \u00een aer liber este acum \u0219i mai adaptat la vremea nefavorabil\u0103. Cu o construc\u021bie din piele \u00eentoars\u0103 impermeabil\u0103 \u0219i cus\u0103turi etan\u0219ate, precum \u0219i cu c\u0103ptu\u0219eala confortabil\u0103 din l\u00e2n\u0103 reciclat\u0103 UGGplush\u2122, Tasman Weather Hybrid ofer\u0103 o senza\u021bie u\u0219oar\u0103, de papuc, cu o siluet\u0103 u\u0219or de \u00eenc\u0103l\u021bat. Talpa exterioar\u0103 este fabricat\u0103 din trestie de zah\u0103r regenerabil\u0103, hr\u0103nit\u0103 cu apa de ploaie, \u0219i are un galo\u0219 permanent din silicon pentru condi\u021bii umede.<\/p>\n<p>Caracteristici impermeabile<br \/>\nConstruc\u021bie cu cus\u0103turi etan\u0219ate<br \/>\nPiele \u00eentoars\u0103 impermeabil\u0103<br \/>\nDantel\u0103 elastic\u0103 (45% poliester reciclat, 55% latex) \u0219i talp\u0103 tip bottoi<br \/>\nC\u0103ptu\u0219eal\u0103 UGGplush\u2122 de 17 mm 60% l\u00e2n\u0103 reciclat\u0103, 40% TENCEL\u2122 Lyocell<br \/>\nBran\u021b interior conturat din EVA<br \/>\nSpider Rubber\u00ae Pods pentru trac\u021biune, talp\u0103 exterioar\u0103 din trestie de zah\u0103r EVA<br \/>\nLogo-ul UGG\u00ae, imprimat la cald<br \/>\nGalo\u0219 permanent din spum\u0103<\/p>\n<p><\/p>","protected":false},"excerpt":{"rendered":"<p>Papucul potrivit pentru c\u0103l\u0103torii \u00een aer liber este acum \u0219i mai adaptat la vremea nefavorabil\u0103. Cu o construc\u021bie din piele<\/p>\n","protected":false},"featured_media":307473,"template":"","meta":[],"product_brand":[],"product_cat":[2192,2765,2193,41,206],"product_tag":[],"class_list":{"0":"post-307397","1":"product","2":"type-product","3":"status-publish","4":"has-post-thumbnail","6":"product_cat-toate-incaltaminte-barbati","7":"product_cat-toata-incaltamintea-copii","8":"product_cat-toate-incaltaminte-femei","9":"product_cat-bocanci","10":"product_cat-sandale","11":"pa_etichete-best-price","13":"first","14":"instock","15":"sale","16":"featured","17":"taxable","18":"shipping-taxable","19":"purchasable","20":"product-type-variable"},"wcpa_form_fields":null,"_links":{"self":[{"href":"https:\/\/dev.prosportmagazin.md\/ro\/wp-json\/wp\/v2\/product\/307397","targetHints":{"allow":["GET"]}}],"collection":[{"href":"https:\/\/dev.prosportmagazin.md\/ro\/wp-json\/wp\/v2\/product"}],"about":[{"href":"https:\/\/dev.prosportmagazin.md\/ro\/wp-json\/wp\/v2\/types\/product"}],"wp:featuredmedia":[{"embeddable":true,"href":"https:\/\/dev.prosportmagazin.md\/ro\/wp-json\/wp\/v2\/media\/307473"}],"wp:attachment":[{"href":"https:\/\/dev.prosportmagazin.md\/ro\/wp-json\/wp\/v2\/media?parent=307397"}],"wp:term":[{"taxonomy":"product_brand","embeddable":true,"href":"https:\/\/dev.prosportmagazin.md\/ro\/wp-json\/wp\/v2\/product_brand?post=307397"},{"taxonomy":"product_cat","embeddable":true,"href":"https:\/\/dev.prosportmagazin.md\/ro\/wp-json\/wp\/v2\/product_cat?post=307397"},{"taxonomy":"product_tag","embeddable":true,"href":"https:\/\/dev.prosportmagazin.md\/ro\/wp-json\/wp\/v2\/product_tag?post=307397"}],"curies":[{"name":"wp","href":"https:\/\/api.w.org\/{rel}","templated":true}]}}