{"id":307434,"date":"2023-01-01T00:00:00","date_gmt":"2022-12-31T21:00:00","guid":{"rendered":"https:\/\/prosport.md\/?post_type=product&#038;p=307434"},"modified":"2026-01-27T15:33:16","modified_gmt":"2026-01-27T12:33:16","slug":"bute-nike-jr-mercurial-vapor-16-academy-fg-mg-fq8392-800rebut","status":"publish","type":"product","link":"https:\/\/dev.prosportmagazin.md\/ro\/product\/bute-nike-jr-mercurial-vapor-16-academy-fg-mg-fq8392-800rebut\/","title":{"rendered":"Bute Nike Jr. Mercurial Vapor 16 Academy FG\/MG (FQ8392-800REBUT)"},"content":{"rendered":"<p><\/p>\n<p><strong>M\u0103rimi diferite!  St\u00e2ngul 37.5(23.5 cm) Dreptul 36.5(23 cm)<\/strong><br \/>\nVrei s\u0103-\u021bi duci viteza la nivelul urm\u0103tor? Am creat aceste ghete Academy cu o unitate Air Zoom \u00eembun\u0103t\u0103\u021bit\u0103 la c\u0103lc\u00e2i. Aceasta \u00ee\u021bi ofer\u0103 senza\u021bia de propulsie necesar\u0103 pentru a str\u0103punge linia din spate a terenului. Rezultatul este cea mai receptiv\u0103 ghet\u0103 Mercurial pe care am creat-o vreodat\u0103, astfel \u00eenc\u00e2t s\u0103 po\u021bi demonstra viteza \u0219i s\u0103 \u00eenscrii mingea \u00een plas\u0103.<br \/>\n<\/p>","protected":false},"excerpt":{"rendered":"<p>M\u0103rimi diferite! St\u00e2ngul 37.5(23.5 cm) Dreptul 36.5(23 cm) Vrei s\u0103-\u021bi duci viteza la nivelul urm\u0103tor? Am creat aceste ghete Academy<\/p>\n","protected":false},"featured_media":292607,"template":"","meta":[],"product_brand":[],"product_cat":[3086,2192,2765,1301],"product_tag":[381],"class_list":{"0":"post-307434","1":"product","2":"type-product","3":"status-publish","4":"has-post-thumbnail","6":"product_cat-big-sale-40","7":"product_cat-toate-incaltaminte-barbati","8":"product_cat-toata-incaltamintea-copii","9":"product_cat-bute","10":"product_tag-381","11":"pa_etichete-rebut","12":"pa_etichete-reducere","13":"pa_suprafata-ag-artificial-gras","14":"pa_suprafata-fg-firm-ground","15":"pa_suprafata-mg-multiground","17":"first","18":"instock","19":"sale","20":"featured","21":"purchasable","22":"product-type-variable"},"wcpa_form_fields":null,"_links":{"self":[{"href":"https:\/\/dev.prosportmagazin.md\/ro\/wp-json\/wp\/v2\/product\/307434","targetHints":{"allow":["GET"]}}],"collection":[{"href":"https:\/\/dev.prosportmagazin.md\/ro\/wp-json\/wp\/v2\/product"}],"about":[{"href":"https:\/\/dev.prosportmagazin.md\/ro\/wp-json\/wp\/v2\/types\/product"}],"wp:featuredmedia":[{"embeddable":true,"href":"https:\/\/dev.prosportmagazin.md\/ro\/wp-json\/wp\/v2\/media\/292607"}],"wp:attachment":[{"href":"https:\/\/dev.prosportmagazin.md\/ro\/wp-json\/wp\/v2\/media?parent=307434"}],"wp:term":[{"taxonomy":"product_brand","embeddable":true,"href":"https:\/\/dev.prosportmagazin.md\/ro\/wp-json\/wp\/v2\/product_brand?post=307434"},{"taxonomy":"product_cat","embeddable":true,"href":"https:\/\/dev.prosportmagazin.md\/ro\/wp-json\/wp\/v2\/product_cat?post=307434"},{"taxonomy":"product_tag","embeddable":true,"href":"https:\/\/dev.prosportmagazin.md\/ro\/wp-json\/wp\/v2\/product_tag?post=307434"}],"curies":[{"name":"wp","href":"https:\/\/api.w.org\/{rel}","templated":true}]}}