{"id":308966,"date":"2026-01-30T14:34:18","date_gmt":"2026-01-30T11:34:18","guid":{"rendered":"https:\/\/prosport.md\/?post_type=product&#038;p=308966"},"modified":"2026-01-31T03:06:00","modified_gmt":"2026-01-31T00:06:00","slug":"vesta-superdry-code-sl-touchline-padded-w5011482a","status":"publish","type":"product","link":"https:\/\/dev.prosportmagazin.md\/ro\/product\/vesta-superdry-code-sl-touchline-padded-w5011482a\/","title":{"rendered":"Vesta Superdry Code SL Touchline Padded (W5011482A)"},"content":{"rendered":"<p><\/p>\n<p>Indiferent de ce \u00ee\u021bi rezerv\u0103 natura, hainele tale preferate ar trebui s\u0103 fie confortabile, practice \u0219i elegante. O alegere durabil\u0103 datorit\u0103 materialului Ripstop, ne-am concentrat pe o func\u021bionalitate la mod\u0103 atunci c\u00e2nd vine vorba de vestea Ripstop Longline Puffer. C\u0103ptu\u0219eala sa luxoas\u0103 \u0219i moale te ajut\u0103 s\u0103 te \u00eenc\u0103lze\u0219ti f\u0103r\u0103 a compromite mobilitatea, \u00een timp ce lungimea \u0219i confortul sunt completate de un stil minimalist, men\u021bin\u00e2nd aten\u021bia asupra ta. C\u00e2nd este timpul s\u0103 ie\u0219i afar\u0103, spiritul sportiv al acestei veste este o alegere fiabil\u0103, indiferent dac\u0103 pl\u0103nuie\u0219ti s\u0103 transpiri sau pur \u0219i simplu s\u0103 te bucuri de aerul rece.<\/p>\n<p>C\u0103ptu\u0219eala acestei jachete este fabricat\u0103 folosind p\u00e2n\u0103 la 100% materiale reciclate.<\/p>\n<p>Fiecare jachet\u0103 con\u021bine \u00eentre 5 \u0219i 48 de sticle reciclate, \u00een func\u021bie de greutatea \u0219i cantitatea de umplutur\u0103 utilizat\u0103, economisind de\u0219euri trimise la groapa de gunoi sau poluarea oceanelor noastre.<\/p>\n<p>Caracteristici:<\/p>\n<p>&#8211; Croial\u0103 relaxat\u0103 &#8211; Croiala clasic\u0103 Superdry. Nici prea slim, nici prea lejer\u0103, perfect\u0103. Alege m\u0103rimea ta obi\u0219nuit\u0103<br \/>\n&#8211; \u00cenchidere cu velcro \u0219i fermoar \u00een dou\u0103 direc\u021bii<br \/>\n&#8211; Dou\u0103 buzunare cu fermoar<br \/>\n&#8211; Tiv reglabil cu \u0219nur elastic<br \/>\n&#8211; Etichet\u0103 Superdry semn\u0103tur\u0103<br \/>\n&#8211; C\u0103ptu\u0219eal\u0103 complet\u0103<br \/>\n&#8211; Buzunar intern din plas\u0103<\/p>\n<p>Specifica\u021bii:<\/p>\n<p>&#8211; C\u0103ptu\u0219eal\u0103: 100% poliester reciclat<br \/>\n&#8211; Material: 97% nailon, 3% poliester reciclat<br \/>\n&#8211; C\u0103ptu\u0219eal\u0103: 100% poliester reciclat<br \/>\n<\/p>","protected":false},"excerpt":{"rendered":"<p>Indiferent de ce \u00ee\u021bi rezerv\u0103 natura, hainele tale preferate ar trebui s\u0103 fie confortabile, practice \u0219i elegante. O alegere durabil\u0103<\/p>\n","protected":false},"featured_media":308973,"template":"","meta":[],"product_brand":[],"product_cat":[3086,2195,519,524],"product_tag":[],"class_list":{"0":"post-308966","1":"product","2":"type-product","3":"status-publish","4":"has-post-thumbnail","6":"product_cat-big-sale-40","7":"product_cat-toate-hainele-femei","8":"product_cat-scurte-femei","9":"product_cat-veste-femei","10":"pa_etichete-best-seller","12":"first","13":"instock","14":"sale","15":"taxable","16":"shipping-taxable","17":"purchasable","18":"product-type-variable"},"wcpa_form_fields":null,"_links":{"self":[{"href":"https:\/\/dev.prosportmagazin.md\/ro\/wp-json\/wp\/v2\/product\/308966","targetHints":{"allow":["GET"]}}],"collection":[{"href":"https:\/\/dev.prosportmagazin.md\/ro\/wp-json\/wp\/v2\/product"}],"about":[{"href":"https:\/\/dev.prosportmagazin.md\/ro\/wp-json\/wp\/v2\/types\/product"}],"wp:featuredmedia":[{"embeddable":true,"href":"https:\/\/dev.prosportmagazin.md\/ro\/wp-json\/wp\/v2\/media\/308973"}],"wp:attachment":[{"href":"https:\/\/dev.prosportmagazin.md\/ro\/wp-json\/wp\/v2\/media?parent=308966"}],"wp:term":[{"taxonomy":"product_brand","embeddable":true,"href":"https:\/\/dev.prosportmagazin.md\/ro\/wp-json\/wp\/v2\/product_brand?post=308966"},{"taxonomy":"product_cat","embeddable":true,"href":"https:\/\/dev.prosportmagazin.md\/ro\/wp-json\/wp\/v2\/product_cat?post=308966"},{"taxonomy":"product_tag","embeddable":true,"href":"https:\/\/dev.prosportmagazin.md\/ro\/wp-json\/wp\/v2\/product_tag?post=308966"}],"curies":[{"name":"wp","href":"https:\/\/api.w.org\/{rel}","templated":true}]}}