{"id":311581,"date":"2023-02-07T19:27:19","date_gmt":"2023-02-07T16:27:19","guid":{"rendered":"https:\/\/prosport.md\/?post_type=product&#038;p=311581"},"modified":"2026-02-11T22:16:09","modified_gmt":"2026-02-11T19:16:09","slug":"adidasi-new-balance-9060-u9060app","status":"publish","type":"product","link":"https:\/\/dev.prosportmagazin.md\/ro\/product\/adidasi-new-balance-9060-u9060app\/","title":{"rendered":"Adidasi New Balance 9060 (U9060APP)"},"content":{"rendered":"<p><br \/>\nDescriere<br \/>\nModelul 9060 este o nou\u0103 expresie a stilului rafinat \u0219i a designului inovator care au f\u0103cut din seria 99X casa unora dintre cele mai emblematice modele din istoria New Balance. Modelul 9060 reinterpreteaz\u0103 elemente familiare provenite din modelele clasice 99X cu o sensibilitate distorsionat\u0103, inspirat\u0103 de estetica tehnologic\u0103 vizibil\u0103, futurist\u0103 \u0219i m\u00e2nd\u0103toare a erei Y2K. Barele stabilizatoare, preluate de la modelul 990, sunt extinse \u0219i utilizate pe \u00eentreaga parte superioar\u0103 pentru o senza\u021bie de mi\u0219care vizibil\u0103, \u00een timp ce liniile ondulate \u0219i propor\u021biile m\u0103rite de pe o talp\u0103 intermediar\u0103 sculptat\u0103 pun un accent exagerat pe platformele de amortizare familiare ABZORB \u0219i SBS.<\/p>\n<p><\/p>","protected":false},"excerpt":{"rendered":"<p>Descriere Modelul 9060 este o nou\u0103 expresie a stilului rafinat \u0219i a designului inovator care au f\u0103cut din seria 99X<\/p>\n","protected":false},"featured_media":311656,"template":"","meta":[],"product_brand":[],"product_cat":[2192,2765,2193,38,528],"product_tag":[],"class_list":{"0":"post-311581","1":"product","2":"type-product","3":"status-publish","4":"has-post-thumbnail","6":"product_cat-toate-incaltaminte-barbati","7":"product_cat-toata-incaltamintea-copii","8":"product_cat-toate-incaltaminte-femei","9":"product_cat-adidasi","10":"product_cat-precomanda","11":"pa_etichete-la-comanda","13":"first","14":"instock","15":"featured","16":"taxable","17":"shipping-taxable","18":"purchasable","19":"product-type-variable"},"wcpa_form_fields":null,"_links":{"self":[{"href":"https:\/\/dev.prosportmagazin.md\/ro\/wp-json\/wp\/v2\/product\/311581","targetHints":{"allow":["GET"]}}],"collection":[{"href":"https:\/\/dev.prosportmagazin.md\/ro\/wp-json\/wp\/v2\/product"}],"about":[{"href":"https:\/\/dev.prosportmagazin.md\/ro\/wp-json\/wp\/v2\/types\/product"}],"wp:featuredmedia":[{"embeddable":true,"href":"https:\/\/dev.prosportmagazin.md\/ro\/wp-json\/wp\/v2\/media\/311656"}],"wp:attachment":[{"href":"https:\/\/dev.prosportmagazin.md\/ro\/wp-json\/wp\/v2\/media?parent=311581"}],"wp:term":[{"taxonomy":"product_brand","embeddable":true,"href":"https:\/\/dev.prosportmagazin.md\/ro\/wp-json\/wp\/v2\/product_brand?post=311581"},{"taxonomy":"product_cat","embeddable":true,"href":"https:\/\/dev.prosportmagazin.md\/ro\/wp-json\/wp\/v2\/product_cat?post=311581"},{"taxonomy":"product_tag","embeddable":true,"href":"https:\/\/dev.prosportmagazin.md\/ro\/wp-json\/wp\/v2\/product_tag?post=311581"}],"curies":[{"name":"wp","href":"https:\/\/api.w.org\/{rel}","templated":true}]}}