{"id":311838,"date":"2026-02-17T00:00:00","date_gmt":"2026-02-16T22:00:00","guid":{"rendered":"https:\/\/prosport.md\/?post_type=product&#038;p=311838"},"modified":"2026-02-17T15:15:07","modified_gmt":"2026-02-17T13:15:07","slug":"tricou-nike-sportswear-ii0410-010","status":"publish","type":"product","link":"https:\/\/dev.prosportmagazin.md\/ro\/product\/tricou-nike-sportswear-ii0410-010\/","title":{"rendered":"Tricou Nike Sportswear (II0410-010)"},"content":{"rendered":"<p><br \/>\nFabricat din bumbac moale \u0219i respirabil, acest tricou are o croial\u0103 lejer\u0103, perfect\u0103 pentru toate aventurile tale zilnice.<\/p>\n<p>Detalii produs<br \/>\n100% bumbac<br \/>\nSe spal\u0103 la ma\u0219in\u0103<br \/>\nImportat<\/p>\n<p><\/p>","protected":false},"excerpt":{"rendered":"<p>Fabricat din bumbac moale \u0219i respirabil, acest tricou are o croial\u0103 lejer\u0103, perfect\u0103 pentru toate aventurile tale zilnice. Detalii produs<\/p>\n","protected":false},"featured_media":311847,"template":"","meta":[],"product_brand":[],"product_cat":[2767,330],"product_tag":[322],"class_list":{"0":"post-311838","1":"product","2":"type-product","3":"status-publish","4":"has-post-thumbnail","6":"product_cat-toate-hainele-copii","7":"product_cat-tricouri-copii","8":"product_tag-xl","9":"pa_etichete-new-collection","11":"first","12":"instock","13":"featured","14":"purchasable","15":"product-type-variable"},"wcpa_form_fields":null,"_links":{"self":[{"href":"https:\/\/dev.prosportmagazin.md\/ro\/wp-json\/wp\/v2\/product\/311838","targetHints":{"allow":["GET"]}}],"collection":[{"href":"https:\/\/dev.prosportmagazin.md\/ro\/wp-json\/wp\/v2\/product"}],"about":[{"href":"https:\/\/dev.prosportmagazin.md\/ro\/wp-json\/wp\/v2\/types\/product"}],"wp:featuredmedia":[{"embeddable":true,"href":"https:\/\/dev.prosportmagazin.md\/ro\/wp-json\/wp\/v2\/media\/311847"}],"wp:attachment":[{"href":"https:\/\/dev.prosportmagazin.md\/ro\/wp-json\/wp\/v2\/media?parent=311838"}],"wp:term":[{"taxonomy":"product_brand","embeddable":true,"href":"https:\/\/dev.prosportmagazin.md\/ro\/wp-json\/wp\/v2\/product_brand?post=311838"},{"taxonomy":"product_cat","embeddable":true,"href":"https:\/\/dev.prosportmagazin.md\/ro\/wp-json\/wp\/v2\/product_cat?post=311838"},{"taxonomy":"product_tag","embeddable":true,"href":"https:\/\/dev.prosportmagazin.md\/ro\/wp-json\/wp\/v2\/product_tag?post=311838"}],"curies":[{"name":"wp","href":"https:\/\/api.w.org\/{rel}","templated":true}]}}