{"id":311905,"date":"2023-02-09T15:59:26","date_gmt":"2023-02-09T12:59:26","guid":{"rendered":"https:\/\/prosport.md\/?post_type=product&#038;p=311905"},"modified":"2026-02-09T16:15:02","modified_gmt":"2026-02-09T13:15:02","slug":"ghete-puma-speedcat-go-40358902","status":"publish","type":"product","link":"https:\/\/dev.prosportmagazin.md\/ro\/product\/ghete-puma-speedcat-go-40358902\/","title":{"rendered":"Ghete Puma Speedcat Go (40358902)"},"content":{"rendered":"<p><\/p>\n<p>Pantofii sport Puma Speedcat Go pentru femei combin\u0103 o siluet\u0103 emblematic\u0103 din motorsport cu confortul modern. Partea superioar\u0103 din piele \u00eentoars\u0103 autentic\u0103, cu inser\u021bii din plas\u0103, creeaz\u0103 un design elegant \u0219i respirabil, \u00een timp ce c\u0103ptu\u0219eala moale din plas\u0103 \u0219i bran\u021bul OrthoLite\u00ae ofer\u0103 confort pentru purtare prelungit\u0103.<\/p>\n<p>O curea elastic\u0103 \u0219i \u0219ireturi permit o ajustare u\u0219oar\u0103 pe picior, \u00een timp ce gulerul jos, f\u0103r\u0103 limb\u0103, asigur\u0103 libertatea de mi\u0219care. O talp\u0103 intermediar\u0103 sintetic\u0103 u\u0219oar\u0103 \u0219i o talp\u0103 exterioar\u0103 din cauciuc aderent\u0103 asigur\u0103 o trac\u021biune \u0219i o stabilitate excelente.<\/p>\n<p>O talp\u0103 exterioar\u0103 din cauciuc extinde contrafor\u021bul c\u0103lc\u00e2iului pentru o durabilitate sporit\u0103, \u00een timp ce benzile din piele PUMA Formstrips \u0219i logo-urile PUMA Cat brodate sporesc stilul caracteristic.<\/p>\n<p>Puma Speedcat Go este alegerea perfect\u0103 pentru stilurile urbane active, purtarea de zi cu zi \u0219i pasiona\u021bii de motorsport, combin\u00e2nd confortul, stilul \u0219i func\u021bionalitatea.<\/p>\n<p>Caracteristici:<\/p>\n<p>\u2022 Parte superioar\u0103 din piele \u00eentoars\u0103 natural\u0103 cu inser\u021bie de plas\u0103<br \/>\n\u2022 Brant interior din plas\u0103 OrthoLite\u00ae<br \/>\n\u2022 C\u0103ptu\u0219eal\u0103 moale din plas\u0103<br \/>\n\u2022 Guler jos, f\u0103r\u0103 limb\u0103<br \/>\n\u2022 Tip de fixare: curea elastic\u0103 \u0219i \u0219ireturi<br \/>\n\u2022 Talp\u0103 intermediar\u0103 sintetic\u0103 u\u0219oar\u0103<br \/>\n\u2022 Talp\u0103 exterioar\u0103 din cauciuc aderent\u0103<br \/>\n\u2022 Contur de c\u0103lc\u00e2i din cauciuc<br \/>\n\u2022 Dungi PUMA Formstrip din piele pe laterale<br \/>\n\u2022 Logo PUMA Cat brodat pe v\u00e2rf \u0219i c\u0103lc\u00e2i<br \/>\n\u2022 \u021aara de fabrica\u021bie: Vietnam<\/p>\n<p>Materiale:<\/p>\n<p>\u2022 Parte superioar\u0103: 68,94% piele (vac\u0103), 31,06% textil<br \/>\n\u2022 C\u0103ptu\u0219eal\u0103: 100% textil<br \/>\n\u2022 Brant interior: 100% textil<br \/>\n\u2022 Brant intermediar: 100% sintetic<br \/>\n\u2022 Talp\u0103 exterioar\u0103: 100% cauciuc<br \/>\n<\/p>","protected":false},"excerpt":{"rendered":"<p>Pantofii sport Puma Speedcat Go pentru femei combin\u0103 o siluet\u0103 emblematic\u0103 din motorsport cu confortul modern. Partea superioar\u0103 din piele<\/p>\n","protected":false},"featured_media":311917,"template":"","meta":[],"product_brand":[],"product_cat":[2192,2765,2193,39],"product_tag":[269],"class_list":{"0":"post-311905","1":"product","2":"type-product","3":"status-publish","4":"has-post-thumbnail","6":"product_cat-toate-incaltaminte-barbati","7":"product_cat-toata-incaltamintea-copii","8":"product_cat-toate-incaltaminte-femei","9":"product_cat-ghete","10":"product_tag-269","11":"pa_etichete-la-comanda","13":"first","14":"instock","15":"purchasable","16":"product-type-variable"},"wcpa_form_fields":null,"_links":{"self":[{"href":"https:\/\/dev.prosportmagazin.md\/ro\/wp-json\/wp\/v2\/product\/311905","targetHints":{"allow":["GET"]}}],"collection":[{"href":"https:\/\/dev.prosportmagazin.md\/ro\/wp-json\/wp\/v2\/product"}],"about":[{"href":"https:\/\/dev.prosportmagazin.md\/ro\/wp-json\/wp\/v2\/types\/product"}],"wp:featuredmedia":[{"embeddable":true,"href":"https:\/\/dev.prosportmagazin.md\/ro\/wp-json\/wp\/v2\/media\/311917"}],"wp:attachment":[{"href":"https:\/\/dev.prosportmagazin.md\/ro\/wp-json\/wp\/v2\/media?parent=311905"}],"wp:term":[{"taxonomy":"product_brand","embeddable":true,"href":"https:\/\/dev.prosportmagazin.md\/ro\/wp-json\/wp\/v2\/product_brand?post=311905"},{"taxonomy":"product_cat","embeddable":true,"href":"https:\/\/dev.prosportmagazin.md\/ro\/wp-json\/wp\/v2\/product_cat?post=311905"},{"taxonomy":"product_tag","embeddable":true,"href":"https:\/\/dev.prosportmagazin.md\/ro\/wp-json\/wp\/v2\/product_tag?post=311905"}],"curies":[{"name":"wp","href":"https:\/\/api.w.org\/{rel}","templated":true}]}}