{"id":312002,"date":"2023-02-09T16:26:21","date_gmt":"2023-02-09T13:26:21","guid":{"rendered":"https:\/\/prosport.md\/?post_type=product&#038;p=312002"},"modified":"2026-02-09T16:29:00","modified_gmt":"2026-02-09T13:29:00","slug":"ghete-puma-speedcat-plus-40299503","status":"publish","type":"product","link":"https:\/\/dev.prosportmagazin.md\/ro\/product\/ghete-puma-speedcat-plus-40299503\/","title":{"rendered":"Ghete Puma Speedcat Plus (40299503)"},"content":{"rendered":"<p><\/p>\n<p>Pantofii sport Puma Speedcat Plus pentru femei combin\u0103 stilul sportiv cu confortul inspirat din motorsport. Partea superioar\u0103 din plas\u0103 cu suprapuneri din nubuc ofer\u0103 respirabilitate u\u0219oar\u0103, \u00een timp ce c\u0103ptu\u0219eala moale din plas\u0103 \u0219i bran\u021bul OrthoLite\u00ae ofer\u0103 o potrivire confortabil\u0103 pentru purtarea de zi cu zi.<\/p>\n<p>Gulerul decoltat \u0219i \u00eenchiderea cu \u0219ireturi ofer\u0103 o potrivire sigur\u0103 \u0219i confortabil\u0103. Talpa exterioar\u0103 din cauciuc aderent\u0103 \u0219i \u021bes\u0103tura de cauciuc la c\u0103lc\u00e2i ofer\u0103 stabilitate \u0219i durabilitate, \u00een timp ce c\u0103lc\u00e2iul plat creeaz\u0103 o siluet\u0103 armonioas\u0103.<\/p>\n<p>Dungile din piele PUMA Formstrip pe laterale \u0219i brandingul brodat accentueaz\u0103 stilul caracteristic al modelului.<\/p>\n<p>Puma Speedcat Plus este alegerea ta pentru un look de zi cu zi care pune accent pe confort, func\u021bionalitate \u0219i spirit sportiv.<\/p>\n<p>Caracteristici:<\/p>\n<p>\u2022 Parte superioar\u0103 din plas\u0103 cu suprapuneri din nubuc<br \/>\n\u2022 Brant interior din plas\u0103 OrthoLite\u00ae<br \/>\n\u2022 C\u0103ptu\u0219eal\u0103 moale din plas\u0103<br \/>\n\u2022 Guler decoltat<br \/>\n\u2022 \u00cenchidere cu \u0219ireturi<br \/>\n\u2022 Talp\u0103 exterioar\u0103 din cauciuc aderent\u0103<br \/>\n\u2022 C\u0103lc\u00e2i plat<br \/>\n\u2022 Suport c\u0103lc\u00e2i din cauciuc<br \/>\n\u2022 Benzi decorative PUMA din piele pe laterale<br \/>\n\u2022 Detalii brodate cu branding PUMA<br \/>\n\u2022 \u021aara de fabrica\u021bie: China<\/p>\n<p>Materiale:<\/p>\n<p>\u2022 Parte superioar\u0103: 67,51% piele (vac\u0103), 32,49% textil<br \/>\n\u2022 C\u0103ptu\u0219eal\u0103: 100% textil<br \/>\n\u2022 Brant interior: 100% textil<br \/>\n\u2022 Talp\u0103 exterioar\u0103: 100% cauciuc<br \/>\n<\/p>","protected":false},"excerpt":{"rendered":"<p>Pantofii sport Puma Speedcat Plus pentru femei combin\u0103 stilul sportiv cu confortul inspirat din motorsport. Partea superioar\u0103 din plas\u0103 cu<\/p>\n","protected":false},"featured_media":312013,"template":"","meta":[],"product_brand":[],"product_cat":[2192,2765,2193,39],"product_tag":[269],"class_list":{"0":"post-312002","1":"product","2":"type-product","3":"status-publish","4":"has-post-thumbnail","6":"product_cat-toate-incaltaminte-barbati","7":"product_cat-toata-incaltamintea-copii","8":"product_cat-toate-incaltaminte-femei","9":"product_cat-ghete","10":"product_tag-269","11":"pa_etichete-la-comanda","13":"first","14":"instock","15":"purchasable","16":"product-type-variable"},"wcpa_form_fields":null,"_links":{"self":[{"href":"https:\/\/dev.prosportmagazin.md\/ro\/wp-json\/wp\/v2\/product\/312002","targetHints":{"allow":["GET"]}}],"collection":[{"href":"https:\/\/dev.prosportmagazin.md\/ro\/wp-json\/wp\/v2\/product"}],"about":[{"href":"https:\/\/dev.prosportmagazin.md\/ro\/wp-json\/wp\/v2\/types\/product"}],"wp:featuredmedia":[{"embeddable":true,"href":"https:\/\/dev.prosportmagazin.md\/ro\/wp-json\/wp\/v2\/media\/312013"}],"wp:attachment":[{"href":"https:\/\/dev.prosportmagazin.md\/ro\/wp-json\/wp\/v2\/media?parent=312002"}],"wp:term":[{"taxonomy":"product_brand","embeddable":true,"href":"https:\/\/dev.prosportmagazin.md\/ro\/wp-json\/wp\/v2\/product_brand?post=312002"},{"taxonomy":"product_cat","embeddable":true,"href":"https:\/\/dev.prosportmagazin.md\/ro\/wp-json\/wp\/v2\/product_cat?post=312002"},{"taxonomy":"product_tag","embeddable":true,"href":"https:\/\/dev.prosportmagazin.md\/ro\/wp-json\/wp\/v2\/product_tag?post=312002"}],"curies":[{"name":"wp","href":"https:\/\/api.w.org\/{rel}","templated":true}]}}