{"id":312143,"date":"2026-02-09T17:23:03","date_gmt":"2026-02-09T14:23:03","guid":{"rendered":"https:\/\/prosport.md\/?post_type=product&#038;p=312143"},"modified":"2026-02-09T17:25:58","modified_gmt":"2026-02-09T14:25:58","slug":"adidasi-new-balance-9060-cream-leopard-u9060zh","status":"publish","type":"product","link":"https:\/\/dev.prosportmagazin.md\/ro\/product\/adidasi-new-balance-9060-cream-leopard-u9060zh\/","title":{"rendered":"Adidasi New Balance 9060 &#8220;Cream Leopard&#8221; (U9060ZH)"},"content":{"rendered":"<p><\/p>\n<p>Elemente principale<br \/>\ncrem<br \/>\nimprimare leopard<br \/>\ntalp\u0103 groas\u0103<br \/>\n\u00eenchidere cu \u0219ireturi<br \/>\nparte superioar\u0103 din piele \u00eentoars\u0103<br \/>\nguler c\u0103ptu\u0219it<br \/>\nAceste modele sunt furnizate de o pia\u021b\u0103 premium \u0219i autentic\u0103 de adida\u0219i. Av\u00e2nd \u00een stoc doar cele mai c\u0103utate \u00eenc\u0103l\u021b\u0103minte, ace\u0219tia selecteaz\u0103 \u0219i selecteaz\u0103 unii dintre cei mai greu de g\u0103sit adida\u0219i din \u00eentreaga lume.<\/p>\n<p>Compozi\u021bie<br \/>\nC\u0103ptu\u0219eal\u0103: Material textil 100%<br \/>\nTalp\u0103: Cauciuc 100%<br \/>\nExterior: Poliuretan 100%<br \/>\n<\/p>","protected":false},"excerpt":{"rendered":"<p>Elemente principale crem imprimare leopard talp\u0103 groas\u0103 \u00eenchidere cu \u0219ireturi parte superioar\u0103 din piele \u00eentoars\u0103 guler c\u0103ptu\u0219it Aceste modele sunt<\/p>\n","protected":false},"featured_media":312161,"template":"","meta":[],"product_brand":[],"product_cat":[2192,2765,2193,38],"product_tag":[],"class_list":{"0":"post-312143","1":"product","2":"type-product","3":"status-publish","4":"has-post-thumbnail","6":"product_cat-toate-incaltaminte-barbati","7":"product_cat-toata-incaltamintea-copii","8":"product_cat-toate-incaltaminte-femei","9":"product_cat-adidasi","10":"pa_etichete-la-comanda","12":"first","13":"instock","14":"taxable","15":"shipping-taxable","16":"purchasable","17":"product-type-variable"},"wcpa_form_fields":null,"_links":{"self":[{"href":"https:\/\/dev.prosportmagazin.md\/ro\/wp-json\/wp\/v2\/product\/312143","targetHints":{"allow":["GET"]}}],"collection":[{"href":"https:\/\/dev.prosportmagazin.md\/ro\/wp-json\/wp\/v2\/product"}],"about":[{"href":"https:\/\/dev.prosportmagazin.md\/ro\/wp-json\/wp\/v2\/types\/product"}],"wp:featuredmedia":[{"embeddable":true,"href":"https:\/\/dev.prosportmagazin.md\/ro\/wp-json\/wp\/v2\/media\/312161"}],"wp:attachment":[{"href":"https:\/\/dev.prosportmagazin.md\/ro\/wp-json\/wp\/v2\/media?parent=312143"}],"wp:term":[{"taxonomy":"product_brand","embeddable":true,"href":"https:\/\/dev.prosportmagazin.md\/ro\/wp-json\/wp\/v2\/product_brand?post=312143"},{"taxonomy":"product_cat","embeddable":true,"href":"https:\/\/dev.prosportmagazin.md\/ro\/wp-json\/wp\/v2\/product_cat?post=312143"},{"taxonomy":"product_tag","embeddable":true,"href":"https:\/\/dev.prosportmagazin.md\/ro\/wp-json\/wp\/v2\/product_tag?post=312143"}],"curies":[{"name":"wp","href":"https:\/\/api.w.org\/{rel}","templated":true}]}}