{"id":312960,"date":"2026-02-14T00:00:00","date_gmt":"2026-02-13T22:00:00","guid":{"rendered":"https:\/\/prosport.md\/?post_type=product&#038;p=312960"},"modified":"2026-02-17T17:04:52","modified_gmt":"2026-02-17T15:04:52","slug":"pantaloni-nike-tech-fleece-trousers-fz7593-464","status":"publish","type":"product","link":"https:\/\/dev.prosportmagazin.md\/ro\/product\/pantaloni-nike-tech-fleece-trousers-fz7593-464\/","title":{"rendered":"Pantaloni Nike Tech Fleece Trousers (FZ7593-464)"},"content":{"rendered":"<p><br \/>\nAce\u0219ti pantaloni combin\u0103 estetica curat\u0103 a modelului Tech cu o croial\u0103 spa\u021bioas\u0103 pentru o atmosfer\u0103 relaxat\u0103. Fleece-ul nostru premium \u0219i u\u0219or &#8211; moale at\u00e2t la interior, c\u00e2t \u0219i la exterior &#8211; \u00ee\u021bi ofer\u0103 mult\u0103 c\u0103ldur\u0103 f\u0103r\u0103 a ad\u0103uga volum.<br \/>\n<\/p>","protected":false},"excerpt":{"rendered":"<p>Ace\u0219ti pantaloni combin\u0103 estetica curat\u0103 a modelului Tech cu o croial\u0103 spa\u021bioas\u0103 pentru o atmosfer\u0103 relaxat\u0103. Fleece-ul nostru premium \u0219i<\/p>\n","protected":false},"featured_media":312967,"template":"","meta":[],"product_brand":[],"product_cat":[2194,438],"product_tag":[322],"class_list":{"0":"post-312960","1":"product","2":"type-product","3":"status-publish","4":"has-post-thumbnail","6":"product_cat-toate-hainele-barbati","7":"product_cat-pantaloni-barbati","8":"product_tag-xl","9":"pa_etichete-new-collection","11":"first","12":"instock","13":"sale","14":"featured","15":"purchasable","16":"product-type-variable"},"wcpa_form_fields":null,"_links":{"self":[{"href":"https:\/\/dev.prosportmagazin.md\/ro\/wp-json\/wp\/v2\/product\/312960","targetHints":{"allow":["GET"]}}],"collection":[{"href":"https:\/\/dev.prosportmagazin.md\/ro\/wp-json\/wp\/v2\/product"}],"about":[{"href":"https:\/\/dev.prosportmagazin.md\/ro\/wp-json\/wp\/v2\/types\/product"}],"wp:featuredmedia":[{"embeddable":true,"href":"https:\/\/dev.prosportmagazin.md\/ro\/wp-json\/wp\/v2\/media\/312967"}],"wp:attachment":[{"href":"https:\/\/dev.prosportmagazin.md\/ro\/wp-json\/wp\/v2\/media?parent=312960"}],"wp:term":[{"taxonomy":"product_brand","embeddable":true,"href":"https:\/\/dev.prosportmagazin.md\/ro\/wp-json\/wp\/v2\/product_brand?post=312960"},{"taxonomy":"product_cat","embeddable":true,"href":"https:\/\/dev.prosportmagazin.md\/ro\/wp-json\/wp\/v2\/product_cat?post=312960"},{"taxonomy":"product_tag","embeddable":true,"href":"https:\/\/dev.prosportmagazin.md\/ro\/wp-json\/wp\/v2\/product_tag?post=312960"}],"curies":[{"name":"wp","href":"https:\/\/api.w.org\/{rel}","templated":true}]}}