{"id":313165,"date":"2026-02-14T00:00:00","date_gmt":"2026-02-13T22:00:00","guid":{"rendered":"https:\/\/prosport.md\/?post_type=product&#038;p=313165"},"modified":"2026-02-14T14:09:55","modified_gmt":"2026-02-14T12:09:55","slug":"leggings-nike-go-mid-rise-full-length-with-pockets-dq5672-503","status":"publish","type":"product","link":"https:\/\/dev.prosportmagazin.md\/ro\/product\/leggings-nike-go-mid-rise-full-length-with-pockets-dq5672-503\/","title":{"rendered":"Leggings Nike Go Mid-Rise Full-Length with Pockets (DQ5672-503)"},"content":{"rendered":"<p><\/p>\n<p>BLOCAT PENTRU A PUTE MERGE \u00ceN FOR\u021a\u0102<br \/>\nImpinge-te \u00eenainte cu echilibrul potrivit \u00eentre sus\u021binere \u0219i confort cu colan\u021bii no\u0219tri Nike Go. Rezistent la genuflexiuni &#8211; chiar \u0219i \u00een timpul celor mai dificile antrenamente. Materialul lor elegant, de greutate medie, InfinaLock, este compresiv \u0219i ofer\u0103 sus\u021binere \u00een toate locurile potrivite. Buzunarele multiple \u00ee\u021bi permit s\u0103 por\u021bi tot ce ai putea avea nevoie, indiferent dac\u0103 mergi pe traseu, la sal\u0103 sau pe saltea.<\/p>\n<p>Mai multe beneficii<br \/>\nTehnologia Nike Dri-FIT \u00eendep\u0103rteaz\u0103 transpira\u021bia de pe piele pentru o evaporare mai rapid\u0103, ajut\u00e2ndu-te s\u0103 r\u0103m\u00e2i uscat \u0219i confortabil.<\/p>\n<p>\u0218nurul intern de fixare \u00ee\u021bi permite s\u0103 ajustezi talia atunci c\u00e2nd e\u0219ti \u00een mi\u0219care.<\/p>\n<p>Detalii produs<br \/>\nTalie extra-lat\u0103<br \/>\nConceput\u0103 pentru a ajuta la reducerea rostogolirii, ciupirii \u0219i alunec\u0103rii, talia te ajut\u0103 s\u0103 te sus\u021bii \u0219i s\u0103 neteze\u0219ti talia.<\/p>\n<p>6 (Da, 6) Buzunare<br \/>\n\u021aine tot ce ai putea avea nevoie la \u00eendem\u00e2n\u0103 cu ajutorul mai multor buzunare: 2 buzunare laterale \u00eenclinate, f\u0103r\u0103 cus\u0103turi, pentru acces facil, 3 buzunare de tip drop-in pe spatele taliei \u0219i un buzunar cu fermoar pe coaps\u0103. Sunt gata s\u0103 \u021bin\u0103 orice, de la o cheie la telefon, la balsam de buze \u0219i multe altele.<br \/>\n<\/p>","protected":false},"excerpt":{"rendered":"<p>BLOCAT PENTRU A PUTE MERGE \u00ceN FOR\u021a\u0102 Impinge-te \u00eenainte cu echilibrul potrivit \u00eentre sus\u021binere \u0219i confort cu colan\u021bii no\u0219tri Nike<\/p>\n","protected":false},"featured_media":313167,"template":"","meta":[],"product_brand":[],"product_cat":[2195,320],"product_tag":[],"class_list":{"0":"post-313165","1":"product","2":"type-product","3":"status-publish","4":"has-post-thumbnail","6":"product_cat-toate-hainele-femei","7":"product_cat-leggings-femei","8":"pa_etichete-curind-in-stock","9":"pa_etichete-new-collection","11":"first","12":"instock","13":"sale","14":"taxable","15":"shipping-taxable","16":"purchasable","17":"product-type-variable"},"wcpa_form_fields":null,"_links":{"self":[{"href":"https:\/\/dev.prosportmagazin.md\/ro\/wp-json\/wp\/v2\/product\/313165","targetHints":{"allow":["GET"]}}],"collection":[{"href":"https:\/\/dev.prosportmagazin.md\/ro\/wp-json\/wp\/v2\/product"}],"about":[{"href":"https:\/\/dev.prosportmagazin.md\/ro\/wp-json\/wp\/v2\/types\/product"}],"wp:featuredmedia":[{"embeddable":true,"href":"https:\/\/dev.prosportmagazin.md\/ro\/wp-json\/wp\/v2\/media\/313167"}],"wp:attachment":[{"href":"https:\/\/dev.prosportmagazin.md\/ro\/wp-json\/wp\/v2\/media?parent=313165"}],"wp:term":[{"taxonomy":"product_brand","embeddable":true,"href":"https:\/\/dev.prosportmagazin.md\/ro\/wp-json\/wp\/v2\/product_brand?post=313165"},{"taxonomy":"product_cat","embeddable":true,"href":"https:\/\/dev.prosportmagazin.md\/ro\/wp-json\/wp\/v2\/product_cat?post=313165"},{"taxonomy":"product_tag","embeddable":true,"href":"https:\/\/dev.prosportmagazin.md\/ro\/wp-json\/wp\/v2\/product_tag?post=313165"}],"curies":[{"name":"wp","href":"https:\/\/api.w.org\/{rel}","templated":true}]}}