{"id":313702,"date":"2026-02-13T11:20:31","date_gmt":"2026-02-13T08:20:31","guid":{"rendered":"https:\/\/prosport.md\/?post_type=product&#038;p=313702"},"modified":"2026-02-21T09:12:26","modified_gmt":"2026-02-21T07:12:26","slug":"bute-puma-future-8-ultimate-fg-10838001","status":"publish","type":"product","link":"https:\/\/dev.prosportmagazin.md\/ro\/product\/bute-puma-future-8-ultimate-fg-10838001\/","title":{"rendered":"Bute Puma Future 8 Ultimate FG (10838001)"},"content":{"rendered":"<p><br \/>\nTe consideri un creator de jocuri? \u00cencal\u021b\u0103 ghetele de fotbal Puma FUTURE 8 Ultimate din colec\u021bia Unlimited Pack \u0219i dezl\u0103n\u021buie-\u021bi creativitatea! Aceste ghete de fotbal au o parte superioar\u0103 flexibil\u0103 din LYCRA\u00ae, care \u00ee\u021bi va oferi un control mai bun asupra mingii. Noua talp\u0103 exterioar\u0103 FLEXGILITY sus\u021bine mi\u0219carea agil\u0103. Datorit\u0103 sistemului adaptabil de \u00een\u0219ireturi, ai de ales s\u0103 joci cu sau f\u0103r\u0103 \u0219ireturi. Puma FUTURE 8 Ultimate \u00ee\u021bi ofer\u0103 tot ce ai nevoie pentru a performa la maximum.<\/p>\n<p>Caracteristici:<br \/>\n&#8211; ranforsarea specific\u0103 a fe\u021bei PWRTAPE asigur\u0103 o stabilitate mai bun\u0103, cresc\u00e2nd \u00een acela\u0219i timp durabilitatea pantofului<br \/>\n&#8211; partea superioar\u0103 din LYCRA\u00ae extrem de elastic\u0103 pentru o potrivire flexibil\u0103 \u0219i sus\u021binere \u00een timpul mi\u0219c\u0103rii<br \/>\n&#8211; tehnologia Fuzionpods de pe partea superioar\u0103 protejeaz\u0103 piciorul f\u0103r\u0103 a restric\u021biona libertatea de mi\u0219care<br \/>\n&#8211; tratamentul de suprafa\u021b\u0103 GripControl Pro de pe partea superioar\u0103 asigur\u0103 un control mai bun al mingii<br \/>\n&#8211; talpa exterioar\u0103 FLEXGILITY a fost conceput\u0103 pentru schimb\u0103ri rapide de direc\u021bie \u0219i mi\u0219c\u0103ri explozive la 360 de grade<br \/>\n&#8211; talpa FG este conceput\u0103 pentru suprafe\u021be naturale ferme<br \/>\n&#8211; con\u021bine cel pu\u021bin 20% materiale reciclate<br \/>\n<\/p>","protected":false},"excerpt":{"rendered":"<p>MODEL PROFESIONAL<\/p>\n","protected":false},"featured_media":313708,"template":"","meta":[],"product_brand":[],"product_cat":[3086,2192,2765,1301],"product_tag":[292],"class_list":{"0":"post-313702","1":"product","2":"type-product","3":"status-publish","4":"has-post-thumbnail","6":"product_cat-big-sale-40","7":"product_cat-toate-incaltaminte-barbati","8":"product_cat-toata-incaltamintea-copii","9":"product_cat-bute","10":"product_tag-292","11":"pa_etichete-2508","12":"pa_suprafata-fg-firm-ground","14":"first","15":"instock","16":"sale","17":"purchasable","18":"product-type-variable"},"wcpa_form_fields":null,"_links":{"self":[{"href":"https:\/\/dev.prosportmagazin.md\/ro\/wp-json\/wp\/v2\/product\/313702","targetHints":{"allow":["GET"]}}],"collection":[{"href":"https:\/\/dev.prosportmagazin.md\/ro\/wp-json\/wp\/v2\/product"}],"about":[{"href":"https:\/\/dev.prosportmagazin.md\/ro\/wp-json\/wp\/v2\/types\/product"}],"wp:featuredmedia":[{"embeddable":true,"href":"https:\/\/dev.prosportmagazin.md\/ro\/wp-json\/wp\/v2\/media\/313708"}],"wp:attachment":[{"href":"https:\/\/dev.prosportmagazin.md\/ro\/wp-json\/wp\/v2\/media?parent=313702"}],"wp:term":[{"taxonomy":"product_brand","embeddable":true,"href":"https:\/\/dev.prosportmagazin.md\/ro\/wp-json\/wp\/v2\/product_brand?post=313702"},{"taxonomy":"product_cat","embeddable":true,"href":"https:\/\/dev.prosportmagazin.md\/ro\/wp-json\/wp\/v2\/product_cat?post=313702"},{"taxonomy":"product_tag","embeddable":true,"href":"https:\/\/dev.prosportmagazin.md\/ro\/wp-json\/wp\/v2\/product_tag?post=313702"}],"curies":[{"name":"wp","href":"https:\/\/api.w.org\/{rel}","templated":true}]}}